{"id":4538,"date":"2026-01-08T18:00:37","date_gmt":"2026-01-08T17:00:37","guid":{"rendered":"https:\/\/ripossiens.fr\/?page_id=4538"},"modified":"2026-01-08T19:16:42","modified_gmt":"2026-01-08T18:16:42","slug":"accueil","status":"publish","type":"page","link":"https:\/\/ripossiens.fr\/index.php\/accueil\/","title":{"rendered":"Accueil"},"content":{"rendered":"\n<div class=\"wp-block-media-text is-stacked-on-mobile\" style=\"grid-template-columns:15% auto\"><figure class=\"wp-block-media-text__media\"><img decoding=\"async\" width=\"150\" height=\"150\" src=\"https:\/\/ripossiens.fr\/wp-content\/uploads\/2024\/05\/cropped-cropped-Logo-Amicale-HD-1-e1767889976747.jpg\" alt=\"\" class=\"wp-image-3534 size-full\"\/><\/figure><div class=\"wp-block-media-text__content\">\n<p class=\"has-text-align-center has-large-font-size\"><strong>Bienvenue sur le site de l&rsquo;Amicale La\u00efque Les Ripossiens!<\/strong><\/p>\n<\/div><\/div>\n\n\n<ul class=\"wp-block-latest-posts__list wp-block-latest-posts\"><li><a class=\"wp-block-latest-posts__post-title\" href=\"https:\/\/ripossiens.fr\/index.php\/2026\/03\/17\/12-avril-le-vide-grenier-des-ripossiens\/\">12 avril : Le vide-grenier des Ripossiens<\/a><div class=\"wp-block-latest-posts__post-full-content\"><!-- wp:image {\"id\":4599,\"sizeSlug\":\"full\",\"linkDestination\":\"none\"} -->\n<figure class=\"wp-block-image size-full\"><img fetchpriority=\"high\" decoding=\"async\" width=\"452\" height=\"641\" src=\"https:\/\/ripossiens.fr\/wp-content\/uploads\/2026\/03\/Capture-decran-2026-03-17-112822.jpg\" alt=\"\" class=\"wp-image-4599\" srcset=\"https:\/\/ripossiens.fr\/wp-content\/uploads\/2026\/03\/Capture-decran-2026-03-17-112822.jpg 452w, https:\/\/ripossiens.fr\/wp-content\/uploads\/2026\/03\/Capture-decran-2026-03-17-112822-212x300.jpg 212w\" sizes=\"(max-width: 452px) 85vw, 452px\" \/><\/figure>\n<!-- \/wp:image -->\n\n<!-- wp:paragraph -->\n<p>Le vide-grenier se tiendra le 12 avril prochain, il sera ouvert aux visiteurs de 9h \u00e0 17h. Il aura lieu rue de la Ripossi\u00e8re. Venez d\u00e9couvrir les beaux objets du quartier!<\/p>\n<!-- \/wp:paragraph -->\n\n<!-- wp:paragraph -->\n<p>Pour r\u00e9server un emplacement, rendez-vous sur le site helloasso: <a href=\"https:\/\/www.helloasso.com\/associations\/les-ripossiens\/boutiques\/vide-grenier-de-l-amicale-laique-les-ripossiens-le-12-avril-2026\">https:\/\/www.helloasso.com\/associations\/les-ripossiens\/boutiques\/vide-grenier-de-l-amicale-laique-les-ripossiens-le-12-avril-2026<\/a><\/p>\n<!-- \/wp:paragraph --><\/div><\/li>\n<li><a class=\"wp-block-latest-posts__post-title\" href=\"https:\/\/ripossiens.fr\/index.php\/2026\/01\/19\/soiree-quiz-au-ripaillon-ce-vendredi-23-janvier-2026\/\">Soir\u00e9e Quiz au Ripaillon ce vendredi 23 janvier 2026<\/a><div class=\"wp-block-latest-posts__post-full-content\"><!-- wp:image {\"id\":4589,\"sizeSlug\":\"full\",\"linkDestination\":\"none\"} -->\n<figure class=\"wp-block-image size-full\"><img decoding=\"async\" width=\"608\" height=\"763\" src=\"https:\/\/ripossiens.fr\/wp-content\/uploads\/2026\/01\/image-soiree-quiz.png\" alt=\"\" class=\"wp-image-4589\" srcset=\"https:\/\/ripossiens.fr\/wp-content\/uploads\/2026\/01\/image-soiree-quiz.png 608w, https:\/\/ripossiens.fr\/wp-content\/uploads\/2026\/01\/image-soiree-quiz-239x300.png 239w\" sizes=\"(max-width: 608px) 85vw, 608px\" \/><\/figure>\n<!-- \/wp:image --><\/div><\/li>\n<li><a class=\"wp-block-latest-posts__post-title\" href=\"https:\/\/ripossiens.fr\/index.php\/2026\/01\/08\/soiree-jeux-vendredi-9-janvier-2026\/\">Soir\u00e9e Jeux vendredi 9 janvier 2026!<\/a><div class=\"wp-block-latest-posts__post-full-content\"><!-- wp:image {\"id\":4552,\"sizeSlug\":\"large\",\"linkDestination\":\"none\"} -->\n<figure class=\"wp-block-image size-large\"><img loading=\"lazy\" decoding=\"async\" width=\"819\" height=\"1024\" src=\"https:\/\/ripossiens.fr\/wp-content\/uploads\/2026\/01\/Soiree-Jeux-9-janvier-819x1024.jpeg\" alt=\"\" class=\"wp-image-4552\" srcset=\"https:\/\/ripossiens.fr\/wp-content\/uploads\/2026\/01\/Soiree-Jeux-9-janvier-819x1024.jpeg 819w, https:\/\/ripossiens.fr\/wp-content\/uploads\/2026\/01\/Soiree-Jeux-9-janvier-240x300.jpeg 240w, https:\/\/ripossiens.fr\/wp-content\/uploads\/2026\/01\/Soiree-Jeux-9-janvier-768x960.jpeg 768w, https:\/\/ripossiens.fr\/wp-content\/uploads\/2026\/01\/Soiree-Jeux-9-janvier.jpeg 1080w\" sizes=\"(max-width: 819px) 85vw, 819px\" \/><\/figure>\n<!-- \/wp:image --><\/div><\/li>\n<li><a class=\"wp-block-latest-posts__post-title\" href=\"https:\/\/ripossiens.fr\/index.php\/2026\/01\/08\/bonne-annee-2026\/\">Bonne ann\u00e9e 2026!<\/a><div class=\"wp-block-latest-posts__post-full-content\"><!-- wp:media-text {\"mediaId\":4545,\"mediaLink\":\"https:\/\/ripossiens.fr\/?attachment_id=4545\",\"mediaType\":\"image\",\"mediaWidth\":25,\"imageFill\":false} -->\n<div class=\"wp-block-media-text is-stacked-on-mobile\" style=\"grid-template-columns:25% auto\"><figure class=\"wp-block-media-text__media\"><img loading=\"lazy\" decoding=\"async\" width=\"320\" height=\"180\" src=\"https:\/\/ripossiens.fr\/wp-content\/uploads\/2026\/01\/Bonne-annee-2026.gif\" alt=\"\" class=\"wp-image-4545 size-full\" \/><\/figure><div class=\"wp-block-media-text__content\"><!-- wp:paragraph {\"align\":\"center\",\"placeholder\":\"Contenu\u2026\"} -->\n<p class=\"has-text-align-center\">Toute l&rsquo;\u00e9quipe de l&rsquo;Amicale vous souhaite une sympathique ann\u00e9e 2026!<\/p>\n<!-- \/wp:paragraph --><\/div><\/div>\n<!-- \/wp:media-text --><\/div><\/li>\n<li><a class=\"wp-block-latest-posts__post-title\" href=\"https:\/\/ripossiens.fr\/index.php\/2024\/06\/06\/lire-et-faire-lire-nantes-sud\/\">\u00ab\u00a0Lire et Faire Lire\u00a0\u00bb : Une initiative interg\u00e9n\u00e9rationnelle au c\u0153ur de Nantes Sud<\/a><div class=\"wp-block-latest-posts__post-full-content\"><img loading=\"lazy\" decoding=\"async\" width=\"211\" height=\"187\" src=\"https:\/\/ripossiens.fr\/wp-content\/uploads\/2024\/06\/Logo_Lire_et_Faire_Lire.png\" alt=\"\" \/>\t\t\t\t\t\t\t\t\t\t\t\t\t\n\t\t<p>L&rsquo;Amicale La\u00efque Les Ripossiens est fi\u00e8re de mettre en lumi\u00e8re l&rsquo;action \u00ab\u00a0Lire et Faire Lire\u00a0\u00bb. Ce programme national est port\u00e9 conjointement par la Ligue de l&rsquo;enseignement et l&rsquo;Union Nationale des Associations Familiales (UNAF).<\/p><p>Cette initiative vise \u00e0 renforcer les liens interg\u00e9n\u00e9rationnels et \u00e0 partager le plaisir de la lecture avec les plus jeunes. Gr\u00e2ce \u00e0 l&rsquo;engagement de notre groupe de b\u00e9n\u00e9voles, ce beau projet a trouv\u00e9 sa place au sein du quartier Nantes Sud.<\/p>\t\t\n\t\t\t<h2>Un projet \u00e9ducatif et interg\u00e9n\u00e9rationnel<\/h2>\t\t\n\t\t<p>Depuis son lancement, \u00ab\u00a0Lire et Faire Lire\u00a0\u00bb a su captiver l&rsquo;attention des enfants de l&rsquo;\u00e9cole maternelle Sarah Bernhardt. Chaque semaine, les enseignants de l&rsquo;\u00e9cole accueillent chaleureusement des b\u00e9n\u00e9voles de plus de 50 ans, qui viennent lire des histoires \u00e0 de petits groupes de 2 \u00e0 6 enfants. Ces moments privil\u00e9gi\u00e9s se d\u00e9roulent pendant le temps scolaire, avec des lectures soigneusement choisies en coh\u00e9rence avec le projet p\u00e9dagogique de l&rsquo;\u00e9cole, et toujours sous la responsabilit\u00e9 des enseignants.<\/p>\t\t\n\t\t\t<h2>Notre ambition pour l&rsquo;avenir<\/h2>\t\t\n\t\t<p>Notre objectif est d&rsquo;\u00e9tendre cette initiative \u00e0 d&rsquo;autres structures \u00e9ducatives du quartier Nantes Sud. Nous croyons fermement que la lecture est un vecteur puissant de lien social et d&rsquo;\u00e9panouissement pour les enfants, tout en offrant aux b\u00e9n\u00e9voles une opportunit\u00e9 enrichissante de partager leur amour des livres et de contribuer \u00e0 l&rsquo;\u00e9ducation des plus jeunes.<\/p>\t\t\n\t\t\t\/*! elementor &#8211; v3.21.0 &#8211; 26-05-2024 *\/\n.elementor-widget-image-carousel .swiper,.elementor-widget-image-carousel .swiper-container{position:static}.elementor-widget-image-carousel .swiper-container .swiper-slide figure,.elementor-widget-image-carousel .swiper .swiper-slide figure{line-height:inherit}.elementor-widget-image-carousel .swiper-slide{text-align:center}.elementor-image-carousel-wrapper:not(.swiper-container-initialized):not(.swiper-initialized) .swiper-slide{max-width:calc(100% \/ var(&#8211;e-image-carousel-slides-to-show, 3))}\t\t\n\t\t\t\t\t\t\t\t<figure><img decoding=\"async\" src=\"https:\/\/ripossiens.fr\/wp-content\/uploads\/2024\/06\/Lire-et-faire-lire-amicale-Ripossiens-300x201.jpg\" alt=\"Lire et Faire lire Amicale Ripossiens\" \/><\/figure><figure><img decoding=\"async\" src=\"https:\/\/ripossiens.fr\/wp-content\/uploads\/2024\/06\/Lire-et-Faire-lire-amicale-Ripossiens_-300x201.jpg\" alt=\"Lire et Faire Lire Benevole Nantes Sud\" \/><\/figure><figure><img decoding=\"async\" src=\"https:\/\/ripossiens.fr\/wp-content\/uploads\/2024\/06\/Lire-et-Faire-lire-Nantes-sud-300x201.jpg\" alt=\"Nantes Sud Lire et Faire lire\" \/><\/figure><figure><img decoding=\"async\" src=\"https:\/\/ripossiens.fr\/wp-content\/uploads\/2024\/06\/Lire-et-Faire-lire-Nantes-sud_-300x201.jpg\" alt=\"Amicale Ripossiens Lire et Faire lire\" \/><\/figure>\t\t\t\n\t\t\t<h2>Rejoignez-nous !<\/h2>\t\t\n\t\t<p>Si vous \u00eates passionn\u00e9.e par la lecture et que vous souhaitez faire partie de cette aventure humaine et \u00e9ducative, nous vous invitons \u00e0 rejoindre notre \u00e9quipe de b\u00e9n\u00e9voles pour la rentr\u00e9e prochaine. Les s\u00e9ances de lecture d\u00e9buteront en octobre. Pour plus d&rsquo;informations, n&rsquo;h\u00e9sitez pas \u00e0 nous contacter \u00e0 l&rsquo;adresse suivante : <a rel=\"noreferrer\">secretairelesripossiens@gmail.com<\/a><\/p><p>Pour en savoir plus sur l&rsquo;association Lire et faire lire, rendez-vous sur le site de <a href=\"https:\/\/www.lireetfairelire.org\/\" target=\"_blank\" rel=\"noopener\">Lire et faire lire<\/a><\/p><p>Ensemble, faisons vivre la magie des livres et cr\u00e9ons des souvenirs pr\u00e9cieux pour les enfants de notre quartier.<\/p><\/div><\/li>\n<\/ul>\n\n\n<p><\/p>\n","protected":false},"excerpt":{"rendered":"<p>Bienvenue sur le site de l&rsquo;Amicale La\u00efque Les Ripossiens!<\/p>\n","protected":false},"author":1,"featured_media":0,"parent":0,"menu_order":0,"comment_status":"closed","ping_status":"closed","template":"","meta":{"footnotes":""},"class_list":["post-4538","page","type-page","status-publish","hentry"],"yoast_head":"<!-- This site is optimized with the Yoast SEO plugin v26.7 - https:\/\/yoast.com\/wordpress\/plugins\/seo\/ -->\n<title>Accueil - Les Ripossiens<\/title>\n<meta name=\"robots\" content=\"index, follow, max-snippet:-1, max-image-preview:large, max-video-preview:-1\" \/>\n<link rel=\"canonical\" href=\"https:\/\/ripossiens.fr\/index.php\/accueil\/\" \/>\n<meta property=\"og:locale\" content=\"fr_FR\" \/>\n<meta property=\"og:type\" content=\"article\" \/>\n<meta property=\"og:title\" content=\"Accueil - Les Ripossiens\" \/>\n<meta property=\"og:description\" content=\"Bienvenue sur le site de l&rsquo;Amicale La\u00efque Les Ripossiens!\" \/>\n<meta property=\"og:url\" content=\"https:\/\/ripossiens.fr\/index.php\/accueil\/\" \/>\n<meta property=\"og:site_name\" content=\"Les Ripossiens\" \/>\n<meta property=\"article:publisher\" content=\"https:\/\/www.facebook.com\/Ripossiens\/?locale=fr_FR\" \/>\n<meta property=\"article:modified_time\" content=\"2026-01-08T18:16:42+00:00\" \/>\n<meta property=\"og:image\" content=\"https:\/\/ripossiens.fr\/wp-content\/uploads\/2024\/05\/cropped-cropped-Logo-Amicale-HD-1-e1767889976747.jpg\" \/>\n\t<meta property=\"og:image:width\" content=\"150\" \/>\n\t<meta property=\"og:image:height\" content=\"150\" \/>\n\t<meta property=\"og:image:type\" content=\"image\/jpeg\" \/>\n<meta name=\"twitter:card\" content=\"summary_large_image\" \/>\n<meta name=\"twitter:label1\" content=\"Dur\u00e9e de lecture estim\u00e9e\" \/>\n\t<meta name=\"twitter:data1\" content=\"1 minute\" \/>\n<script type=\"application\/ld+json\" class=\"yoast-schema-graph\">{\"@context\":\"https:\/\/schema.org\",\"@graph\":[{\"@type\":\"WebPage\",\"@id\":\"https:\/\/ripossiens.fr\/index.php\/accueil\/\",\"url\":\"https:\/\/ripossiens.fr\/index.php\/accueil\/\",\"name\":\"Accueil - Les Ripossiens\",\"isPartOf\":{\"@id\":\"https:\/\/ripossiens.fr\/#website\"},\"primaryImageOfPage\":{\"@id\":\"https:\/\/ripossiens.fr\/index.php\/accueil\/#primaryimage\"},\"image\":{\"@id\":\"https:\/\/ripossiens.fr\/index.php\/accueil\/#primaryimage\"},\"thumbnailUrl\":\"https:\/\/ripossiens.fr\/wp-content\/uploads\/2024\/05\/cropped-cropped-Logo-Amicale-HD-1-e1767889976747.jpg\",\"datePublished\":\"2026-01-08T17:00:37+00:00\",\"dateModified\":\"2026-01-08T18:16:42+00:00\",\"breadcrumb\":{\"@id\":\"https:\/\/ripossiens.fr\/index.php\/accueil\/#breadcrumb\"},\"inLanguage\":\"fr-FR\",\"potentialAction\":[{\"@type\":\"ReadAction\",\"target\":[\"https:\/\/ripossiens.fr\/index.php\/accueil\/\"]}]},{\"@type\":\"ImageObject\",\"inLanguage\":\"fr-FR\",\"@id\":\"https:\/\/ripossiens.fr\/index.php\/accueil\/#primaryimage\",\"url\":\"https:\/\/ripossiens.fr\/wp-content\/uploads\/2024\/05\/cropped-cropped-Logo-Amicale-HD-1-e1767889976747.jpg\",\"contentUrl\":\"https:\/\/ripossiens.fr\/wp-content\/uploads\/2024\/05\/cropped-cropped-Logo-Amicale-HD-1-e1767889976747.jpg\",\"width\":150,\"height\":150},{\"@type\":\"BreadcrumbList\",\"@id\":\"https:\/\/ripossiens.fr\/index.php\/accueil\/#breadcrumb\",\"itemListElement\":[{\"@type\":\"ListItem\",\"position\":1,\"name\":\"Accueil\",\"item\":\"https:\/\/ripossiens.fr\/\"},{\"@type\":\"ListItem\",\"position\":2,\"name\":\"Accueil\"}]},{\"@type\":\"WebSite\",\"@id\":\"https:\/\/ripossiens.fr\/#website\",\"url\":\"https:\/\/ripossiens.fr\/\",\"name\":\"Les Ripossiens\",\"description\":\"Amicale la\u00efque - Nantes Sud\",\"publisher\":{\"@id\":\"https:\/\/ripossiens.fr\/#organization\"},\"potentialAction\":[{\"@type\":\"SearchAction\",\"target\":{\"@type\":\"EntryPoint\",\"urlTemplate\":\"https:\/\/ripossiens.fr\/?s={search_term_string}\"},\"query-input\":{\"@type\":\"PropertyValueSpecification\",\"valueRequired\":true,\"valueName\":\"search_term_string\"}}],\"inLanguage\":\"fr-FR\"},{\"@type\":\"Organization\",\"@id\":\"https:\/\/ripossiens.fr\/#organization\",\"name\":\"Amicale La\u00efque Les Ripossiens\",\"url\":\"https:\/\/ripossiens.fr\/\",\"logo\":{\"@type\":\"ImageObject\",\"inLanguage\":\"fr-FR\",\"@id\":\"https:\/\/ripossiens.fr\/#\/schema\/logo\/image\/\",\"url\":\"https:\/\/ripossiens.fr\/wp-content\/uploads\/2024\/05\/Logo-Amicale-HD.jpg\",\"contentUrl\":\"https:\/\/ripossiens.fr\/wp-content\/uploads\/2024\/05\/Logo-Amicale-HD.jpg\",\"width\":1000,\"height\":915,\"caption\":\"Amicale La\u00efque Les Ripossiens\"},\"image\":{\"@id\":\"https:\/\/ripossiens.fr\/#\/schema\/logo\/image\/\"},\"sameAs\":[\"https:\/\/www.facebook.com\/Ripossiens\/?locale=fr_FR\"]}]}<\/script>\n<!-- \/ Yoast SEO plugin. -->","yoast_head_json":{"title":"Accueil - Les Ripossiens","robots":{"index":"index","follow":"follow","max-snippet":"max-snippet:-1","max-image-preview":"max-image-preview:large","max-video-preview":"max-video-preview:-1"},"canonical":"https:\/\/ripossiens.fr\/index.php\/accueil\/","og_locale":"fr_FR","og_type":"article","og_title":"Accueil - Les Ripossiens","og_description":"Bienvenue sur le site de l&rsquo;Amicale La\u00efque Les Ripossiens!","og_url":"https:\/\/ripossiens.fr\/index.php\/accueil\/","og_site_name":"Les Ripossiens","article_publisher":"https:\/\/www.facebook.com\/Ripossiens\/?locale=fr_FR","article_modified_time":"2026-01-08T18:16:42+00:00","og_image":[{"width":150,"height":150,"url":"https:\/\/ripossiens.fr\/wp-content\/uploads\/2024\/05\/cropped-cropped-Logo-Amicale-HD-1-e1767889976747.jpg","type":"image\/jpeg"}],"twitter_card":"summary_large_image","twitter_misc":{"Dur\u00e9e de lecture estim\u00e9e":"1 minute"},"schema":{"@context":"https:\/\/schema.org","@graph":[{"@type":"WebPage","@id":"https:\/\/ripossiens.fr\/index.php\/accueil\/","url":"https:\/\/ripossiens.fr\/index.php\/accueil\/","name":"Accueil - Les Ripossiens","isPartOf":{"@id":"https:\/\/ripossiens.fr\/#website"},"primaryImageOfPage":{"@id":"https:\/\/ripossiens.fr\/index.php\/accueil\/#primaryimage"},"image":{"@id":"https:\/\/ripossiens.fr\/index.php\/accueil\/#primaryimage"},"thumbnailUrl":"https:\/\/ripossiens.fr\/wp-content\/uploads\/2024\/05\/cropped-cropped-Logo-Amicale-HD-1-e1767889976747.jpg","datePublished":"2026-01-08T17:00:37+00:00","dateModified":"2026-01-08T18:16:42+00:00","breadcrumb":{"@id":"https:\/\/ripossiens.fr\/index.php\/accueil\/#breadcrumb"},"inLanguage":"fr-FR","potentialAction":[{"@type":"ReadAction","target":["https:\/\/ripossiens.fr\/index.php\/accueil\/"]}]},{"@type":"ImageObject","inLanguage":"fr-FR","@id":"https:\/\/ripossiens.fr\/index.php\/accueil\/#primaryimage","url":"https:\/\/ripossiens.fr\/wp-content\/uploads\/2024\/05\/cropped-cropped-Logo-Amicale-HD-1-e1767889976747.jpg","contentUrl":"https:\/\/ripossiens.fr\/wp-content\/uploads\/2024\/05\/cropped-cropped-Logo-Amicale-HD-1-e1767889976747.jpg","width":150,"height":150},{"@type":"BreadcrumbList","@id":"https:\/\/ripossiens.fr\/index.php\/accueil\/#breadcrumb","itemListElement":[{"@type":"ListItem","position":1,"name":"Accueil","item":"https:\/\/ripossiens.fr\/"},{"@type":"ListItem","position":2,"name":"Accueil"}]},{"@type":"WebSite","@id":"https:\/\/ripossiens.fr\/#website","url":"https:\/\/ripossiens.fr\/","name":"Les Ripossiens","description":"Amicale la\u00efque - Nantes Sud","publisher":{"@id":"https:\/\/ripossiens.fr\/#organization"},"potentialAction":[{"@type":"SearchAction","target":{"@type":"EntryPoint","urlTemplate":"https:\/\/ripossiens.fr\/?s={search_term_string}"},"query-input":{"@type":"PropertyValueSpecification","valueRequired":true,"valueName":"search_term_string"}}],"inLanguage":"fr-FR"},{"@type":"Organization","@id":"https:\/\/ripossiens.fr\/#organization","name":"Amicale La\u00efque Les Ripossiens","url":"https:\/\/ripossiens.fr\/","logo":{"@type":"ImageObject","inLanguage":"fr-FR","@id":"https:\/\/ripossiens.fr\/#\/schema\/logo\/image\/","url":"https:\/\/ripossiens.fr\/wp-content\/uploads\/2024\/05\/Logo-Amicale-HD.jpg","contentUrl":"https:\/\/ripossiens.fr\/wp-content\/uploads\/2024\/05\/Logo-Amicale-HD.jpg","width":1000,"height":915,"caption":"Amicale La\u00efque Les Ripossiens"},"image":{"@id":"https:\/\/ripossiens.fr\/#\/schema\/logo\/image\/"},"sameAs":["https:\/\/www.facebook.com\/Ripossiens\/?locale=fr_FR"]}]}},"_links":{"self":[{"href":"https:\/\/ripossiens.fr\/index.php\/wp-json\/wp\/v2\/pages\/4538","targetHints":{"allow":["GET"]}}],"collection":[{"href":"https:\/\/ripossiens.fr\/index.php\/wp-json\/wp\/v2\/pages"}],"about":[{"href":"https:\/\/ripossiens.fr\/index.php\/wp-json\/wp\/v2\/types\/page"}],"author":[{"embeddable":true,"href":"https:\/\/ripossiens.fr\/index.php\/wp-json\/wp\/v2\/users\/1"}],"replies":[{"embeddable":true,"href":"https:\/\/ripossiens.fr\/index.php\/wp-json\/wp\/v2\/comments?post=4538"}],"version-history":[{"count":4,"href":"https:\/\/ripossiens.fr\/index.php\/wp-json\/wp\/v2\/pages\/4538\/revisions"}],"predecessor-version":[{"id":4581,"href":"https:\/\/ripossiens.fr\/index.php\/wp-json\/wp\/v2\/pages\/4538\/revisions\/4581"}],"wp:attachment":[{"href":"https:\/\/ripossiens.fr\/index.php\/wp-json\/wp\/v2\/media?parent=4538"}],"curies":[{"name":"wp","href":"https:\/\/api.w.org\/{rel}","templated":true}]}}