{"id":4429,"date":"2025-06-17T19:10:46","date_gmt":"2025-06-17T17:10:46","guid":{"rendered":"https:\/\/ripossiens.fr\/?page_id=4429"},"modified":"2026-01-08T18:38:46","modified_gmt":"2026-01-08T17:38:46","slug":"theatre-dimpro","status":"publish","type":"page","link":"https:\/\/ripossiens.fr\/index.php\/activites\/theatre-dimpro\/","title":{"rendered":"Th\u00e9\u00e2tre d&rsquo;impro"},"content":{"rendered":"\t\t<div data-elementor-type=\"wp-page\" data-elementor-id=\"4429\" class=\"elementor elementor-4429\">\n\t\t\t\t\t\t<section class=\"elementor-section elementor-top-section elementor-element elementor-element-932b382 elementor-section-boxed elementor-section-height-default elementor-section-height-default\" data-id=\"932b382\" data-element_type=\"section\">\n\t\t\t\t\t\t<div class=\"elementor-container elementor-column-gap-default\">\n\t\t\t\t\t<div class=\"elementor-column elementor-col-100 elementor-top-column elementor-element elementor-element-97e3935\" data-id=\"97e3935\" data-element_type=\"column\">\n\t\t\t<div class=\"elementor-widget-wrap elementor-element-populated\">\n\t\t\t\t\t\t<div class=\"elementor-element elementor-element-ced8e2b elementor-widget elementor-widget-image\" data-id=\"ced8e2b\" data-element_type=\"widget\" data-widget_type=\"image.default\">\n\t\t\t\t<div class=\"elementor-widget-container\">\n\t\t\t\t\t\t\t\t\t\t\t\t\t\t\t<img decoding=\"async\" src=\"https:\/\/ripossiens.fr\/wp-content\/uploads\/2023\/06\/Theatre.jpg\" title=\"Theatre d&rsquo;impro Adultes Ripossiens Nantes Sud\" alt=\"Theatre d&#039;impro Adultes Ripossiens Nantes Sud\" loading=\"lazy\" \/>\t\t\t\t\t\t\t\t\t\t\t\t\t\t\t<\/div>\n\t\t\t\t<\/div>\n\t\t\t\t\t<\/div>\n\t\t<\/div>\n\t\t\t\t\t<\/div>\n\t\t<\/section>\n\t\t\t\t<section class=\"elementor-section elementor-top-section elementor-element elementor-element-f9bab24 elementor-section-boxed elementor-section-height-default elementor-section-height-default\" data-id=\"f9bab24\" data-element_type=\"section\">\n\t\t\t\t\t\t<div class=\"elementor-container elementor-column-gap-default\">\n\t\t\t\t\t<div class=\"elementor-column elementor-col-100 elementor-top-column elementor-element elementor-element-ee752ae\" data-id=\"ee752ae\" data-element_type=\"column\">\n\t\t\t<div class=\"elementor-widget-wrap elementor-element-populated\">\n\t\t\t\t\t\t<div class=\"elementor-element elementor-element-305211a elementor-widget elementor-widget-heading\" data-id=\"305211a\" data-element_type=\"widget\" data-widget_type=\"heading.default\">\n\t\t\t\t<div class=\"elementor-widget-container\">\n\t\t\t\t\t<h2 class=\"elementor-heading-title elementor-size-default\">Description de l'activit\u00e9<\/h2>\t\t\t\t<\/div>\n\t\t\t\t<\/div>\n\t\t\t\t<div class=\"elementor-element elementor-element-f1c88a5 elementor-widget elementor-widget-text-editor\" data-id=\"f1c88a5\" data-element_type=\"widget\" data-widget_type=\"text-editor.default\">\n\t\t\t\t<div class=\"elementor-widget-container\">\n\t\t\t\t\t\t\t\t\t<p>D\u00e9couvrez l\u2019improvisation th\u00e9\u00e2trale ! Une activit\u00e9 ludique, qui donne la p\u00eache et qui vous permettra d\u2019exprimer votre cr\u00e9ativit\u00e9, de gagner de la confiance en vous et en votre expression publique. Entre rire et plaisir, du plus timide au plus extraverti, le cours est ouvert et adapt\u00e9 \u00e0 tous.<\/p><p>Gr\u00e2ce \u00e0 des exercices simples et ludiques, tu inventeras des personnages, des situations et des histoires amusantes. C\u2019est un bouillonnement d\u2019\u00e9nergie et de cr\u00e9ativit\u00e9. L\u2019atelier est ouvert \u00e0 tous les d\u00e9butants qui veulent s\u2019amuser et jouer la com\u00e9die.<\/p><p>Les cours vont progressivement t\u2019apporter les r\u00e9flexes suivants :<\/p><ul><li style=\"list-style-type: none;\"><ul><li>Exploiter ton imaginaire<\/li><li>Inventer des histoires amusantes<\/li><li>D\u00e9couvrir l\u2019esprit d\u2019\u00e9quipe<\/li><li>D\u00e9velopper la confiance en toi<\/li><li>Apprendre \u00e0 jouer des personnages<\/li><li>Am\u00e9liorer ta prise de parole en public<\/li><li>Am\u00e9liorer ton sens de l\u2019\u00e9coute<\/li><\/ul><\/li><\/ul>\t\t\t\t\t\t\t\t<\/div>\n\t\t\t\t<\/div>\n\t\t\t\t<div class=\"elementor-element elementor-element-bce9e13 elementor-widget elementor-widget-heading\" data-id=\"bce9e13\" data-element_type=\"widget\" data-widget_type=\"heading.default\">\n\t\t\t\t<div class=\"elementor-widget-container\">\n\t\t\t\t\t<h2 class=\"elementor-heading-title elementor-size-default\">Intervenant : Camil Massion<\/h2>\t\t\t\t<\/div>\n\t\t\t\t<\/div>\n\t\t\t\t\t<\/div>\n\t\t<\/div>\n\t\t\t\t\t<\/div>\n\t\t<\/section>\n\t\t\t\t<section class=\"elementor-section elementor-top-section elementor-element elementor-element-1a6656a elementor-section-boxed elementor-section-height-default elementor-section-height-default\" data-id=\"1a6656a\" data-element_type=\"section\">\n\t\t\t\t\t\t<div class=\"elementor-container elementor-column-gap-default\">\n\t\t\t\t\t<div class=\"elementor-column elementor-col-33 elementor-top-column elementor-element elementor-element-910ffee\" data-id=\"910ffee\" data-element_type=\"column\">\n\t\t\t<div class=\"elementor-widget-wrap elementor-element-populated\">\n\t\t\t\t\t\t<div class=\"elementor-element elementor-element-bc1796c elementor-widget elementor-widget-image\" data-id=\"bc1796c\" data-element_type=\"widget\" data-widget_type=\"image.default\">\n\t\t\t\t<div class=\"elementor-widget-container\">\n\t\t\t\t\t\t\t\t\t\t\t\t\t\t\t<img fetchpriority=\"high\" decoding=\"async\" width=\"200\" height=\"320\" src=\"https:\/\/ripossiens.fr\/wp-content\/uploads\/2025\/07\/Camil-Masson.png\" class=\"attachment-large size-large wp-image-4518\" alt=\"Intervenant th\u00e9atre d&#039;impro Ripossiens Nantes sud\" srcset=\"https:\/\/ripossiens.fr\/wp-content\/uploads\/2025\/07\/Camil-Masson.png 200w, https:\/\/ripossiens.fr\/wp-content\/uploads\/2025\/07\/Camil-Masson-188x300.png 188w\" sizes=\"(max-width: 200px) 85vw, 200px\" \/>\t\t\t\t\t\t\t\t\t\t\t\t\t\t\t<\/div>\n\t\t\t\t<\/div>\n\t\t\t\t\t<\/div>\n\t\t<\/div>\n\t\t\t\t<div class=\"elementor-column elementor-col-66 elementor-top-column elementor-element elementor-element-627c331\" data-id=\"627c331\" data-element_type=\"column\">\n\t\t\t<div class=\"elementor-widget-wrap elementor-element-populated\">\n\t\t\t\t\t\t<div class=\"elementor-element elementor-element-9bb637b elementor-widget elementor-widget-text-editor\" data-id=\"9bb637b\" data-element_type=\"widget\" data-widget_type=\"text-editor.default\">\n\t\t\t\t<div class=\"elementor-widget-container\">\n\t\t\t\t\t\t\t\t\t<p>Improvisateur chevronn\u00e9 depuis 13 ans maintenant. J\u2019ai particip\u00e9 \u00e0 la cr\u00e9ation de plusieurs troupes d\u2019improvisations dont le SLIP \u00e0 Paris (Syndicat Libre d\u2019Improvisation Parisienne).<\/p><p>Aujourd\u2019hui je me produis avec la troupe des Lutins Givr\u00e9s \u00e0 Nantes sur diff\u00e9rents concepts dans les bars et les th\u00e9\u00e2tres lig\u00e9riens.<\/p><p>Passionn\u00e9 par la transmission j\u2019ai ouvert diff\u00e9rents ateliers d\u2019improvisation pour d\u00e9butants avec des publics scolaires, adultes et entrepreneurs au cours des ann\u00e9es.<\/p>\t\t\t\t\t\t\t\t<\/div>\n\t\t\t\t<\/div>\n\t\t\t\t\t<\/div>\n\t\t<\/div>\n\t\t\t\t\t<\/div>\n\t\t<\/section>\n\t\t\t\t<section class=\"elementor-section elementor-top-section elementor-element elementor-element-a52cf77 elementor-section-boxed elementor-section-height-default elementor-section-height-default\" data-id=\"a52cf77\" data-element_type=\"section\">\n\t\t\t\t\t\t<div class=\"elementor-container elementor-column-gap-default\">\n\t\t\t\t\t<div class=\"elementor-column elementor-col-100 elementor-top-column elementor-element elementor-element-9600ed7\" data-id=\"9600ed7\" data-element_type=\"column\">\n\t\t\t<div class=\"elementor-widget-wrap elementor-element-populated\">\n\t\t\t\t\t\t<div class=\"elementor-element elementor-element-e948892 elementor-widget elementor-widget-heading\" data-id=\"e948892\" data-element_type=\"widget\" data-widget_type=\"heading.default\">\n\t\t\t\t<div class=\"elementor-widget-container\">\n\t\t\t\t\t<h2 class=\"elementor-heading-title elementor-size-default\">Horaire<\/h2>\t\t\t\t<\/div>\n\t\t\t\t<\/div>\n\t\t\t\t<div class=\"elementor-element elementor-element-80f86b3 elementor-widget elementor-widget-text-editor\" data-id=\"80f86b3\" data-element_type=\"widget\" data-widget_type=\"text-editor.default\">\n\t\t\t\t<div class=\"elementor-widget-container\">\n\t\t\t\t\t\t\t\t\t<p><strong>Mardi<\/strong> : 19h30-21h00<\/p>\t\t\t\t\t\t\t\t<\/div>\n\t\t\t\t<\/div>\n\t\t\t\t<div class=\"elementor-element elementor-element-41ba7c5 elementor-widget elementor-widget-heading\" data-id=\"41ba7c5\" data-element_type=\"widget\" data-widget_type=\"heading.default\">\n\t\t\t\t<div class=\"elementor-widget-container\">\n\t\t\t\t\t<h2 class=\"elementor-heading-title elementor-size-default\">Cotisation annuelle<\/h2>\t\t\t\t<\/div>\n\t\t\t\t<\/div>\n\t\t\t\t<div class=\"elementor-element elementor-element-62c2034 elementor-widget elementor-widget-text-editor\" data-id=\"62c2034\" data-element_type=\"widget\" data-widget_type=\"text-editor.default\">\n\t\t\t\t<div class=\"elementor-widget-container\">\n\t\t\t\t\t\t\t\t\t<p>S\u00e9ances hebdomadaires pendant les p\u00e9riodes scolaires (pas de cours pendant les vacances).<\/p><p>Adh\u00e9sion Adultes : <strong>23\u20ac<\/strong><\/p><p>Tarif activit\u00e9 :\u00a0<strong>201\u20ac<\/strong><\/p>\t\t\t\t\t\t\t\t<\/div>\n\t\t\t\t<\/div>\n\t\t\t\t<div class=\"elementor-element elementor-element-292c1c1 elementor-widget elementor-widget-heading\" data-id=\"292c1c1\" data-element_type=\"widget\" data-widget_type=\"heading.default\">\n\t\t\t\t<div class=\"elementor-widget-container\">\n\t\t\t\t\t<h2 class=\"elementor-heading-title elementor-size-default\">Lieu des s\u00e9ances<\/h2>\t\t\t\t<\/div>\n\t\t\t\t<\/div>\n\t\t\t\t<div class=\"elementor-element elementor-element-1d5dd4a elementor-widget elementor-widget-text-editor\" data-id=\"1d5dd4a\" data-element_type=\"widget\" data-widget_type=\"text-editor.default\">\n\t\t\t\t<div class=\"elementor-widget-container\">\n\t\t\t\t\t\t\t\t\t<p>\u00c9cole Alice Milliat : salle polyvalente<\/p>\t\t\t\t\t\t\t\t<\/div>\n\t\t\t\t<\/div>\n\t\t\t\t<div class=\"elementor-element elementor-element-a1ef552 elementor-align-center elementor-widget elementor-widget-button\" data-id=\"a1ef552\" data-element_type=\"widget\" data-widget_type=\"button.default\">\n\t\t\t\t<div class=\"elementor-widget-container\">\n\t\t\t\t\t\t\t\t\t<div class=\"elementor-button-wrapper\">\n\t\t\t\t\t<a class=\"elementor-button elementor-button-link elementor-size-sm\" href=\"https:\/\/www.helloasso.com\/associations\/les-ripossiens\/adhesions\/adultes-2025-2026-1\" target=\"_blank\">\n\t\t\t\t\t\t<span class=\"elementor-button-content-wrapper\">\n\t\t\t\t\t\t\t\t\t<span class=\"elementor-button-text\">Je m'inscris<\/span>\n\t\t\t\t\t<\/span>\n\t\t\t\t\t<\/a>\n\t\t\t\t<\/div>\n\t\t\t\t\t\t\t\t<\/div>\n\t\t\t\t<\/div>\n\t\t\t\t\t<\/div>\n\t\t<\/div>\n\t\t\t\t\t<\/div>\n\t\t<\/section>\n\t\t\t\t<\/div>\n\t\t","protected":false},"excerpt":{"rendered":"<p>Description de l&rsquo;activit\u00e9 D\u00e9couvrez l\u2019improvisation th\u00e9\u00e2trale ! Une activit\u00e9 ludique, qui donne la p\u00eache et qui vous permettra d\u2019exprimer votre cr\u00e9ativit\u00e9, de gagner de la confiance en vous et en votre expression publique. Entre rire et plaisir, du plus timide au plus extraverti, le cours est ouvert et adapt\u00e9 \u00e0 tous. Gr\u00e2ce \u00e0 des exercices &hellip; <a href=\"https:\/\/ripossiens.fr\/index.php\/activites\/theatre-dimpro\/\" class=\"more-link\">Continuer la lecture<span class=\"screen-reader-text\"> de &laquo;&nbsp;Th\u00e9\u00e2tre d&rsquo;impro&nbsp;&raquo;<\/span><\/a><\/p>\n","protected":false},"author":1,"featured_media":0,"parent":2088,"menu_order":0,"comment_status":"closed","ping_status":"closed","template":"","meta":{"footnotes":""},"class_list":["post-4429","page","type-page","status-publish","hentry"],"yoast_head":"<!-- This site is optimized with the Yoast SEO plugin v26.7 - https:\/\/yoast.com\/wordpress\/plugins\/seo\/ -->\n<title>Th\u00e9\u00e2tre d&#039;impro - Les Ripossiens<\/title>\n<meta name=\"robots\" content=\"index, follow, max-snippet:-1, max-image-preview:large, max-video-preview:-1\" \/>\n<link rel=\"canonical\" href=\"https:\/\/ripossiens.fr\/index.php\/activites\/theatre-dimpro\/\" \/>\n<meta property=\"og:locale\" content=\"fr_FR\" \/>\n<meta property=\"og:type\" content=\"article\" \/>\n<meta property=\"og:title\" content=\"Th\u00e9\u00e2tre d&#039;impro - Les Ripossiens\" \/>\n<meta property=\"og:description\" content=\"Description de l&rsquo;activit\u00e9 D\u00e9couvrez l\u2019improvisation th\u00e9\u00e2trale ! Une activit\u00e9 ludique, qui donne la p\u00eache et qui vous permettra d\u2019exprimer votre cr\u00e9ativit\u00e9, de gagner de la confiance en vous et en votre expression publique. Entre rire et plaisir, du plus timide au plus extraverti, le cours est ouvert et adapt\u00e9 \u00e0 tous. Gr\u00e2ce \u00e0 des exercices &hellip; Continuer la lecture de &laquo;&nbsp;Th\u00e9\u00e2tre d&rsquo;impro&nbsp;&raquo;\" \/>\n<meta property=\"og:url\" content=\"https:\/\/ripossiens.fr\/index.php\/activites\/theatre-dimpro\/\" \/>\n<meta property=\"og:site_name\" content=\"Les Ripossiens\" \/>\n<meta property=\"article:publisher\" content=\"https:\/\/www.facebook.com\/Ripossiens\/?locale=fr_FR\" \/>\n<meta property=\"article:modified_time\" content=\"2026-01-08T17:38:46+00:00\" \/>\n<meta property=\"og:image\" content=\"https:\/\/ripossiens.fr\/wp-content\/uploads\/2023\/06\/Theatre.jpg\" \/>\n<meta name=\"twitter:card\" content=\"summary_large_image\" \/>\n<meta name=\"twitter:label1\" content=\"Dur\u00e9e de lecture estim\u00e9e\" \/>\n\t<meta name=\"twitter:data1\" content=\"2 minutes\" \/>\n<script type=\"application\/ld+json\" class=\"yoast-schema-graph\">{\"@context\":\"https:\/\/schema.org\",\"@graph\":[{\"@type\":\"WebPage\",\"@id\":\"https:\/\/ripossiens.fr\/index.php\/activites\/theatre-dimpro\/\",\"url\":\"https:\/\/ripossiens.fr\/index.php\/activites\/theatre-dimpro\/\",\"name\":\"Th\u00e9\u00e2tre d'impro - Les Ripossiens\",\"isPartOf\":{\"@id\":\"https:\/\/ripossiens.fr\/#website\"},\"primaryImageOfPage\":{\"@id\":\"https:\/\/ripossiens.fr\/index.php\/activites\/theatre-dimpro\/#primaryimage\"},\"image\":{\"@id\":\"https:\/\/ripossiens.fr\/index.php\/activites\/theatre-dimpro\/#primaryimage\"},\"thumbnailUrl\":\"https:\/\/ripossiens.fr\/wp-content\/uploads\/2023\/06\/Theatre.jpg\",\"datePublished\":\"2025-06-17T17:10:46+00:00\",\"dateModified\":\"2026-01-08T17:38:46+00:00\",\"breadcrumb\":{\"@id\":\"https:\/\/ripossiens.fr\/index.php\/activites\/theatre-dimpro\/#breadcrumb\"},\"inLanguage\":\"fr-FR\",\"potentialAction\":[{\"@type\":\"ReadAction\",\"target\":[\"https:\/\/ripossiens.fr\/index.php\/activites\/theatre-dimpro\/\"]}]},{\"@type\":\"ImageObject\",\"inLanguage\":\"fr-FR\",\"@id\":\"https:\/\/ripossiens.fr\/index.php\/activites\/theatre-dimpro\/#primaryimage\",\"url\":\"https:\/\/ripossiens.fr\/wp-content\/uploads\/2023\/06\/Theatre.jpg\",\"contentUrl\":\"https:\/\/ripossiens.fr\/wp-content\/uploads\/2023\/06\/Theatre.jpg\",\"width\":1000,\"height\":501},{\"@type\":\"BreadcrumbList\",\"@id\":\"https:\/\/ripossiens.fr\/index.php\/activites\/theatre-dimpro\/#breadcrumb\",\"itemListElement\":[{\"@type\":\"ListItem\",\"position\":1,\"name\":\"Accueil\",\"item\":\"https:\/\/ripossiens.fr\/\"},{\"@type\":\"ListItem\",\"position\":2,\"name\":\"Activit\u00e9s 2025-2026\",\"item\":\"https:\/\/ripossiens.fr\/index.php\/activites\/\"},{\"@type\":\"ListItem\",\"position\":3,\"name\":\"Th\u00e9\u00e2tre d&rsquo;impro\"}]},{\"@type\":\"WebSite\",\"@id\":\"https:\/\/ripossiens.fr\/#website\",\"url\":\"https:\/\/ripossiens.fr\/\",\"name\":\"Les Ripossiens\",\"description\":\"Amicale la\u00efque - Nantes Sud\",\"publisher\":{\"@id\":\"https:\/\/ripossiens.fr\/#organization\"},\"potentialAction\":[{\"@type\":\"SearchAction\",\"target\":{\"@type\":\"EntryPoint\",\"urlTemplate\":\"https:\/\/ripossiens.fr\/?s={search_term_string}\"},\"query-input\":{\"@type\":\"PropertyValueSpecification\",\"valueRequired\":true,\"valueName\":\"search_term_string\"}}],\"inLanguage\":\"fr-FR\"},{\"@type\":\"Organization\",\"@id\":\"https:\/\/ripossiens.fr\/#organization\",\"name\":\"Amicale La\u00efque Les Ripossiens\",\"url\":\"https:\/\/ripossiens.fr\/\",\"logo\":{\"@type\":\"ImageObject\",\"inLanguage\":\"fr-FR\",\"@id\":\"https:\/\/ripossiens.fr\/#\/schema\/logo\/image\/\",\"url\":\"https:\/\/ripossiens.fr\/wp-content\/uploads\/2024\/05\/Logo-Amicale-HD.jpg\",\"contentUrl\":\"https:\/\/ripossiens.fr\/wp-content\/uploads\/2024\/05\/Logo-Amicale-HD.jpg\",\"width\":1000,\"height\":915,\"caption\":\"Amicale La\u00efque Les Ripossiens\"},\"image\":{\"@id\":\"https:\/\/ripossiens.fr\/#\/schema\/logo\/image\/\"},\"sameAs\":[\"https:\/\/www.facebook.com\/Ripossiens\/?locale=fr_FR\"]}]}<\/script>\n<!-- \/ Yoast SEO plugin. -->","yoast_head_json":{"title":"Th\u00e9\u00e2tre d'impro - Les Ripossiens","robots":{"index":"index","follow":"follow","max-snippet":"max-snippet:-1","max-image-preview":"max-image-preview:large","max-video-preview":"max-video-preview:-1"},"canonical":"https:\/\/ripossiens.fr\/index.php\/activites\/theatre-dimpro\/","og_locale":"fr_FR","og_type":"article","og_title":"Th\u00e9\u00e2tre d'impro - Les Ripossiens","og_description":"Description de l&rsquo;activit\u00e9 D\u00e9couvrez l\u2019improvisation th\u00e9\u00e2trale ! Une activit\u00e9 ludique, qui donne la p\u00eache et qui vous permettra d\u2019exprimer votre cr\u00e9ativit\u00e9, de gagner de la confiance en vous et en votre expression publique. Entre rire et plaisir, du plus timide au plus extraverti, le cours est ouvert et adapt\u00e9 \u00e0 tous. Gr\u00e2ce \u00e0 des exercices &hellip; Continuer la lecture de &laquo;&nbsp;Th\u00e9\u00e2tre d&rsquo;impro&nbsp;&raquo;","og_url":"https:\/\/ripossiens.fr\/index.php\/activites\/theatre-dimpro\/","og_site_name":"Les Ripossiens","article_publisher":"https:\/\/www.facebook.com\/Ripossiens\/?locale=fr_FR","article_modified_time":"2026-01-08T17:38:46+00:00","og_image":[{"url":"https:\/\/ripossiens.fr\/wp-content\/uploads\/2023\/06\/Theatre.jpg","type":"","width":"","height":""}],"twitter_card":"summary_large_image","twitter_misc":{"Dur\u00e9e de lecture estim\u00e9e":"2 minutes"},"schema":{"@context":"https:\/\/schema.org","@graph":[{"@type":"WebPage","@id":"https:\/\/ripossiens.fr\/index.php\/activites\/theatre-dimpro\/","url":"https:\/\/ripossiens.fr\/index.php\/activites\/theatre-dimpro\/","name":"Th\u00e9\u00e2tre d'impro - Les Ripossiens","isPartOf":{"@id":"https:\/\/ripossiens.fr\/#website"},"primaryImageOfPage":{"@id":"https:\/\/ripossiens.fr\/index.php\/activites\/theatre-dimpro\/#primaryimage"},"image":{"@id":"https:\/\/ripossiens.fr\/index.php\/activites\/theatre-dimpro\/#primaryimage"},"thumbnailUrl":"https:\/\/ripossiens.fr\/wp-content\/uploads\/2023\/06\/Theatre.jpg","datePublished":"2025-06-17T17:10:46+00:00","dateModified":"2026-01-08T17:38:46+00:00","breadcrumb":{"@id":"https:\/\/ripossiens.fr\/index.php\/activites\/theatre-dimpro\/#breadcrumb"},"inLanguage":"fr-FR","potentialAction":[{"@type":"ReadAction","target":["https:\/\/ripossiens.fr\/index.php\/activites\/theatre-dimpro\/"]}]},{"@type":"ImageObject","inLanguage":"fr-FR","@id":"https:\/\/ripossiens.fr\/index.php\/activites\/theatre-dimpro\/#primaryimage","url":"https:\/\/ripossiens.fr\/wp-content\/uploads\/2023\/06\/Theatre.jpg","contentUrl":"https:\/\/ripossiens.fr\/wp-content\/uploads\/2023\/06\/Theatre.jpg","width":1000,"height":501},{"@type":"BreadcrumbList","@id":"https:\/\/ripossiens.fr\/index.php\/activites\/theatre-dimpro\/#breadcrumb","itemListElement":[{"@type":"ListItem","position":1,"name":"Accueil","item":"https:\/\/ripossiens.fr\/"},{"@type":"ListItem","position":2,"name":"Activit\u00e9s 2025-2026","item":"https:\/\/ripossiens.fr\/index.php\/activites\/"},{"@type":"ListItem","position":3,"name":"Th\u00e9\u00e2tre d&rsquo;impro"}]},{"@type":"WebSite","@id":"https:\/\/ripossiens.fr\/#website","url":"https:\/\/ripossiens.fr\/","name":"Les Ripossiens","description":"Amicale la\u00efque - Nantes Sud","publisher":{"@id":"https:\/\/ripossiens.fr\/#organization"},"potentialAction":[{"@type":"SearchAction","target":{"@type":"EntryPoint","urlTemplate":"https:\/\/ripossiens.fr\/?s={search_term_string}"},"query-input":{"@type":"PropertyValueSpecification","valueRequired":true,"valueName":"search_term_string"}}],"inLanguage":"fr-FR"},{"@type":"Organization","@id":"https:\/\/ripossiens.fr\/#organization","name":"Amicale La\u00efque Les Ripossiens","url":"https:\/\/ripossiens.fr\/","logo":{"@type":"ImageObject","inLanguage":"fr-FR","@id":"https:\/\/ripossiens.fr\/#\/schema\/logo\/image\/","url":"https:\/\/ripossiens.fr\/wp-content\/uploads\/2024\/05\/Logo-Amicale-HD.jpg","contentUrl":"https:\/\/ripossiens.fr\/wp-content\/uploads\/2024\/05\/Logo-Amicale-HD.jpg","width":1000,"height":915,"caption":"Amicale La\u00efque Les Ripossiens"},"image":{"@id":"https:\/\/ripossiens.fr\/#\/schema\/logo\/image\/"},"sameAs":["https:\/\/www.facebook.com\/Ripossiens\/?locale=fr_FR"]}]}},"_links":{"self":[{"href":"https:\/\/ripossiens.fr\/index.php\/wp-json\/wp\/v2\/pages\/4429","targetHints":{"allow":["GET"]}}],"collection":[{"href":"https:\/\/ripossiens.fr\/index.php\/wp-json\/wp\/v2\/pages"}],"about":[{"href":"https:\/\/ripossiens.fr\/index.php\/wp-json\/wp\/v2\/types\/page"}],"author":[{"embeddable":true,"href":"https:\/\/ripossiens.fr\/index.php\/wp-json\/wp\/v2\/users\/1"}],"replies":[{"embeddable":true,"href":"https:\/\/ripossiens.fr\/index.php\/wp-json\/wp\/v2\/comments?post=4429"}],"version-history":[{"count":20,"href":"https:\/\/ripossiens.fr\/index.php\/wp-json\/wp\/v2\/pages\/4429\/revisions"}],"predecessor-version":[{"id":4521,"href":"https:\/\/ripossiens.fr\/index.php\/wp-json\/wp\/v2\/pages\/4429\/revisions\/4521"}],"up":[{"embeddable":true,"href":"https:\/\/ripossiens.fr\/index.php\/wp-json\/wp\/v2\/pages\/2088"}],"wp:attachment":[{"href":"https:\/\/ripossiens.fr\/index.php\/wp-json\/wp\/v2\/media?parent=4429"}],"curies":[{"name":"wp","href":"https:\/\/api.w.org\/{rel}","templated":true}]}}