{"id":3991,"date":"2024-06-19T10:55:35","date_gmt":"2024-06-19T08:55:35","guid":{"rendered":"https:\/\/ripossiens.fr\/?page_id=3991"},"modified":"2026-01-08T18:34:58","modified_gmt":"2026-01-08T17:34:58","slug":"arts-plastiques-adultes","status":"publish","type":"page","link":"https:\/\/ripossiens.fr\/index.php\/activites\/arts-plastiques-adultes\/","title":{"rendered":"Arts plastiques Adultes"},"content":{"rendered":"\t\t<div data-elementor-type=\"wp-page\" data-elementor-id=\"3991\" class=\"elementor elementor-3991\">\n\t\t\t\t\t\t<section class=\"elementor-section elementor-top-section elementor-element elementor-element-f40b415 elementor-section-boxed elementor-section-height-default elementor-section-height-default\" data-id=\"f40b415\" data-element_type=\"section\">\n\t\t\t\t\t\t<div class=\"elementor-container elementor-column-gap-default\">\n\t\t\t\t\t<div class=\"elementor-column elementor-col-100 elementor-top-column elementor-element elementor-element-69a2083\" data-id=\"69a2083\" data-element_type=\"column\">\n\t\t\t<div class=\"elementor-widget-wrap elementor-element-populated\">\n\t\t\t\t\t\t<div class=\"elementor-element elementor-element-ad9a2f9 elementor-widget elementor-widget-image\" data-id=\"ad9a2f9\" data-element_type=\"widget\" data-widget_type=\"image.default\">\n\t\t\t\t<div class=\"elementor-widget-container\">\n\t\t\t\t\t\t\t\t\t\t\t\t\t\t\t<img fetchpriority=\"high\" decoding=\"async\" width=\"840\" height=\"410\" src=\"https:\/\/ripossiens.fr\/wp-content\/uploads\/2024\/06\/Arts-plastiques-1024-1.jpg\" class=\"attachment-large size-large wp-image-3995\" alt=\"\" srcset=\"https:\/\/ripossiens.fr\/wp-content\/uploads\/2024\/06\/Arts-plastiques-1024-1.jpg 1024w, https:\/\/ripossiens.fr\/wp-content\/uploads\/2024\/06\/Arts-plastiques-1024-1-300x146.jpg 300w, https:\/\/ripossiens.fr\/wp-content\/uploads\/2024\/06\/Arts-plastiques-1024-1-768x375.jpg 768w\" sizes=\"(max-width: 709px) 85vw, (max-width: 909px) 67vw, (max-width: 1362px) 62vw, 840px\" \/>\t\t\t\t\t\t\t\t\t\t\t\t\t\t\t<\/div>\n\t\t\t\t<\/div>\n\t\t\t\t<div class=\"elementor-element elementor-element-a50caa3 elementor-widget elementor-widget-heading\" data-id=\"a50caa3\" data-element_type=\"widget\" data-widget_type=\"heading.default\">\n\t\t\t\t<div class=\"elementor-widget-container\">\n\t\t\t\t\t<h2 class=\"elementor-heading-title elementor-size-default\">Description de l'atelier<\/h2>\t\t\t\t<\/div>\n\t\t\t\t<\/div>\n\t\t\t\t<div class=\"elementor-element elementor-element-8b3fab5 elementor-widget elementor-widget-text-editor\" data-id=\"8b3fab5\" data-element_type=\"widget\" data-widget_type=\"text-editor.default\">\n\t\t\t\t<div class=\"elementor-widget-container\">\n\t\t\t\t\t\t\t\t\t<p>Venez partager un moment cr\u00e9atif et convivial !<\/p><div dir=\"auto\">Je vous propose de pratiquer de fa\u00e7on ludique les arts plastiques en exp\u00e9rimentant diff\u00e9rentes techniques et m\u00e9diums : Peinture, dessin, volume, gravure, collage etc.<\/div>\t\t\t\t\t\t\t\t<\/div>\n\t\t\t\t<\/div>\n\t\t\t\t\t<\/div>\n\t\t<\/div>\n\t\t\t\t\t<\/div>\n\t\t<\/section>\n\t\t\t\t<section class=\"elementor-section elementor-top-section elementor-element elementor-element-bab44cf elementor-section-boxed elementor-section-height-default elementor-section-height-default\" data-id=\"bab44cf\" data-element_type=\"section\">\n\t\t\t\t\t\t<div class=\"elementor-container elementor-column-gap-default\">\n\t\t\t\t\t<div class=\"elementor-column elementor-col-100 elementor-top-column elementor-element elementor-element-68e94ae\" data-id=\"68e94ae\" data-element_type=\"column\">\n\t\t\t<div class=\"elementor-widget-wrap elementor-element-populated\">\n\t\t\t\t\t\t<div class=\"elementor-element elementor-element-20e125b elementor-widget elementor-widget-heading\" data-id=\"20e125b\" data-element_type=\"widget\" data-widget_type=\"heading.default\">\n\t\t\t\t<div class=\"elementor-widget-container\">\n\t\t\t\t\t<h2 class=\"elementor-heading-title elementor-size-default\">Intervenante : Sonia Grandame<\/h2>\t\t\t\t<\/div>\n\t\t\t\t<\/div>\n\t\t\t\t\t<\/div>\n\t\t<\/div>\n\t\t\t\t\t<\/div>\n\t\t<\/section>\n\t\t\t\t<section class=\"elementor-section elementor-top-section elementor-element elementor-element-90968a6 elementor-section-boxed elementor-section-height-default elementor-section-height-default\" data-id=\"90968a6\" data-element_type=\"section\">\n\t\t\t\t\t\t<div class=\"elementor-container elementor-column-gap-default\">\n\t\t\t\t\t<div class=\"elementor-column elementor-col-100 elementor-top-column elementor-element elementor-element-62f04f4\" data-id=\"62f04f4\" data-element_type=\"column\">\n\t\t\t<div class=\"elementor-widget-wrap elementor-element-populated\">\n\t\t\t\t\t\t<div class=\"elementor-element elementor-element-9901c76 elementor-widget elementor-widget-heading\" data-id=\"9901c76\" data-element_type=\"widget\" data-widget_type=\"heading.default\">\n\t\t\t\t<div class=\"elementor-widget-container\">\n\t\t\t\t\t<h2 class=\"elementor-heading-title elementor-size-default\">Horaires<\/h2>\t\t\t\t<\/div>\n\t\t\t\t<\/div>\n\t\t\t\t<div class=\"elementor-element elementor-element-85e1ba7 elementor-widget elementor-widget-text-editor\" data-id=\"85e1ba7\" data-element_type=\"widget\" data-widget_type=\"text-editor.default\">\n\t\t\t\t<div class=\"elementor-widget-container\">\n\t\t\t\t\t\t\t\t\t<p><strong>Jeudi<\/strong> : 19h00 &#8211; 21h00<\/p>\t\t\t\t\t\t\t\t<\/div>\n\t\t\t\t<\/div>\n\t\t\t\t\t<\/div>\n\t\t<\/div>\n\t\t\t\t\t<\/div>\n\t\t<\/section>\n\t\t\t\t<section class=\"elementor-section elementor-top-section elementor-element elementor-element-4597da8 elementor-section-boxed elementor-section-height-default elementor-section-height-default\" data-id=\"4597da8\" data-element_type=\"section\">\n\t\t\t\t\t\t<div class=\"elementor-container elementor-column-gap-default\">\n\t\t\t\t\t<div class=\"elementor-column elementor-col-100 elementor-top-column elementor-element elementor-element-6b944fd\" data-id=\"6b944fd\" data-element_type=\"column\">\n\t\t\t<div class=\"elementor-widget-wrap elementor-element-populated\">\n\t\t\t\t\t\t<div class=\"elementor-element elementor-element-3e404be elementor-widget elementor-widget-heading\" data-id=\"3e404be\" data-element_type=\"widget\" data-widget_type=\"heading.default\">\n\t\t\t\t<div class=\"elementor-widget-container\">\n\t\t\t\t\t<h2 class=\"elementor-heading-title elementor-size-default\">Cotisations annuelles<\/h2>\t\t\t\t<\/div>\n\t\t\t\t<\/div>\n\t\t\t\t<div class=\"elementor-element elementor-element-b2b79d6 elementor-widget elementor-widget-text-editor\" data-id=\"b2b79d6\" data-element_type=\"widget\" data-widget_type=\"text-editor.default\">\n\t\t\t\t<div class=\"elementor-widget-container\">\n\t\t\t\t\t\t\t\t\t<p>S\u00e9ances hebdomadaires pendant les p\u00e9riodes scolaires (pas de cours pendant les vacances).<\/p><p>Adh\u00e9sion adulte : <strong>23\u20ac<\/strong><\/p><p>Tarif activit\u00e9 : <strong>249\u20ac<\/strong><\/p>\t\t\t\t\t\t\t\t<\/div>\n\t\t\t\t<\/div>\n\t\t\t\t\t<\/div>\n\t\t<\/div>\n\t\t\t\t\t<\/div>\n\t\t<\/section>\n\t\t\t\t<section class=\"elementor-section elementor-top-section elementor-element elementor-element-b6952f3 elementor-section-boxed elementor-section-height-default elementor-section-height-default\" data-id=\"b6952f3\" data-element_type=\"section\">\n\t\t\t\t\t\t<div class=\"elementor-container elementor-column-gap-default\">\n\t\t\t\t\t<div class=\"elementor-column elementor-col-100 elementor-top-column elementor-element elementor-element-bb43fb7\" data-id=\"bb43fb7\" data-element_type=\"column\">\n\t\t\t<div class=\"elementor-widget-wrap elementor-element-populated\">\n\t\t\t\t\t\t<div class=\"elementor-element elementor-element-eab3948 elementor-widget elementor-widget-heading\" data-id=\"eab3948\" data-element_type=\"widget\" data-widget_type=\"heading.default\">\n\t\t\t\t<div class=\"elementor-widget-container\">\n\t\t\t\t\t<h2 class=\"elementor-heading-title elementor-size-default\">Lieu de l'atelier<\/h2>\t\t\t\t<\/div>\n\t\t\t\t<\/div>\n\t\t\t\t<div class=\"elementor-element elementor-element-a60e79c elementor-widget elementor-widget-text-editor\" data-id=\"a60e79c\" data-element_type=\"widget\" data-widget_type=\"text-editor.default\">\n\t\t\t\t<div class=\"elementor-widget-container\">\n\t\t\t\t\t\t\t\t\t<p>\u00c9cole Ledru-Rollin<\/p>\t\t\t\t\t\t\t\t<\/div>\n\t\t\t\t<\/div>\n\t\t\t\t<div class=\"elementor-element elementor-element-fa6e5df elementor-align-center elementor-widget elementor-widget-button\" data-id=\"fa6e5df\" data-element_type=\"widget\" data-widget_type=\"button.default\">\n\t\t\t\t<div class=\"elementor-widget-container\">\n\t\t\t\t\t\t\t\t\t<div class=\"elementor-button-wrapper\">\n\t\t\t\t\t<a class=\"elementor-button elementor-button-link elementor-size-sm\" href=\"https:\/\/www.helloasso.com\/associations\/les-ripossiens\/adhesions\/adultes-2025-2026-1\" target=\"_blank\">\n\t\t\t\t\t\t<span class=\"elementor-button-content-wrapper\">\n\t\t\t\t\t\t\t\t\t<span class=\"elementor-button-text\">Je m'inscris<\/span>\n\t\t\t\t\t<\/span>\n\t\t\t\t\t<\/a>\n\t\t\t\t<\/div>\n\t\t\t\t\t\t\t\t<\/div>\n\t\t\t\t<\/div>\n\t\t\t\t\t<\/div>\n\t\t<\/div>\n\t\t\t\t\t<\/div>\n\t\t<\/section>\n\t\t\t\t<\/div>\n\t\t","protected":false},"excerpt":{"rendered":"<p>Description de l&rsquo;atelier Venez partager un moment cr\u00e9atif et convivial ! Je vous propose de pratiquer de fa\u00e7on ludique les arts plastiques en exp\u00e9rimentant diff\u00e9rentes techniques et m\u00e9diums : Peinture, dessin, volume, gravure, collage etc. Intervenante : Sonia Grandame Horaires Jeudi : 19h00 &#8211; 21h00 Cotisations annuelles S\u00e9ances hebdomadaires pendant les p\u00e9riodes scolaires (pas de &hellip; <a href=\"https:\/\/ripossiens.fr\/index.php\/activites\/arts-plastiques-adultes\/\" class=\"more-link\">Continuer la lecture<span class=\"screen-reader-text\"> de &laquo;&nbsp;Arts plastiques Adultes&nbsp;&raquo;<\/span><\/a><\/p>\n","protected":false},"author":1,"featured_media":0,"parent":2088,"menu_order":0,"comment_status":"closed","ping_status":"closed","template":"","meta":{"footnotes":""},"class_list":["post-3991","page","type-page","status-publish","hentry"],"yoast_head":"<!-- This site is optimized with the Yoast SEO plugin v26.7 - https:\/\/yoast.com\/wordpress\/plugins\/seo\/ -->\n<title>Arts plastiques Adultes - Les Ripossiens<\/title>\n<meta name=\"robots\" content=\"index, follow, max-snippet:-1, max-image-preview:large, max-video-preview:-1\" \/>\n<link rel=\"canonical\" href=\"https:\/\/ripossiens.fr\/index.php\/activites\/arts-plastiques-adultes\/\" \/>\n<meta property=\"og:locale\" content=\"fr_FR\" \/>\n<meta property=\"og:type\" content=\"article\" \/>\n<meta property=\"og:title\" content=\"Arts plastiques Adultes - Les Ripossiens\" \/>\n<meta property=\"og:description\" content=\"Description de l&rsquo;atelier Venez partager un moment cr\u00e9atif et convivial ! Je vous propose de pratiquer de fa\u00e7on ludique les arts plastiques en exp\u00e9rimentant diff\u00e9rentes techniques et m\u00e9diums : Peinture, dessin, volume, gravure, collage etc. Intervenante : Sonia Grandame Horaires Jeudi : 19h00 &#8211; 21h00 Cotisations annuelles S\u00e9ances hebdomadaires pendant les p\u00e9riodes scolaires (pas de &hellip; Continuer la lecture de &laquo;&nbsp;Arts plastiques Adultes&nbsp;&raquo;\" \/>\n<meta property=\"og:url\" content=\"https:\/\/ripossiens.fr\/index.php\/activites\/arts-plastiques-adultes\/\" \/>\n<meta property=\"og:site_name\" content=\"Les Ripossiens\" \/>\n<meta property=\"article:publisher\" content=\"https:\/\/www.facebook.com\/Ripossiens\/?locale=fr_FR\" \/>\n<meta property=\"article:modified_time\" content=\"2026-01-08T17:34:58+00:00\" \/>\n<meta property=\"og:image\" content=\"https:\/\/ripossiens.fr\/wp-content\/uploads\/2024\/06\/Arts-plastiques-1024-1.jpg\" \/>\n\t<meta property=\"og:image:width\" content=\"1024\" \/>\n\t<meta property=\"og:image:height\" content=\"500\" \/>\n\t<meta property=\"og:image:type\" content=\"image\/jpeg\" \/>\n<meta name=\"twitter:card\" content=\"summary_large_image\" \/>\n<meta name=\"twitter:label1\" content=\"Dur\u00e9e de lecture estim\u00e9e\" \/>\n\t<meta name=\"twitter:data1\" content=\"1 minute\" \/>\n<script type=\"application\/ld+json\" class=\"yoast-schema-graph\">{\"@context\":\"https:\/\/schema.org\",\"@graph\":[{\"@type\":\"WebPage\",\"@id\":\"https:\/\/ripossiens.fr\/index.php\/activites\/arts-plastiques-adultes\/\",\"url\":\"https:\/\/ripossiens.fr\/index.php\/activites\/arts-plastiques-adultes\/\",\"name\":\"Arts plastiques Adultes - Les Ripossiens\",\"isPartOf\":{\"@id\":\"https:\/\/ripossiens.fr\/#website\"},\"primaryImageOfPage\":{\"@id\":\"https:\/\/ripossiens.fr\/index.php\/activites\/arts-plastiques-adultes\/#primaryimage\"},\"image\":{\"@id\":\"https:\/\/ripossiens.fr\/index.php\/activites\/arts-plastiques-adultes\/#primaryimage\"},\"thumbnailUrl\":\"https:\/\/ripossiens.fr\/wp-content\/uploads\/2024\/06\/Arts-plastiques-1024-1.jpg\",\"datePublished\":\"2024-06-19T08:55:35+00:00\",\"dateModified\":\"2026-01-08T17:34:58+00:00\",\"breadcrumb\":{\"@id\":\"https:\/\/ripossiens.fr\/index.php\/activites\/arts-plastiques-adultes\/#breadcrumb\"},\"inLanguage\":\"fr-FR\",\"potentialAction\":[{\"@type\":\"ReadAction\",\"target\":[\"https:\/\/ripossiens.fr\/index.php\/activites\/arts-plastiques-adultes\/\"]}]},{\"@type\":\"ImageObject\",\"inLanguage\":\"fr-FR\",\"@id\":\"https:\/\/ripossiens.fr\/index.php\/activites\/arts-plastiques-adultes\/#primaryimage\",\"url\":\"https:\/\/ripossiens.fr\/wp-content\/uploads\/2024\/06\/Arts-plastiques-1024-1.jpg\",\"contentUrl\":\"https:\/\/ripossiens.fr\/wp-content\/uploads\/2024\/06\/Arts-plastiques-1024-1.jpg\",\"width\":1024,\"height\":500},{\"@type\":\"BreadcrumbList\",\"@id\":\"https:\/\/ripossiens.fr\/index.php\/activites\/arts-plastiques-adultes\/#breadcrumb\",\"itemListElement\":[{\"@type\":\"ListItem\",\"position\":1,\"name\":\"Accueil\",\"item\":\"https:\/\/ripossiens.fr\/\"},{\"@type\":\"ListItem\",\"position\":2,\"name\":\"Activit\u00e9s 2025-2026\",\"item\":\"https:\/\/ripossiens.fr\/index.php\/activites\/\"},{\"@type\":\"ListItem\",\"position\":3,\"name\":\"Arts plastiques Adultes\"}]},{\"@type\":\"WebSite\",\"@id\":\"https:\/\/ripossiens.fr\/#website\",\"url\":\"https:\/\/ripossiens.fr\/\",\"name\":\"Les Ripossiens\",\"description\":\"Amicale la\u00efque - Nantes Sud\",\"publisher\":{\"@id\":\"https:\/\/ripossiens.fr\/#organization\"},\"potentialAction\":[{\"@type\":\"SearchAction\",\"target\":{\"@type\":\"EntryPoint\",\"urlTemplate\":\"https:\/\/ripossiens.fr\/?s={search_term_string}\"},\"query-input\":{\"@type\":\"PropertyValueSpecification\",\"valueRequired\":true,\"valueName\":\"search_term_string\"}}],\"inLanguage\":\"fr-FR\"},{\"@type\":\"Organization\",\"@id\":\"https:\/\/ripossiens.fr\/#organization\",\"name\":\"Amicale La\u00efque Les Ripossiens\",\"url\":\"https:\/\/ripossiens.fr\/\",\"logo\":{\"@type\":\"ImageObject\",\"inLanguage\":\"fr-FR\",\"@id\":\"https:\/\/ripossiens.fr\/#\/schema\/logo\/image\/\",\"url\":\"https:\/\/ripossiens.fr\/wp-content\/uploads\/2024\/05\/Logo-Amicale-HD.jpg\",\"contentUrl\":\"https:\/\/ripossiens.fr\/wp-content\/uploads\/2024\/05\/Logo-Amicale-HD.jpg\",\"width\":1000,\"height\":915,\"caption\":\"Amicale La\u00efque Les Ripossiens\"},\"image\":{\"@id\":\"https:\/\/ripossiens.fr\/#\/schema\/logo\/image\/\"},\"sameAs\":[\"https:\/\/www.facebook.com\/Ripossiens\/?locale=fr_FR\"]}]}<\/script>\n<!-- \/ Yoast SEO plugin. -->","yoast_head_json":{"title":"Arts plastiques Adultes - Les Ripossiens","robots":{"index":"index","follow":"follow","max-snippet":"max-snippet:-1","max-image-preview":"max-image-preview:large","max-video-preview":"max-video-preview:-1"},"canonical":"https:\/\/ripossiens.fr\/index.php\/activites\/arts-plastiques-adultes\/","og_locale":"fr_FR","og_type":"article","og_title":"Arts plastiques Adultes - Les Ripossiens","og_description":"Description de l&rsquo;atelier Venez partager un moment cr\u00e9atif et convivial ! Je vous propose de pratiquer de fa\u00e7on ludique les arts plastiques en exp\u00e9rimentant diff\u00e9rentes techniques et m\u00e9diums : Peinture, dessin, volume, gravure, collage etc. Intervenante : Sonia Grandame Horaires Jeudi : 19h00 &#8211; 21h00 Cotisations annuelles S\u00e9ances hebdomadaires pendant les p\u00e9riodes scolaires (pas de &hellip; Continuer la lecture de &laquo;&nbsp;Arts plastiques Adultes&nbsp;&raquo;","og_url":"https:\/\/ripossiens.fr\/index.php\/activites\/arts-plastiques-adultes\/","og_site_name":"Les Ripossiens","article_publisher":"https:\/\/www.facebook.com\/Ripossiens\/?locale=fr_FR","article_modified_time":"2026-01-08T17:34:58+00:00","og_image":[{"width":1024,"height":500,"url":"https:\/\/ripossiens.fr\/wp-content\/uploads\/2024\/06\/Arts-plastiques-1024-1.jpg","type":"image\/jpeg"}],"twitter_card":"summary_large_image","twitter_misc":{"Dur\u00e9e de lecture estim\u00e9e":"1 minute"},"schema":{"@context":"https:\/\/schema.org","@graph":[{"@type":"WebPage","@id":"https:\/\/ripossiens.fr\/index.php\/activites\/arts-plastiques-adultes\/","url":"https:\/\/ripossiens.fr\/index.php\/activites\/arts-plastiques-adultes\/","name":"Arts plastiques Adultes - Les Ripossiens","isPartOf":{"@id":"https:\/\/ripossiens.fr\/#website"},"primaryImageOfPage":{"@id":"https:\/\/ripossiens.fr\/index.php\/activites\/arts-plastiques-adultes\/#primaryimage"},"image":{"@id":"https:\/\/ripossiens.fr\/index.php\/activites\/arts-plastiques-adultes\/#primaryimage"},"thumbnailUrl":"https:\/\/ripossiens.fr\/wp-content\/uploads\/2024\/06\/Arts-plastiques-1024-1.jpg","datePublished":"2024-06-19T08:55:35+00:00","dateModified":"2026-01-08T17:34:58+00:00","breadcrumb":{"@id":"https:\/\/ripossiens.fr\/index.php\/activites\/arts-plastiques-adultes\/#breadcrumb"},"inLanguage":"fr-FR","potentialAction":[{"@type":"ReadAction","target":["https:\/\/ripossiens.fr\/index.php\/activites\/arts-plastiques-adultes\/"]}]},{"@type":"ImageObject","inLanguage":"fr-FR","@id":"https:\/\/ripossiens.fr\/index.php\/activites\/arts-plastiques-adultes\/#primaryimage","url":"https:\/\/ripossiens.fr\/wp-content\/uploads\/2024\/06\/Arts-plastiques-1024-1.jpg","contentUrl":"https:\/\/ripossiens.fr\/wp-content\/uploads\/2024\/06\/Arts-plastiques-1024-1.jpg","width":1024,"height":500},{"@type":"BreadcrumbList","@id":"https:\/\/ripossiens.fr\/index.php\/activites\/arts-plastiques-adultes\/#breadcrumb","itemListElement":[{"@type":"ListItem","position":1,"name":"Accueil","item":"https:\/\/ripossiens.fr\/"},{"@type":"ListItem","position":2,"name":"Activit\u00e9s 2025-2026","item":"https:\/\/ripossiens.fr\/index.php\/activites\/"},{"@type":"ListItem","position":3,"name":"Arts plastiques Adultes"}]},{"@type":"WebSite","@id":"https:\/\/ripossiens.fr\/#website","url":"https:\/\/ripossiens.fr\/","name":"Les Ripossiens","description":"Amicale la\u00efque - Nantes Sud","publisher":{"@id":"https:\/\/ripossiens.fr\/#organization"},"potentialAction":[{"@type":"SearchAction","target":{"@type":"EntryPoint","urlTemplate":"https:\/\/ripossiens.fr\/?s={search_term_string}"},"query-input":{"@type":"PropertyValueSpecification","valueRequired":true,"valueName":"search_term_string"}}],"inLanguage":"fr-FR"},{"@type":"Organization","@id":"https:\/\/ripossiens.fr\/#organization","name":"Amicale La\u00efque Les Ripossiens","url":"https:\/\/ripossiens.fr\/","logo":{"@type":"ImageObject","inLanguage":"fr-FR","@id":"https:\/\/ripossiens.fr\/#\/schema\/logo\/image\/","url":"https:\/\/ripossiens.fr\/wp-content\/uploads\/2024\/05\/Logo-Amicale-HD.jpg","contentUrl":"https:\/\/ripossiens.fr\/wp-content\/uploads\/2024\/05\/Logo-Amicale-HD.jpg","width":1000,"height":915,"caption":"Amicale La\u00efque Les Ripossiens"},"image":{"@id":"https:\/\/ripossiens.fr\/#\/schema\/logo\/image\/"},"sameAs":["https:\/\/www.facebook.com\/Ripossiens\/?locale=fr_FR"]}]}},"_links":{"self":[{"href":"https:\/\/ripossiens.fr\/index.php\/wp-json\/wp\/v2\/pages\/3991","targetHints":{"allow":["GET"]}}],"collection":[{"href":"https:\/\/ripossiens.fr\/index.php\/wp-json\/wp\/v2\/pages"}],"about":[{"href":"https:\/\/ripossiens.fr\/index.php\/wp-json\/wp\/v2\/types\/page"}],"author":[{"embeddable":true,"href":"https:\/\/ripossiens.fr\/index.php\/wp-json\/wp\/v2\/users\/1"}],"replies":[{"embeddable":true,"href":"https:\/\/ripossiens.fr\/index.php\/wp-json\/wp\/v2\/comments?post=3991"}],"version-history":[{"count":14,"href":"https:\/\/ripossiens.fr\/index.php\/wp-json\/wp\/v2\/pages\/3991\/revisions"}],"predecessor-version":[{"id":4478,"href":"https:\/\/ripossiens.fr\/index.php\/wp-json\/wp\/v2\/pages\/3991\/revisions\/4478"}],"up":[{"embeddable":true,"href":"https:\/\/ripossiens.fr\/index.php\/wp-json\/wp\/v2\/pages\/2088"}],"wp:attachment":[{"href":"https:\/\/ripossiens.fr\/index.php\/wp-json\/wp\/v2\/media?parent=3991"}],"curies":[{"name":"wp","href":"https:\/\/api.w.org\/{rel}","templated":true}]}}