{"id":3902,"date":"2024-06-18T11:29:51","date_gmt":"2024-06-18T09:29:51","guid":{"rendered":"https:\/\/ripossiens.fr\/?page_id=3902"},"modified":"2026-01-08T18:35:19","modified_gmt":"2026-01-08T17:35:19","slug":"chorale-circle-songs","status":"publish","type":"page","link":"https:\/\/ripossiens.fr\/index.php\/activites\/chorale-circle-songs\/","title":{"rendered":"Atelier Chorale &#8211; Circle songs"},"content":{"rendered":"\t\t<div data-elementor-type=\"wp-page\" data-elementor-id=\"3902\" class=\"elementor elementor-3902\">\n\t\t\t\t\t\t<section class=\"elementor-section elementor-top-section elementor-element elementor-element-818115d elementor-section-boxed elementor-section-height-default elementor-section-height-default\" data-id=\"818115d\" data-element_type=\"section\">\n\t\t\t\t\t\t<div class=\"elementor-container elementor-column-gap-default\">\n\t\t\t\t\t<div class=\"elementor-column elementor-col-100 elementor-top-column elementor-element elementor-element-a50dfd3\" data-id=\"a50dfd3\" data-element_type=\"column\">\n\t\t\t<div class=\"elementor-widget-wrap elementor-element-populated\">\n\t\t\t\t\t\t<div class=\"elementor-element elementor-element-a668400 elementor-widget elementor-widget-image\" data-id=\"a668400\" data-element_type=\"widget\" data-widget_type=\"image.default\">\n\t\t\t\t<div class=\"elementor-widget-container\">\n\t\t\t\t\t\t\t\t\t\t\t\t\t\t\t<img fetchpriority=\"high\" decoding=\"async\" width=\"840\" height=\"411\" src=\"https:\/\/ripossiens.fr\/wp-content\/uploads\/2024\/06\/Chorale-1024.jpg\" class=\"attachment-large size-large wp-image-3904\" alt=\"\" srcset=\"https:\/\/ripossiens.fr\/wp-content\/uploads\/2024\/06\/Chorale-1024.jpg 1023w, https:\/\/ripossiens.fr\/wp-content\/uploads\/2024\/06\/Chorale-1024-300x147.jpg 300w, https:\/\/ripossiens.fr\/wp-content\/uploads\/2024\/06\/Chorale-1024-768x375.jpg 768w\" sizes=\"(max-width: 709px) 85vw, (max-width: 909px) 67vw, (max-width: 1362px) 62vw, 840px\" \/>\t\t\t\t\t\t\t\t\t\t\t\t\t\t\t<\/div>\n\t\t\t\t<\/div>\n\t\t\t\t\t<\/div>\n\t\t<\/div>\n\t\t\t\t\t<\/div>\n\t\t<\/section>\n\t\t\t\t<section class=\"elementor-section elementor-top-section elementor-element elementor-element-5ba6053 elementor-section-boxed elementor-section-height-default elementor-section-height-default\" data-id=\"5ba6053\" data-element_type=\"section\">\n\t\t\t\t\t\t<div class=\"elementor-container elementor-column-gap-default\">\n\t\t\t\t\t<div class=\"elementor-column elementor-col-100 elementor-top-column elementor-element elementor-element-dd87393\" data-id=\"dd87393\" data-element_type=\"column\">\n\t\t\t<div class=\"elementor-widget-wrap elementor-element-populated\">\n\t\t\t\t\t\t<div class=\"elementor-element elementor-element-95d0df8 elementor-widget elementor-widget-heading\" data-id=\"95d0df8\" data-element_type=\"widget\" data-widget_type=\"heading.default\">\n\t\t\t\t<div class=\"elementor-widget-container\">\n\t\t\t\t\t<h2 class=\"elementor-heading-title elementor-size-default\">Description de l'atelier<\/h2>\t\t\t\t<\/div>\n\t\t\t\t<\/div>\n\t\t\t\t<div class=\"elementor-element elementor-element-f267434 elementor-widget elementor-widget-text-editor\" data-id=\"f267434\" data-element_type=\"widget\" data-widget_type=\"text-editor.default\">\n\t\t\t\t<div class=\"elementor-widget-container\">\n\t\t\t\t\t\t\t\t\t<p>Les circle songs sont des chants improvis\u00e9s en cercle, o\u00f9 des boucles m\u00e9lodico-rythmiques se superposent progressivement pour cr\u00e9er une polyphonie \u00e9volutive. Popularis\u00e9e par Bobby McFerrin, notamment avec son c\u00e9l\u00e8bre \u00ab Don&rsquo;t Worry Be Happy \u00bb, cette pratique de chant ancestral offre une exp\u00e9rience musicale collective unique.<\/p>\n<p><strong>D\u00e9roulement :<\/strong> Laissez-vous guider, dans un premier temps de l\u2019atelier, \u00e0 travers des jeux de connexion, de rythme et d&rsquo;exploration vocale. Dans un espace ludique et bienveillant, chaque participant est encourag\u00e9 \u00e0 exprimer sa voix, que ce soit en tant que choriste dans le cercle, au service de l&rsquo;ensemble, ou en osant cr\u00e9er et improviser au centre du cercle. Dans un second temps, l\u2019atelier \u00ab&nbsp;chorale&nbsp;\u00bb couvrira divers genres musicaux, incluant pop, folk, rock, soul, chanson fran\u00e7aise, chants du monde.<\/p>\n<p>Venez vivre une aventure vocale enrichissante et collective, o\u00f9 le partage et la cr\u00e9ativit\u00e9 sont au c\u0153ur de l\u2019exp\u00e9rience !<\/p>\t\t\t\t\t\t\t\t<\/div>\n\t\t\t\t<\/div>\n\t\t\t\t\t<\/div>\n\t\t<\/div>\n\t\t\t\t\t<\/div>\n\t\t<\/section>\n\t\t\t\t<section class=\"elementor-section elementor-top-section elementor-element elementor-element-e72001b elementor-section-boxed elementor-section-height-default elementor-section-height-default\" data-id=\"e72001b\" data-element_type=\"section\">\n\t\t\t\t\t\t<div class=\"elementor-container elementor-column-gap-default\">\n\t\t\t\t\t<div class=\"elementor-column elementor-col-100 elementor-top-column elementor-element elementor-element-c3d755b\" data-id=\"c3d755b\" data-element_type=\"column\">\n\t\t\t<div class=\"elementor-widget-wrap elementor-element-populated\">\n\t\t\t\t\t\t<div class=\"elementor-element elementor-element-d5a9983 elementor-widget elementor-widget-heading\" data-id=\"d5a9983\" data-element_type=\"widget\" data-widget_type=\"heading.default\">\n\t\t\t\t<div class=\"elementor-widget-container\">\n\t\t\t\t\t<h2 class=\"elementor-heading-title elementor-size-default\">Intervenante : Claire Valls<\/h2>\t\t\t\t<\/div>\n\t\t\t\t<\/div>\n\t\t\t\t\t<\/div>\n\t\t<\/div>\n\t\t\t\t\t<\/div>\n\t\t<\/section>\n\t\t\t\t<section class=\"elementor-section elementor-top-section elementor-element elementor-element-b76e3a6 elementor-section-boxed elementor-section-height-default elementor-section-height-default\" data-id=\"b76e3a6\" data-element_type=\"section\">\n\t\t\t\t\t\t<div class=\"elementor-container elementor-column-gap-default\">\n\t\t\t\t\t<div class=\"elementor-column elementor-col-33 elementor-top-column elementor-element elementor-element-0003285\" data-id=\"0003285\" data-element_type=\"column\">\n\t\t\t<div class=\"elementor-widget-wrap elementor-element-populated\">\n\t\t\t\t\t\t<div class=\"elementor-element elementor-element-285ea0e elementor-widget elementor-widget-image\" data-id=\"285ea0e\" data-element_type=\"widget\" data-widget_type=\"image.default\">\n\t\t\t\t<div class=\"elementor-widget-container\">\n\t\t\t\t\t\t\t\t\t\t\t\t\t\t\t<img decoding=\"async\" src=\"https:\/\/ripossiens.fr\/wp-content\/uploads\/2024\/06\/Claire-Valls.png\" title=\"Claire Valls chorale circle songs nantes sud\" alt=\"Claire Valls chorale circle songs nantes sud\" loading=\"lazy\" \/>\t\t\t\t\t\t\t\t\t\t\t\t\t\t\t<\/div>\n\t\t\t\t<\/div>\n\t\t\t\t\t<\/div>\n\t\t<\/div>\n\t\t\t\t<div class=\"elementor-column elementor-col-66 elementor-top-column elementor-element elementor-element-c16f638\" data-id=\"c16f638\" data-element_type=\"column\">\n\t\t\t<div class=\"elementor-widget-wrap elementor-element-populated\">\n\t\t\t\t\t\t<div class=\"elementor-element elementor-element-dffeac9 elementor-widget elementor-widget-text-editor\" data-id=\"dffeac9\" data-element_type=\"widget\" data-widget_type=\"text-editor.default\">\n\t\t\t\t<div class=\"elementor-widget-container\">\n\t\t\t\t\t\t\t\t\t<p>Je m\u2019appelle Claire Valls.<\/p><p>Formatrice en langue de formation, je chante et pratique la musique collective depuis mon adolescence. De chorales en groupes de musique, j\u2019ai d\u00e9cid\u00e9 de vivre de ma passion : depuis 6 ans, je dirige des ateliers vocaux aupr\u00e8s de personnes migrantes, seniors et salari\u00e9s d\u2019entreprise.<\/p><p>Cr\u00e9er du lien, se connecter les uns aux autres, vibrer, dans la JOIE, sont les maitre mots de mon approche !<\/p>\t\t\t\t\t\t\t\t<\/div>\n\t\t\t\t<\/div>\n\t\t\t\t\t<\/div>\n\t\t<\/div>\n\t\t\t\t\t<\/div>\n\t\t<\/section>\n\t\t\t\t<section class=\"elementor-section elementor-top-section elementor-element elementor-element-e3003c1 elementor-section-boxed elementor-section-height-default elementor-section-height-default\" data-id=\"e3003c1\" data-element_type=\"section\">\n\t\t\t\t\t\t<div class=\"elementor-container elementor-column-gap-default\">\n\t\t\t\t\t<div class=\"elementor-column elementor-col-100 elementor-top-column elementor-element elementor-element-4faf30e\" data-id=\"4faf30e\" data-element_type=\"column\">\n\t\t\t<div class=\"elementor-widget-wrap elementor-element-populated\">\n\t\t\t\t\t\t<div class=\"elementor-element elementor-element-999c95a elementor-widget elementor-widget-heading\" data-id=\"999c95a\" data-element_type=\"widget\" data-widget_type=\"heading.default\">\n\t\t\t\t<div class=\"elementor-widget-container\">\n\t\t\t\t\t<h2 class=\"elementor-heading-title elementor-size-default\">Horaires <\/h2>\t\t\t\t<\/div>\n\t\t\t\t<\/div>\n\t\t\t\t<div class=\"elementor-element elementor-element-a2bb066 elementor-widget elementor-widget-text-editor\" data-id=\"a2bb066\" data-element_type=\"widget\" data-widget_type=\"text-editor.default\">\n\t\t\t\t<div class=\"elementor-widget-container\">\n\t\t\t\t\t\t\t\t\t<p><strong>Le mardi<\/strong>\u00a0: 20h00-22h00<\/p>\t\t\t\t\t\t\t\t<\/div>\n\t\t\t\t<\/div>\n\t\t\t\t\t<\/div>\n\t\t<\/div>\n\t\t\t\t\t<\/div>\n\t\t<\/section>\n\t\t\t\t<section class=\"elementor-section elementor-top-section elementor-element elementor-element-09041af elementor-section-boxed elementor-section-height-default elementor-section-height-default\" data-id=\"09041af\" data-element_type=\"section\">\n\t\t\t\t\t\t<div class=\"elementor-container elementor-column-gap-default\">\n\t\t\t\t\t<div class=\"elementor-column elementor-col-100 elementor-top-column elementor-element elementor-element-37177a6\" data-id=\"37177a6\" data-element_type=\"column\">\n\t\t\t<div class=\"elementor-widget-wrap elementor-element-populated\">\n\t\t\t\t\t\t<div class=\"elementor-element elementor-element-14279e3 elementor-widget elementor-widget-heading\" data-id=\"14279e3\" data-element_type=\"widget\" data-widget_type=\"heading.default\">\n\t\t\t\t<div class=\"elementor-widget-container\">\n\t\t\t\t\t<h2 class=\"elementor-heading-title elementor-size-default\">Cotisations annuelles<\/h2>\t\t\t\t<\/div>\n\t\t\t\t<\/div>\n\t\t\t\t<div class=\"elementor-element elementor-element-379e6cd elementor-widget elementor-widget-text-editor\" data-id=\"379e6cd\" data-element_type=\"widget\" data-widget_type=\"text-editor.default\">\n\t\t\t\t<div class=\"elementor-widget-container\">\n\t\t\t\t\t\t\t\t\t<p>S\u00e9ances hebdomadaires pendant les p\u00e9riodes scolaires (pas de cours pendant les vacances).<\/p><p>Adultes : Adh\u00e9sion <strong>23\u20ac<\/strong> \/ Tarif activit\u00e9 : <strong>168\u20ac<\/strong><\/p>\t\t\t\t\t\t\t\t<\/div>\n\t\t\t\t<\/div>\n\t\t\t\t\t<\/div>\n\t\t<\/div>\n\t\t\t\t\t<\/div>\n\t\t<\/section>\n\t\t\t\t<section class=\"elementor-section elementor-top-section elementor-element elementor-element-f86cfbe elementor-section-boxed elementor-section-height-default elementor-section-height-default\" data-id=\"f86cfbe\" data-element_type=\"section\">\n\t\t\t\t\t\t<div class=\"elementor-container elementor-column-gap-default\">\n\t\t\t\t\t<div class=\"elementor-column elementor-col-100 elementor-top-column elementor-element elementor-element-df54a82\" data-id=\"df54a82\" data-element_type=\"column\">\n\t\t\t<div class=\"elementor-widget-wrap elementor-element-populated\">\n\t\t\t\t\t\t<div class=\"elementor-element elementor-element-5184028 elementor-widget elementor-widget-heading\" data-id=\"5184028\" data-element_type=\"widget\" data-widget_type=\"heading.default\">\n\t\t\t\t<div class=\"elementor-widget-container\">\n\t\t\t\t\t<h2 class=\"elementor-heading-title elementor-size-default\">Lieu de l'atelier<\/h2>\t\t\t\t<\/div>\n\t\t\t\t<\/div>\n\t\t\t\t<div class=\"elementor-element elementor-element-7cda94d elementor-widget elementor-widget-text-editor\" data-id=\"7cda94d\" data-element_type=\"widget\" data-widget_type=\"text-editor.default\">\n\t\t\t\t<div class=\"elementor-widget-container\">\n\t\t\t\t\t\t\t\t\t<p>Ecole Ledru-Rollin Salle polyvalente<\/p>\t\t\t\t\t\t\t\t<\/div>\n\t\t\t\t<\/div>\n\t\t\t\t<div class=\"elementor-element elementor-element-cdab539 elementor-align-center elementor-widget elementor-widget-button\" data-id=\"cdab539\" data-element_type=\"widget\" data-widget_type=\"button.default\">\n\t\t\t\t<div class=\"elementor-widget-container\">\n\t\t\t\t\t\t\t\t\t<div class=\"elementor-button-wrapper\">\n\t\t\t\t\t<a class=\"elementor-button elementor-button-link elementor-size-sm\" href=\"https:\/\/www.helloasso.com\/associations\/les-ripossiens\/adhesions\/adultes-2025-2026-1\" target=\"_blank\">\n\t\t\t\t\t\t<span class=\"elementor-button-content-wrapper\">\n\t\t\t\t\t\t\t\t\t<span class=\"elementor-button-text\">Je m'inscris<\/span>\n\t\t\t\t\t<\/span>\n\t\t\t\t\t<\/a>\n\t\t\t\t<\/div>\n\t\t\t\t\t\t\t\t<\/div>\n\t\t\t\t<\/div>\n\t\t\t\t\t<\/div>\n\t\t<\/div>\n\t\t\t\t\t<\/div>\n\t\t<\/section>\n\t\t\t\t<\/div>\n\t\t","protected":false},"excerpt":{"rendered":"<p>Description de l&rsquo;atelier Les circle songs sont des chants improvis\u00e9s en cercle, o\u00f9 des boucles m\u00e9lodico-rythmiques se superposent progressivement pour cr\u00e9er une polyphonie \u00e9volutive. Popularis\u00e9e par Bobby McFerrin, notamment avec son c\u00e9l\u00e8bre \u00ab Don&rsquo;t Worry Be Happy \u00bb, cette pratique de chant ancestral offre une exp\u00e9rience musicale collective unique. D\u00e9roulement : Laissez-vous guider, dans un &hellip; <a href=\"https:\/\/ripossiens.fr\/index.php\/activites\/chorale-circle-songs\/\" class=\"more-link\">Continuer la lecture<span class=\"screen-reader-text\"> de &laquo;&nbsp;Atelier Chorale &#8211; Circle songs&nbsp;&raquo;<\/span><\/a><\/p>\n","protected":false},"author":1,"featured_media":0,"parent":2088,"menu_order":0,"comment_status":"closed","ping_status":"closed","template":"","meta":{"footnotes":""},"class_list":["post-3902","page","type-page","status-publish","hentry"],"yoast_head":"<!-- This site is optimized with the Yoast SEO plugin v26.7 - https:\/\/yoast.com\/wordpress\/plugins\/seo\/ -->\n<title>Atelier Chorale - Circle songs - Les Ripossiens<\/title>\n<meta name=\"robots\" content=\"index, follow, max-snippet:-1, max-image-preview:large, max-video-preview:-1\" \/>\n<link rel=\"canonical\" href=\"https:\/\/ripossiens.fr\/index.php\/activites\/chorale-circle-songs\/\" \/>\n<meta property=\"og:locale\" content=\"fr_FR\" \/>\n<meta property=\"og:type\" content=\"article\" \/>\n<meta property=\"og:title\" content=\"Atelier Chorale - Circle songs - Les Ripossiens\" \/>\n<meta property=\"og:description\" content=\"Description de l&rsquo;atelier Les circle songs sont des chants improvis\u00e9s en cercle, o\u00f9 des boucles m\u00e9lodico-rythmiques se superposent progressivement pour cr\u00e9er une polyphonie \u00e9volutive. Popularis\u00e9e par Bobby McFerrin, notamment avec son c\u00e9l\u00e8bre \u00ab Don&rsquo;t Worry Be Happy \u00bb, cette pratique de chant ancestral offre une exp\u00e9rience musicale collective unique. D\u00e9roulement : Laissez-vous guider, dans un &hellip; Continuer la lecture de &laquo;&nbsp;Atelier Chorale &#8211; Circle songs&nbsp;&raquo;\" \/>\n<meta property=\"og:url\" content=\"https:\/\/ripossiens.fr\/index.php\/activites\/chorale-circle-songs\/\" \/>\n<meta property=\"og:site_name\" content=\"Les Ripossiens\" \/>\n<meta property=\"article:publisher\" content=\"https:\/\/www.facebook.com\/Ripossiens\/?locale=fr_FR\" \/>\n<meta property=\"article:modified_time\" content=\"2026-01-08T17:35:19+00:00\" \/>\n<meta property=\"og:image\" content=\"https:\/\/ripossiens.fr\/wp-content\/uploads\/2024\/06\/Chorale-1024.jpg\" \/>\n\t<meta property=\"og:image:width\" content=\"1023\" \/>\n\t<meta property=\"og:image:height\" content=\"500\" \/>\n\t<meta property=\"og:image:type\" content=\"image\/jpeg\" \/>\n<meta name=\"twitter:card\" content=\"summary_large_image\" \/>\n<meta name=\"twitter:label1\" content=\"Dur\u00e9e de lecture estim\u00e9e\" \/>\n\t<meta name=\"twitter:data1\" content=\"2 minutes\" \/>\n<script type=\"application\/ld+json\" class=\"yoast-schema-graph\">{\"@context\":\"https:\/\/schema.org\",\"@graph\":[{\"@type\":\"WebPage\",\"@id\":\"https:\/\/ripossiens.fr\/index.php\/activites\/chorale-circle-songs\/\",\"url\":\"https:\/\/ripossiens.fr\/index.php\/activites\/chorale-circle-songs\/\",\"name\":\"Atelier Chorale - Circle songs - Les Ripossiens\",\"isPartOf\":{\"@id\":\"https:\/\/ripossiens.fr\/#website\"},\"primaryImageOfPage\":{\"@id\":\"https:\/\/ripossiens.fr\/index.php\/activites\/chorale-circle-songs\/#primaryimage\"},\"image\":{\"@id\":\"https:\/\/ripossiens.fr\/index.php\/activites\/chorale-circle-songs\/#primaryimage\"},\"thumbnailUrl\":\"https:\/\/ripossiens.fr\/wp-content\/uploads\/2024\/06\/Chorale-1024.jpg\",\"datePublished\":\"2024-06-18T09:29:51+00:00\",\"dateModified\":\"2026-01-08T17:35:19+00:00\",\"breadcrumb\":{\"@id\":\"https:\/\/ripossiens.fr\/index.php\/activites\/chorale-circle-songs\/#breadcrumb\"},\"inLanguage\":\"fr-FR\",\"potentialAction\":[{\"@type\":\"ReadAction\",\"target\":[\"https:\/\/ripossiens.fr\/index.php\/activites\/chorale-circle-songs\/\"]}]},{\"@type\":\"ImageObject\",\"inLanguage\":\"fr-FR\",\"@id\":\"https:\/\/ripossiens.fr\/index.php\/activites\/chorale-circle-songs\/#primaryimage\",\"url\":\"https:\/\/ripossiens.fr\/wp-content\/uploads\/2024\/06\/Chorale-1024.jpg\",\"contentUrl\":\"https:\/\/ripossiens.fr\/wp-content\/uploads\/2024\/06\/Chorale-1024.jpg\",\"width\":1023,\"height\":500},{\"@type\":\"BreadcrumbList\",\"@id\":\"https:\/\/ripossiens.fr\/index.php\/activites\/chorale-circle-songs\/#breadcrumb\",\"itemListElement\":[{\"@type\":\"ListItem\",\"position\":1,\"name\":\"Accueil\",\"item\":\"https:\/\/ripossiens.fr\/\"},{\"@type\":\"ListItem\",\"position\":2,\"name\":\"Activit\u00e9s 2025-2026\",\"item\":\"https:\/\/ripossiens.fr\/index.php\/activites\/\"},{\"@type\":\"ListItem\",\"position\":3,\"name\":\"Atelier Chorale &#8211; Circle songs\"}]},{\"@type\":\"WebSite\",\"@id\":\"https:\/\/ripossiens.fr\/#website\",\"url\":\"https:\/\/ripossiens.fr\/\",\"name\":\"Les Ripossiens\",\"description\":\"Amicale la\u00efque - Nantes Sud\",\"publisher\":{\"@id\":\"https:\/\/ripossiens.fr\/#organization\"},\"potentialAction\":[{\"@type\":\"SearchAction\",\"target\":{\"@type\":\"EntryPoint\",\"urlTemplate\":\"https:\/\/ripossiens.fr\/?s={search_term_string}\"},\"query-input\":{\"@type\":\"PropertyValueSpecification\",\"valueRequired\":true,\"valueName\":\"search_term_string\"}}],\"inLanguage\":\"fr-FR\"},{\"@type\":\"Organization\",\"@id\":\"https:\/\/ripossiens.fr\/#organization\",\"name\":\"Amicale La\u00efque Les Ripossiens\",\"url\":\"https:\/\/ripossiens.fr\/\",\"logo\":{\"@type\":\"ImageObject\",\"inLanguage\":\"fr-FR\",\"@id\":\"https:\/\/ripossiens.fr\/#\/schema\/logo\/image\/\",\"url\":\"https:\/\/ripossiens.fr\/wp-content\/uploads\/2024\/05\/Logo-Amicale-HD.jpg\",\"contentUrl\":\"https:\/\/ripossiens.fr\/wp-content\/uploads\/2024\/05\/Logo-Amicale-HD.jpg\",\"width\":1000,\"height\":915,\"caption\":\"Amicale La\u00efque Les Ripossiens\"},\"image\":{\"@id\":\"https:\/\/ripossiens.fr\/#\/schema\/logo\/image\/\"},\"sameAs\":[\"https:\/\/www.facebook.com\/Ripossiens\/?locale=fr_FR\"]}]}<\/script>\n<!-- \/ Yoast SEO plugin. -->","yoast_head_json":{"title":"Atelier Chorale - Circle songs - Les Ripossiens","robots":{"index":"index","follow":"follow","max-snippet":"max-snippet:-1","max-image-preview":"max-image-preview:large","max-video-preview":"max-video-preview:-1"},"canonical":"https:\/\/ripossiens.fr\/index.php\/activites\/chorale-circle-songs\/","og_locale":"fr_FR","og_type":"article","og_title":"Atelier Chorale - Circle songs - Les Ripossiens","og_description":"Description de l&rsquo;atelier Les circle songs sont des chants improvis\u00e9s en cercle, o\u00f9 des boucles m\u00e9lodico-rythmiques se superposent progressivement pour cr\u00e9er une polyphonie \u00e9volutive. Popularis\u00e9e par Bobby McFerrin, notamment avec son c\u00e9l\u00e8bre \u00ab Don&rsquo;t Worry Be Happy \u00bb, cette pratique de chant ancestral offre une exp\u00e9rience musicale collective unique. D\u00e9roulement : Laissez-vous guider, dans un &hellip; Continuer la lecture de &laquo;&nbsp;Atelier Chorale &#8211; Circle songs&nbsp;&raquo;","og_url":"https:\/\/ripossiens.fr\/index.php\/activites\/chorale-circle-songs\/","og_site_name":"Les Ripossiens","article_publisher":"https:\/\/www.facebook.com\/Ripossiens\/?locale=fr_FR","article_modified_time":"2026-01-08T17:35:19+00:00","og_image":[{"width":1023,"height":500,"url":"https:\/\/ripossiens.fr\/wp-content\/uploads\/2024\/06\/Chorale-1024.jpg","type":"image\/jpeg"}],"twitter_card":"summary_large_image","twitter_misc":{"Dur\u00e9e de lecture estim\u00e9e":"2 minutes"},"schema":{"@context":"https:\/\/schema.org","@graph":[{"@type":"WebPage","@id":"https:\/\/ripossiens.fr\/index.php\/activites\/chorale-circle-songs\/","url":"https:\/\/ripossiens.fr\/index.php\/activites\/chorale-circle-songs\/","name":"Atelier Chorale - Circle songs - Les Ripossiens","isPartOf":{"@id":"https:\/\/ripossiens.fr\/#website"},"primaryImageOfPage":{"@id":"https:\/\/ripossiens.fr\/index.php\/activites\/chorale-circle-songs\/#primaryimage"},"image":{"@id":"https:\/\/ripossiens.fr\/index.php\/activites\/chorale-circle-songs\/#primaryimage"},"thumbnailUrl":"https:\/\/ripossiens.fr\/wp-content\/uploads\/2024\/06\/Chorale-1024.jpg","datePublished":"2024-06-18T09:29:51+00:00","dateModified":"2026-01-08T17:35:19+00:00","breadcrumb":{"@id":"https:\/\/ripossiens.fr\/index.php\/activites\/chorale-circle-songs\/#breadcrumb"},"inLanguage":"fr-FR","potentialAction":[{"@type":"ReadAction","target":["https:\/\/ripossiens.fr\/index.php\/activites\/chorale-circle-songs\/"]}]},{"@type":"ImageObject","inLanguage":"fr-FR","@id":"https:\/\/ripossiens.fr\/index.php\/activites\/chorale-circle-songs\/#primaryimage","url":"https:\/\/ripossiens.fr\/wp-content\/uploads\/2024\/06\/Chorale-1024.jpg","contentUrl":"https:\/\/ripossiens.fr\/wp-content\/uploads\/2024\/06\/Chorale-1024.jpg","width":1023,"height":500},{"@type":"BreadcrumbList","@id":"https:\/\/ripossiens.fr\/index.php\/activites\/chorale-circle-songs\/#breadcrumb","itemListElement":[{"@type":"ListItem","position":1,"name":"Accueil","item":"https:\/\/ripossiens.fr\/"},{"@type":"ListItem","position":2,"name":"Activit\u00e9s 2025-2026","item":"https:\/\/ripossiens.fr\/index.php\/activites\/"},{"@type":"ListItem","position":3,"name":"Atelier Chorale &#8211; Circle songs"}]},{"@type":"WebSite","@id":"https:\/\/ripossiens.fr\/#website","url":"https:\/\/ripossiens.fr\/","name":"Les Ripossiens","description":"Amicale la\u00efque - Nantes Sud","publisher":{"@id":"https:\/\/ripossiens.fr\/#organization"},"potentialAction":[{"@type":"SearchAction","target":{"@type":"EntryPoint","urlTemplate":"https:\/\/ripossiens.fr\/?s={search_term_string}"},"query-input":{"@type":"PropertyValueSpecification","valueRequired":true,"valueName":"search_term_string"}}],"inLanguage":"fr-FR"},{"@type":"Organization","@id":"https:\/\/ripossiens.fr\/#organization","name":"Amicale La\u00efque Les Ripossiens","url":"https:\/\/ripossiens.fr\/","logo":{"@type":"ImageObject","inLanguage":"fr-FR","@id":"https:\/\/ripossiens.fr\/#\/schema\/logo\/image\/","url":"https:\/\/ripossiens.fr\/wp-content\/uploads\/2024\/05\/Logo-Amicale-HD.jpg","contentUrl":"https:\/\/ripossiens.fr\/wp-content\/uploads\/2024\/05\/Logo-Amicale-HD.jpg","width":1000,"height":915,"caption":"Amicale La\u00efque Les Ripossiens"},"image":{"@id":"https:\/\/ripossiens.fr\/#\/schema\/logo\/image\/"},"sameAs":["https:\/\/www.facebook.com\/Ripossiens\/?locale=fr_FR"]}]}},"_links":{"self":[{"href":"https:\/\/ripossiens.fr\/index.php\/wp-json\/wp\/v2\/pages\/3902","targetHints":{"allow":["GET"]}}],"collection":[{"href":"https:\/\/ripossiens.fr\/index.php\/wp-json\/wp\/v2\/pages"}],"about":[{"href":"https:\/\/ripossiens.fr\/index.php\/wp-json\/wp\/v2\/types\/page"}],"author":[{"embeddable":true,"href":"https:\/\/ripossiens.fr\/index.php\/wp-json\/wp\/v2\/users\/1"}],"replies":[{"embeddable":true,"href":"https:\/\/ripossiens.fr\/index.php\/wp-json\/wp\/v2\/comments?post=3902"}],"version-history":[{"count":27,"href":"https:\/\/ripossiens.fr\/index.php\/wp-json\/wp\/v2\/pages\/3902\/revisions"}],"predecessor-version":[{"id":4475,"href":"https:\/\/ripossiens.fr\/index.php\/wp-json\/wp\/v2\/pages\/3902\/revisions\/4475"}],"up":[{"embeddable":true,"href":"https:\/\/ripossiens.fr\/index.php\/wp-json\/wp\/v2\/pages\/2088"}],"wp:attachment":[{"href":"https:\/\/ripossiens.fr\/index.php\/wp-json\/wp\/v2\/media?parent=3902"}],"curies":[{"name":"wp","href":"https:\/\/api.w.org\/{rel}","templated":true}]}}