{"id":3827,"date":"2024-06-13T09:58:06","date_gmt":"2024-06-13T07:58:06","guid":{"rendered":"https:\/\/ripossiens.fr\/?page_id=3827"},"modified":"2024-10-12T12:11:04","modified_gmt":"2024-10-12T10:11:04","slug":"initiation-danse-enfants-3-6-ans","status":"publish","type":"page","link":"https:\/\/ripossiens.fr\/index.php\/initiation-danse-enfants-3-6-ans\/","title":{"rendered":"Initiation danse enfants 3-6 ans"},"content":{"rendered":"\t\t<div data-elementor-type=\"wp-page\" data-elementor-id=\"3827\" class=\"elementor elementor-3827\">\n\t\t\t\t\t\t<section class=\"elementor-section elementor-top-section elementor-element elementor-element-b89df56 elementor-section-boxed elementor-section-height-default elementor-section-height-default\" data-id=\"b89df56\" data-element_type=\"section\">\n\t\t\t\t\t\t<div class=\"elementor-container elementor-column-gap-default\">\n\t\t\t\t\t<div class=\"elementor-column elementor-col-100 elementor-top-column elementor-element elementor-element-8b46d1b\" data-id=\"8b46d1b\" data-element_type=\"column\">\n\t\t\t<div class=\"elementor-widget-wrap elementor-element-populated\">\n\t\t\t\t\t\t<div class=\"elementor-element elementor-element-6b03467 elementor-widget elementor-widget-image\" data-id=\"6b03467\" data-element_type=\"widget\" data-widget_type=\"image.default\">\n\t\t\t\t<div class=\"elementor-widget-container\">\n\t\t\t\t\t\t\t\t\t\t\t\t\t\t\t<img fetchpriority=\"high\" decoding=\"async\" width=\"840\" height=\"410\" src=\"https:\/\/ripossiens.fr\/wp-content\/uploads\/2024\/06\/Initiation-danse-1024.jpg\" class=\"attachment-large size-large wp-image-3830\" alt=\"\" srcset=\"https:\/\/ripossiens.fr\/wp-content\/uploads\/2024\/06\/Initiation-danse-1024.jpg 1024w, https:\/\/ripossiens.fr\/wp-content\/uploads\/2024\/06\/Initiation-danse-1024-300x146.jpg 300w, https:\/\/ripossiens.fr\/wp-content\/uploads\/2024\/06\/Initiation-danse-1024-768x375.jpg 768w\" sizes=\"(max-width: 709px) 85vw, (max-width: 909px) 67vw, (max-width: 1362px) 62vw, 840px\" \/>\t\t\t\t\t\t\t\t\t\t\t\t\t\t\t<\/div>\n\t\t\t\t<\/div>\n\t\t\t\t<div class=\"elementor-element elementor-element-bebfd6b elementor-widget elementor-widget-heading\" data-id=\"bebfd6b\" data-element_type=\"widget\" data-widget_type=\"heading.default\">\n\t\t\t\t<div class=\"elementor-widget-container\">\n\t\t\t\t\t<h2 class=\"elementor-heading-title elementor-size-default\">Description du cours<\/h2>\t\t\t\t<\/div>\n\t\t\t\t<\/div>\n\t\t\t\t<div class=\"elementor-element elementor-element-bb1a292 elementor-widget elementor-widget-text-editor\" data-id=\"bb1a292\" data-element_type=\"widget\" data-widget_type=\"text-editor.default\">\n\t\t\t\t<div class=\"elementor-widget-container\">\n\t\t\t\t\t\t\t\t\t<p dir=\"ltr\">Notre cours d&rsquo;initiation \u00e0 la danse est une exp\u00e9rience dynamique et amusante sp\u00e9cialement con\u00e7ue pour les enfants de 3 \u00e0 6 ans. Dans cette s\u00e9ance, les enfants exploreront le merveilleux monde du mouvement et de l&rsquo;expression \u00e0 travers la danse. Avec un accent sur le d\u00e9veloppement de la motricit\u00e9, de la coordination et de la cr\u00e9ativit\u00e9, cette s\u00e9ance offre aux enfants l&rsquo;opportunit\u00e9 d&rsquo;apprendre et de profiter de l&rsquo;art de la danse de mani\u00e8re ludique et stimulante.<\/p><p dir=\"ltr\">Tout au long du cours, les enfants participeront \u00e0 une vari\u00e9t\u00e9 d&rsquo;activit\u00e9s con\u00e7ues pour les initier aux bases de la danse de mani\u00e8re accessible et amusante. Des jeux et exercices de mouvement \u00e0 l&rsquo;exploration de diff\u00e9rents styles de danse, les enfants auront l&rsquo;occasion de d\u00e9velopper leur confiance, leur expression corporelle et leurs comp\u00e9tences sociales tout en s&rsquo;amusant \u00e0 danser.<\/p><p dir=\"ltr\">Gr\u00e2ce \u00e0 des exercices et des jeux con\u00e7us pour d\u00e9velopper leur \u00e9quilibre, leur flexibilit\u00e9, leur force et leur coordination, tout en stimulant leur imagination et leur cr\u00e9ativit\u00e9, cette initiation \u00e0 la danse offre aux enfants une exp\u00e9rience enrichissante et stimulante qui les encourage \u00e0 explorer la danse et le mouvement.<\/p><div><strong>B\u00e9n\u00e9fices de l&rsquo;initiation \u00e0 la danse pour les enfants de 3 \u00e0 6 ans :<\/strong><\/div><ul><li style=\"list-style-type: none;\"><ul><li dir=\"ltr\">D\u00e9veloppement de la motricit\u00e9 et de la coordination.<\/li><li dir=\"ltr\">Encouragement de la cr\u00e9ativit\u00e9 et de l&rsquo;expression corporelle.<\/li><li dir=\"ltr\">Am\u00e9lioration de la confiance et de l&rsquo;estime de soi.<\/li><li dir=\"ltr\">Stimulation du d\u00e9veloppement physique et cognitif.<\/li><li dir=\"ltr\">Promotion du travail d&rsquo;\u00e9quipe et de l&rsquo;interaction sociale.<\/li><\/ul><\/li><\/ul>\t\t\t\t\t\t\t\t<\/div>\n\t\t\t\t<\/div>\n\t\t\t\t\t<\/div>\n\t\t<\/div>\n\t\t\t\t\t<\/div>\n\t\t<\/section>\n\t\t\t\t<section class=\"elementor-section elementor-top-section elementor-element elementor-element-957bff1 elementor-section-boxed elementor-section-height-default elementor-section-height-default\" data-id=\"957bff1\" data-element_type=\"section\">\n\t\t\t\t\t\t<div class=\"elementor-container elementor-column-gap-default\">\n\t\t\t\t\t<div class=\"elementor-column elementor-col-100 elementor-top-column elementor-element elementor-element-b5e47c1\" data-id=\"b5e47c1\" data-element_type=\"column\">\n\t\t\t<div class=\"elementor-widget-wrap elementor-element-populated\">\n\t\t\t\t\t\t<div class=\"elementor-element elementor-element-092dd88 elementor-widget elementor-widget-heading\" data-id=\"092dd88\" data-element_type=\"widget\" data-widget_type=\"heading.default\">\n\t\t\t\t<div class=\"elementor-widget-container\">\n\t\t\t\t\t<h2 class=\"elementor-heading-title elementor-size-default\">Intervenante Alejandra Mangas<\/h2>\t\t\t\t<\/div>\n\t\t\t\t<\/div>\n\t\t\t\t\t<\/div>\n\t\t<\/div>\n\t\t\t\t\t<\/div>\n\t\t<\/section>\n\t\t\t\t<section class=\"elementor-section elementor-top-section elementor-element elementor-element-afb574f elementor-section-boxed elementor-section-height-default elementor-section-height-default\" data-id=\"afb574f\" data-element_type=\"section\">\n\t\t\t\t\t\t<div class=\"elementor-container elementor-column-gap-default\">\n\t\t\t\t\t<div class=\"elementor-column elementor-col-33 elementor-top-column elementor-element elementor-element-d154653\" data-id=\"d154653\" data-element_type=\"column\">\n\t\t\t<div class=\"elementor-widget-wrap elementor-element-populated\">\n\t\t\t\t\t\t<div class=\"elementor-element elementor-element-4eeff8b elementor-widget elementor-widget-image\" data-id=\"4eeff8b\" data-element_type=\"widget\" data-widget_type=\"image.default\">\n\t\t\t\t<div class=\"elementor-widget-container\">\n\t\t\t\t\t\t\t\t\t\t\t\t\t\t\t<img decoding=\"async\" src=\"https:\/\/ripossiens.fr\/wp-content\/uploads\/2024\/06\/Alejandra-Mangas-325x200-1.jpeg\" title=\"Alejandra Mangas zumba nantes sud\" alt=\"Alejandra Mangas zumba nantes sud\" loading=\"lazy\" \/>\t\t\t\t\t\t\t\t\t\t\t\t\t\t\t<\/div>\n\t\t\t\t<\/div>\n\t\t\t\t\t<\/div>\n\t\t<\/div>\n\t\t\t\t<div class=\"elementor-column elementor-col-66 elementor-top-column elementor-element elementor-element-10ad853\" data-id=\"10ad853\" data-element_type=\"column\">\n\t\t\t<div class=\"elementor-widget-wrap\">\n\t\t\t\t\t\t\t<\/div>\n\t\t<\/div>\n\t\t\t\t\t<\/div>\n\t\t<\/section>\n\t\t\t\t<section class=\"elementor-section elementor-top-section elementor-element elementor-element-ee24c76 elementor-section-boxed elementor-section-height-default elementor-section-height-default\" data-id=\"ee24c76\" data-element_type=\"section\">\n\t\t\t\t\t\t<div class=\"elementor-container elementor-column-gap-default\">\n\t\t\t\t\t<div class=\"elementor-column elementor-col-100 elementor-top-column elementor-element elementor-element-3876819\" data-id=\"3876819\" data-element_type=\"column\">\n\t\t\t<div class=\"elementor-widget-wrap elementor-element-populated\">\n\t\t\t\t\t\t<div class=\"elementor-element elementor-element-940f55f elementor-widget elementor-widget-heading\" data-id=\"940f55f\" data-element_type=\"widget\" data-widget_type=\"heading.default\">\n\t\t\t\t<div class=\"elementor-widget-container\">\n\t\t\t\t\t<h2 class=\"elementor-heading-title elementor-size-default\">Horaires<\/h2>\t\t\t\t<\/div>\n\t\t\t\t<\/div>\n\t\t\t\t<div class=\"elementor-element elementor-element-807ad87 elementor-widget elementor-widget-text-editor\" data-id=\"807ad87\" data-element_type=\"widget\" data-widget_type=\"text-editor.default\">\n\t\t\t\t<div class=\"elementor-widget-container\">\n\t\t\t\t\t\t\t\t\t<p>Mercredi : 16h45 &#8211; 17h30<\/p>\t\t\t\t\t\t\t\t<\/div>\n\t\t\t\t<\/div>\n\t\t\t\t\t<\/div>\n\t\t<\/div>\n\t\t\t\t\t<\/div>\n\t\t<\/section>\n\t\t\t\t<section class=\"elementor-section elementor-top-section elementor-element elementor-element-f274c8d elementor-section-boxed elementor-section-height-default elementor-section-height-default\" data-id=\"f274c8d\" data-element_type=\"section\">\n\t\t\t\t\t\t<div class=\"elementor-container elementor-column-gap-default\">\n\t\t\t\t\t<div class=\"elementor-column elementor-col-100 elementor-top-column elementor-element elementor-element-c759e38\" data-id=\"c759e38\" data-element_type=\"column\">\n\t\t\t<div class=\"elementor-widget-wrap elementor-element-populated\">\n\t\t\t\t\t\t<div class=\"elementor-element elementor-element-96e096b elementor-widget elementor-widget-heading\" data-id=\"96e096b\" data-element_type=\"widget\" data-widget_type=\"heading.default\">\n\t\t\t\t<div class=\"elementor-widget-container\">\n\t\t\t\t\t<h2 class=\"elementor-heading-title elementor-size-default\">Cotisations annuelles<\/h2>\t\t\t\t<\/div>\n\t\t\t\t<\/div>\n\t\t\t\t<div class=\"elementor-element elementor-element-cf41e90 elementor-widget elementor-widget-text-editor\" data-id=\"cf41e90\" data-element_type=\"widget\" data-widget_type=\"text-editor.default\">\n\t\t\t\t<div class=\"elementor-widget-container\">\n\t\t\t\t\t\t\t\t\t<p>S\u00e9ances hebdomadaires pendant les p\u00e9riodes scolaires (pas de cours pendant les vacances).<\/p><p>Adh\u00e9sion enfants : 11\u20ac<\/p><p>Tarif activit\u00e9 :\u00a0<strong>147\u20ac<\/strong><\/p>\t\t\t\t\t\t\t\t<\/div>\n\t\t\t\t<\/div>\n\t\t\t\t\t<\/div>\n\t\t<\/div>\n\t\t\t\t\t<\/div>\n\t\t<\/section>\n\t\t\t\t<section class=\"elementor-section elementor-top-section elementor-element elementor-element-3c057d1 elementor-section-boxed elementor-section-height-default elementor-section-height-default\" data-id=\"3c057d1\" data-element_type=\"section\">\n\t\t\t\t\t\t<div class=\"elementor-container elementor-column-gap-default\">\n\t\t\t\t\t<div class=\"elementor-column elementor-col-100 elementor-top-column elementor-element elementor-element-48172b7\" data-id=\"48172b7\" data-element_type=\"column\">\n\t\t\t<div class=\"elementor-widget-wrap elementor-element-populated\">\n\t\t\t\t\t\t<div class=\"elementor-element elementor-element-45a9346 elementor-widget elementor-widget-heading\" data-id=\"45a9346\" data-element_type=\"widget\" data-widget_type=\"heading.default\">\n\t\t\t\t<div class=\"elementor-widget-container\">\n\t\t\t\t\t<h2 class=\"elementor-heading-title elementor-size-default\">Lieu de la s\u00e9ance<\/h2>\t\t\t\t<\/div>\n\t\t\t\t<\/div>\n\t\t\t\t<div class=\"elementor-element elementor-element-56fc8ab elementor-widget elementor-widget-text-editor\" data-id=\"56fc8ab\" data-element_type=\"widget\" data-widget_type=\"text-editor.default\">\n\t\t\t\t<div class=\"elementor-widget-container\">\n\t\t\t\t\t\t\t\t\t<p>Ecole Ledru-Rollin<\/p>\t\t\t\t\t\t\t\t<\/div>\n\t\t\t\t<\/div>\n\t\t\t\t\t<\/div>\n\t\t<\/div>\n\t\t\t\t\t<\/div>\n\t\t<\/section>\n\t\t\t\t<section class=\"elementor-section elementor-top-section elementor-element elementor-element-cf03e81 elementor-section-boxed elementor-section-height-default elementor-section-height-default\" data-id=\"cf03e81\" data-element_type=\"section\">\n\t\t\t\t\t\t<div class=\"elementor-container elementor-column-gap-default\">\n\t\t\t\t\t<div class=\"elementor-column elementor-col-100 elementor-top-column elementor-element elementor-element-0fe82b2\" data-id=\"0fe82b2\" data-element_type=\"column\">\n\t\t\t<div class=\"elementor-widget-wrap elementor-element-populated\">\n\t\t\t\t\t\t<div class=\"elementor-element elementor-element-0d0d45b elementor-align-center elementor-widget elementor-widget-button\" data-id=\"0d0d45b\" data-element_type=\"widget\" data-widget_type=\"button.default\">\n\t\t\t\t<div class=\"elementor-widget-container\">\n\t\t\t\t\t\t\t\t\t<div class=\"elementor-button-wrapper\">\n\t\t\t\t\t<a class=\"elementor-button elementor-button-link elementor-size-sm\" href=\"https:\/\/www.helloasso.com\/associations\/les-ripossiens\/adhesions\/enfants-2024-2025\" target=\"_blank\">\n\t\t\t\t\t\t<span class=\"elementor-button-content-wrapper\">\n\t\t\t\t\t\t\t\t\t<span class=\"elementor-button-text\">J'inscris mon enfant<\/span>\n\t\t\t\t\t<\/span>\n\t\t\t\t\t<\/a>\n\t\t\t\t<\/div>\n\t\t\t\t\t\t\t\t<\/div>\n\t\t\t\t<\/div>\n\t\t\t\t\t<\/div>\n\t\t<\/div>\n\t\t\t\t\t<\/div>\n\t\t<\/section>\n\t\t\t\t<\/div>\n\t\t","protected":false},"excerpt":{"rendered":"<p>Description du cours Notre cours d&rsquo;initiation \u00e0 la danse est une exp\u00e9rience dynamique et amusante sp\u00e9cialement con\u00e7ue pour les enfants de 3 \u00e0 6 ans. Dans cette s\u00e9ance, les enfants exploreront le merveilleux monde du mouvement et de l&rsquo;expression \u00e0 travers la danse. Avec un accent sur le d\u00e9veloppement de la motricit\u00e9, de la coordination &hellip; <a href=\"https:\/\/ripossiens.fr\/index.php\/initiation-danse-enfants-3-6-ans\/\" class=\"more-link\">Continuer la lecture<span class=\"screen-reader-text\"> de &laquo;&nbsp;Initiation danse enfants 3-6 ans&nbsp;&raquo;<\/span><\/a><\/p>\n","protected":false},"author":1,"featured_media":0,"parent":0,"menu_order":0,"comment_status":"closed","ping_status":"closed","template":"","meta":{"footnotes":""},"class_list":["post-3827","page","type-page","status-publish","hentry"],"yoast_head":"<!-- This site is optimized with the Yoast SEO plugin v26.7 - https:\/\/yoast.com\/wordpress\/plugins\/seo\/ -->\n<title>Initiation danse enfants 3-6 ans - Les Ripossiens<\/title>\n<meta name=\"robots\" content=\"index, follow, max-snippet:-1, max-image-preview:large, max-video-preview:-1\" \/>\n<link rel=\"canonical\" href=\"https:\/\/ripossiens.fr\/index.php\/initiation-danse-enfants-3-6-ans\/\" \/>\n<meta property=\"og:locale\" content=\"fr_FR\" \/>\n<meta property=\"og:type\" content=\"article\" \/>\n<meta property=\"og:title\" content=\"Initiation danse enfants 3-6 ans - Les Ripossiens\" \/>\n<meta property=\"og:description\" content=\"Description du cours Notre cours d&rsquo;initiation \u00e0 la danse est une exp\u00e9rience dynamique et amusante sp\u00e9cialement con\u00e7ue pour les enfants de 3 \u00e0 6 ans. Dans cette s\u00e9ance, les enfants exploreront le merveilleux monde du mouvement et de l&rsquo;expression \u00e0 travers la danse. Avec un accent sur le d\u00e9veloppement de la motricit\u00e9, de la coordination &hellip; Continuer la lecture de &laquo;&nbsp;Initiation danse enfants 3-6 ans&nbsp;&raquo;\" \/>\n<meta property=\"og:url\" content=\"https:\/\/ripossiens.fr\/index.php\/initiation-danse-enfants-3-6-ans\/\" \/>\n<meta property=\"og:site_name\" content=\"Les Ripossiens\" \/>\n<meta property=\"article:publisher\" content=\"https:\/\/www.facebook.com\/Ripossiens\/?locale=fr_FR\" \/>\n<meta property=\"article:modified_time\" content=\"2024-10-12T10:11:04+00:00\" \/>\n<meta property=\"og:image\" content=\"https:\/\/ripossiens.fr\/wp-content\/uploads\/2024\/06\/Initiation-danse-1024.jpg\" \/>\n<meta name=\"twitter:card\" content=\"summary_large_image\" \/>\n<meta name=\"twitter:label1\" content=\"Dur\u00e9e de lecture estim\u00e9e\" \/>\n\t<meta name=\"twitter:data1\" content=\"2 minutes\" \/>\n<script type=\"application\/ld+json\" class=\"yoast-schema-graph\">{\"@context\":\"https:\/\/schema.org\",\"@graph\":[{\"@type\":\"WebPage\",\"@id\":\"https:\/\/ripossiens.fr\/index.php\/initiation-danse-enfants-3-6-ans\/\",\"url\":\"https:\/\/ripossiens.fr\/index.php\/initiation-danse-enfants-3-6-ans\/\",\"name\":\"Initiation danse enfants 3-6 ans - Les Ripossiens\",\"isPartOf\":{\"@id\":\"https:\/\/ripossiens.fr\/#website\"},\"primaryImageOfPage\":{\"@id\":\"https:\/\/ripossiens.fr\/index.php\/initiation-danse-enfants-3-6-ans\/#primaryimage\"},\"image\":{\"@id\":\"https:\/\/ripossiens.fr\/index.php\/initiation-danse-enfants-3-6-ans\/#primaryimage\"},\"thumbnailUrl\":\"https:\/\/ripossiens.fr\/wp-content\/uploads\/2024\/06\/Initiation-danse-1024.jpg\",\"datePublished\":\"2024-06-13T07:58:06+00:00\",\"dateModified\":\"2024-10-12T10:11:04+00:00\",\"breadcrumb\":{\"@id\":\"https:\/\/ripossiens.fr\/index.php\/initiation-danse-enfants-3-6-ans\/#breadcrumb\"},\"inLanguage\":\"fr-FR\",\"potentialAction\":[{\"@type\":\"ReadAction\",\"target\":[\"https:\/\/ripossiens.fr\/index.php\/initiation-danse-enfants-3-6-ans\/\"]}]},{\"@type\":\"ImageObject\",\"inLanguage\":\"fr-FR\",\"@id\":\"https:\/\/ripossiens.fr\/index.php\/initiation-danse-enfants-3-6-ans\/#primaryimage\",\"url\":\"https:\/\/ripossiens.fr\/wp-content\/uploads\/2024\/06\/Initiation-danse-1024.jpg\",\"contentUrl\":\"https:\/\/ripossiens.fr\/wp-content\/uploads\/2024\/06\/Initiation-danse-1024.jpg\",\"width\":1024,\"height\":500},{\"@type\":\"BreadcrumbList\",\"@id\":\"https:\/\/ripossiens.fr\/index.php\/initiation-danse-enfants-3-6-ans\/#breadcrumb\",\"itemListElement\":[{\"@type\":\"ListItem\",\"position\":1,\"name\":\"Accueil\",\"item\":\"https:\/\/ripossiens.fr\/\"},{\"@type\":\"ListItem\",\"position\":2,\"name\":\"Initiation danse enfants 3-6 ans\"}]},{\"@type\":\"WebSite\",\"@id\":\"https:\/\/ripossiens.fr\/#website\",\"url\":\"https:\/\/ripossiens.fr\/\",\"name\":\"Les Ripossiens\",\"description\":\"Amicale la\u00efque - Nantes Sud\",\"publisher\":{\"@id\":\"https:\/\/ripossiens.fr\/#organization\"},\"potentialAction\":[{\"@type\":\"SearchAction\",\"target\":{\"@type\":\"EntryPoint\",\"urlTemplate\":\"https:\/\/ripossiens.fr\/?s={search_term_string}\"},\"query-input\":{\"@type\":\"PropertyValueSpecification\",\"valueRequired\":true,\"valueName\":\"search_term_string\"}}],\"inLanguage\":\"fr-FR\"},{\"@type\":\"Organization\",\"@id\":\"https:\/\/ripossiens.fr\/#organization\",\"name\":\"Amicale La\u00efque Les Ripossiens\",\"url\":\"https:\/\/ripossiens.fr\/\",\"logo\":{\"@type\":\"ImageObject\",\"inLanguage\":\"fr-FR\",\"@id\":\"https:\/\/ripossiens.fr\/#\/schema\/logo\/image\/\",\"url\":\"https:\/\/ripossiens.fr\/wp-content\/uploads\/2024\/05\/Logo-Amicale-HD.jpg\",\"contentUrl\":\"https:\/\/ripossiens.fr\/wp-content\/uploads\/2024\/05\/Logo-Amicale-HD.jpg\",\"width\":1000,\"height\":915,\"caption\":\"Amicale La\u00efque Les Ripossiens\"},\"image\":{\"@id\":\"https:\/\/ripossiens.fr\/#\/schema\/logo\/image\/\"},\"sameAs\":[\"https:\/\/www.facebook.com\/Ripossiens\/?locale=fr_FR\"]}]}<\/script>\n<!-- \/ Yoast SEO plugin. -->","yoast_head_json":{"title":"Initiation danse enfants 3-6 ans - Les Ripossiens","robots":{"index":"index","follow":"follow","max-snippet":"max-snippet:-1","max-image-preview":"max-image-preview:large","max-video-preview":"max-video-preview:-1"},"canonical":"https:\/\/ripossiens.fr\/index.php\/initiation-danse-enfants-3-6-ans\/","og_locale":"fr_FR","og_type":"article","og_title":"Initiation danse enfants 3-6 ans - Les Ripossiens","og_description":"Description du cours Notre cours d&rsquo;initiation \u00e0 la danse est une exp\u00e9rience dynamique et amusante sp\u00e9cialement con\u00e7ue pour les enfants de 3 \u00e0 6 ans. Dans cette s\u00e9ance, les enfants exploreront le merveilleux monde du mouvement et de l&rsquo;expression \u00e0 travers la danse. Avec un accent sur le d\u00e9veloppement de la motricit\u00e9, de la coordination &hellip; Continuer la lecture de &laquo;&nbsp;Initiation danse enfants 3-6 ans&nbsp;&raquo;","og_url":"https:\/\/ripossiens.fr\/index.php\/initiation-danse-enfants-3-6-ans\/","og_site_name":"Les Ripossiens","article_publisher":"https:\/\/www.facebook.com\/Ripossiens\/?locale=fr_FR","article_modified_time":"2024-10-12T10:11:04+00:00","og_image":[{"url":"https:\/\/ripossiens.fr\/wp-content\/uploads\/2024\/06\/Initiation-danse-1024.jpg","type":"","width":"","height":""}],"twitter_card":"summary_large_image","twitter_misc":{"Dur\u00e9e de lecture estim\u00e9e":"2 minutes"},"schema":{"@context":"https:\/\/schema.org","@graph":[{"@type":"WebPage","@id":"https:\/\/ripossiens.fr\/index.php\/initiation-danse-enfants-3-6-ans\/","url":"https:\/\/ripossiens.fr\/index.php\/initiation-danse-enfants-3-6-ans\/","name":"Initiation danse enfants 3-6 ans - Les Ripossiens","isPartOf":{"@id":"https:\/\/ripossiens.fr\/#website"},"primaryImageOfPage":{"@id":"https:\/\/ripossiens.fr\/index.php\/initiation-danse-enfants-3-6-ans\/#primaryimage"},"image":{"@id":"https:\/\/ripossiens.fr\/index.php\/initiation-danse-enfants-3-6-ans\/#primaryimage"},"thumbnailUrl":"https:\/\/ripossiens.fr\/wp-content\/uploads\/2024\/06\/Initiation-danse-1024.jpg","datePublished":"2024-06-13T07:58:06+00:00","dateModified":"2024-10-12T10:11:04+00:00","breadcrumb":{"@id":"https:\/\/ripossiens.fr\/index.php\/initiation-danse-enfants-3-6-ans\/#breadcrumb"},"inLanguage":"fr-FR","potentialAction":[{"@type":"ReadAction","target":["https:\/\/ripossiens.fr\/index.php\/initiation-danse-enfants-3-6-ans\/"]}]},{"@type":"ImageObject","inLanguage":"fr-FR","@id":"https:\/\/ripossiens.fr\/index.php\/initiation-danse-enfants-3-6-ans\/#primaryimage","url":"https:\/\/ripossiens.fr\/wp-content\/uploads\/2024\/06\/Initiation-danse-1024.jpg","contentUrl":"https:\/\/ripossiens.fr\/wp-content\/uploads\/2024\/06\/Initiation-danse-1024.jpg","width":1024,"height":500},{"@type":"BreadcrumbList","@id":"https:\/\/ripossiens.fr\/index.php\/initiation-danse-enfants-3-6-ans\/#breadcrumb","itemListElement":[{"@type":"ListItem","position":1,"name":"Accueil","item":"https:\/\/ripossiens.fr\/"},{"@type":"ListItem","position":2,"name":"Initiation danse enfants 3-6 ans"}]},{"@type":"WebSite","@id":"https:\/\/ripossiens.fr\/#website","url":"https:\/\/ripossiens.fr\/","name":"Les Ripossiens","description":"Amicale la\u00efque - Nantes Sud","publisher":{"@id":"https:\/\/ripossiens.fr\/#organization"},"potentialAction":[{"@type":"SearchAction","target":{"@type":"EntryPoint","urlTemplate":"https:\/\/ripossiens.fr\/?s={search_term_string}"},"query-input":{"@type":"PropertyValueSpecification","valueRequired":true,"valueName":"search_term_string"}}],"inLanguage":"fr-FR"},{"@type":"Organization","@id":"https:\/\/ripossiens.fr\/#organization","name":"Amicale La\u00efque Les Ripossiens","url":"https:\/\/ripossiens.fr\/","logo":{"@type":"ImageObject","inLanguage":"fr-FR","@id":"https:\/\/ripossiens.fr\/#\/schema\/logo\/image\/","url":"https:\/\/ripossiens.fr\/wp-content\/uploads\/2024\/05\/Logo-Amicale-HD.jpg","contentUrl":"https:\/\/ripossiens.fr\/wp-content\/uploads\/2024\/05\/Logo-Amicale-HD.jpg","width":1000,"height":915,"caption":"Amicale La\u00efque Les Ripossiens"},"image":{"@id":"https:\/\/ripossiens.fr\/#\/schema\/logo\/image\/"},"sameAs":["https:\/\/www.facebook.com\/Ripossiens\/?locale=fr_FR"]}]}},"_links":{"self":[{"href":"https:\/\/ripossiens.fr\/index.php\/wp-json\/wp\/v2\/pages\/3827","targetHints":{"allow":["GET"]}}],"collection":[{"href":"https:\/\/ripossiens.fr\/index.php\/wp-json\/wp\/v2\/pages"}],"about":[{"href":"https:\/\/ripossiens.fr\/index.php\/wp-json\/wp\/v2\/types\/page"}],"author":[{"embeddable":true,"href":"https:\/\/ripossiens.fr\/index.php\/wp-json\/wp\/v2\/users\/1"}],"replies":[{"embeddable":true,"href":"https:\/\/ripossiens.fr\/index.php\/wp-json\/wp\/v2\/comments?post=3827"}],"version-history":[{"count":17,"href":"https:\/\/ripossiens.fr\/index.php\/wp-json\/wp\/v2\/pages\/3827\/revisions"}],"predecessor-version":[{"id":4202,"href":"https:\/\/ripossiens.fr\/index.php\/wp-json\/wp\/v2\/pages\/3827\/revisions\/4202"}],"wp:attachment":[{"href":"https:\/\/ripossiens.fr\/index.php\/wp-json\/wp\/v2\/media?parent=3827"}],"curies":[{"name":"wp","href":"https:\/\/api.w.org\/{rel}","templated":true}]}}