{"id":2307,"date":"2023-06-19T16:07:34","date_gmt":"2023-06-19T14:07:34","guid":{"rendered":"https:\/\/ripossiens.fr\/?page_id=2307"},"modified":"2024-06-01T16:03:17","modified_gmt":"2024-06-01T14:03:17","slug":"presentation-amicale","status":"publish","type":"page","link":"https:\/\/ripossiens.fr\/index.php\/presentation\/presentation-amicale\/","title":{"rendered":"Pr\u00e9sentation de l&rsquo;association"},"content":{"rendered":"\t\t<div data-elementor-type=\"wp-page\" data-elementor-id=\"2307\" class=\"elementor elementor-2307\">\n\t\t\t\t\t\t<section class=\"elementor-section elementor-top-section elementor-element elementor-element-5d4da9f elementor-section-boxed elementor-section-height-default elementor-section-height-default\" data-id=\"5d4da9f\" data-element_type=\"section\">\n\t\t\t\t\t\t<div class=\"elementor-container elementor-column-gap-default\">\n\t\t\t\t\t<div class=\"elementor-column elementor-col-100 elementor-top-column elementor-element elementor-element-5edf5bb\" data-id=\"5edf5bb\" data-element_type=\"column\">\n\t\t\t<div class=\"elementor-widget-wrap elementor-element-populated\">\n\t\t\t\t\t\t<div class=\"elementor-element elementor-element-e55b65e elementor-widget elementor-widget-text-editor\" data-id=\"e55b65e\" data-element_type=\"widget\" data-widget_type=\"text-editor.default\">\n\t\t\t\t<div class=\"elementor-widget-container\">\n\t\t\t\t\t\t\t\t\t<p>L\u2019Amicale a \u00e9t\u00e9 <strong>cr\u00e9\u00e9e en 2001<\/strong> par des parents d\u2019\u00e9l\u00e8ves des \u00e9coles Ledru-Rollin et Sarah Bernhardt . Son but premier \u00e9tait de cr\u00e9er une structure associative pour organiser des \u00e9v\u00e9nements au profit des \u00e9coles\u00a0et \u00e9galement de cr\u00e9er du lien social entre les parents.<\/p><p>Nous sommes rapidement devenus <strong>une association de quartier<\/strong>, d\u00e9passant les murs des \u00e9coles. Les adh\u00e9rents sont des parents d\u2019\u00e9l\u00e8ves mais aussi des habitants du quartier Nantes sud. La municipalit\u00e9 soutient l&rsquo;Amicale car certaines de nos activit\u00e9s compensent le manque de propositions sur notre quartier.<\/p><p style=\"text-align: left;\"><strong>Nous remercions chaleureusement les personnes qui se mobilisent<\/strong> chaque ann\u00e9e pour mettre en\u00a0<span style=\"color: var( --e-global-color-text ); font-family: var( --e-global-typography-text-font-family ), Sans-serif; font-weight: var( --e-global-typography-text-font-weight ); font-size: 1rem;\">place et mener \u00e0 bien les actions de l\u2019Amicale, nos b\u00e9n\u00e9voles, sans qui ces actions ne pourraient exister.<\/span><\/p>\t\t\t\t\t\t\t\t<\/div>\n\t\t\t\t<\/div>\n\t\t\t\t<div class=\"elementor-element elementor-element-e2789c9 elementor-align-center elementor-widget elementor-widget-button\" data-id=\"e2789c9\" data-element_type=\"widget\" data-widget_type=\"button.default\">\n\t\t\t\t<div class=\"elementor-widget-container\">\n\t\t\t\t\t\t\t\t\t<div class=\"elementor-button-wrapper\">\n\t\t\t\t\t<a class=\"elementor-button elementor-button-link elementor-size-sm\" href=\"https:\/\/ripossiens.fr\/index.php\/projet-associatif-amicale-nantes-sud\/\">\n\t\t\t\t\t\t<span class=\"elementor-button-content-wrapper\">\n\t\t\t\t\t\t\t\t\t<span class=\"elementor-button-text\">Consultez notre projet associatif 2023-2028 &gt;<\/span>\n\t\t\t\t\t<\/span>\n\t\t\t\t\t<\/a>\n\t\t\t\t<\/div>\n\t\t\t\t\t\t\t\t<\/div>\n\t\t\t\t<\/div>\n\t\t\t\t\t<\/div>\n\t\t<\/div>\n\t\t\t\t\t<\/div>\n\t\t<\/section>\n\t\t\t\t<section class=\"elementor-section elementor-top-section elementor-element elementor-element-160d569 elementor-section-boxed elementor-section-height-default elementor-section-height-default\" data-id=\"160d569\" data-element_type=\"section\">\n\t\t\t\t\t\t<div class=\"elementor-container elementor-column-gap-default\">\n\t\t\t\t\t<div class=\"elementor-column elementor-col-50 elementor-top-column elementor-element elementor-element-9ba0ade\" data-id=\"9ba0ade\" data-element_type=\"column\">\n\t\t\t<div class=\"elementor-widget-wrap elementor-element-populated\">\n\t\t\t\t\t\t<div class=\"elementor-element elementor-element-10dfa91 elementor-widget elementor-widget-image\" data-id=\"10dfa91\" data-element_type=\"widget\" data-widget_type=\"image.default\">\n\t\t\t\t<div class=\"elementor-widget-container\">\n\t\t\t\t\t\t\t\t\t\t\t\t\t\t\t<img fetchpriority=\"high\" decoding=\"async\" width=\"724\" height=\"1024\" src=\"https:\/\/ripossiens.fr\/wp-content\/uploads\/2024\/05\/LAmicale-laique-des-Ripossiens-recherche-de-nouveaux-benevoles-724x1024.png\" class=\"attachment-large size-large wp-image-3369\" alt=\"\" srcset=\"https:\/\/ripossiens.fr\/wp-content\/uploads\/2024\/05\/LAmicale-laique-des-Ripossiens-recherche-de-nouveaux-benevoles-724x1024.png 724w, https:\/\/ripossiens.fr\/wp-content\/uploads\/2024\/05\/LAmicale-laique-des-Ripossiens-recherche-de-nouveaux-benevoles-212x300.png 212w, https:\/\/ripossiens.fr\/wp-content\/uploads\/2024\/05\/LAmicale-laique-des-Ripossiens-recherche-de-nouveaux-benevoles-768x1086.png 768w, https:\/\/ripossiens.fr\/wp-content\/uploads\/2024\/05\/LAmicale-laique-des-Ripossiens-recherche-de-nouveaux-benevoles-1086x1536.png 1086w, https:\/\/ripossiens.fr\/wp-content\/uploads\/2024\/05\/LAmicale-laique-des-Ripossiens-recherche-de-nouveaux-benevoles-1448x2048.png 1448w, https:\/\/ripossiens.fr\/wp-content\/uploads\/2024\/05\/LAmicale-laique-des-Ripossiens-recherche-de-nouveaux-benevoles-1200x1698.png 1200w, https:\/\/ripossiens.fr\/wp-content\/uploads\/2024\/05\/LAmicale-laique-des-Ripossiens-recherche-de-nouveaux-benevoles.png 1587w\" sizes=\"(max-width: 724px) 85vw, 724px\" \/>\t\t\t\t\t\t\t\t\t\t\t\t\t\t\t<\/div>\n\t\t\t\t<\/div>\n\t\t\t\t\t<\/div>\n\t\t<\/div>\n\t\t\t\t<div class=\"elementor-column elementor-col-50 elementor-top-column elementor-element elementor-element-b64ceda\" data-id=\"b64ceda\" data-element_type=\"column\">\n\t\t\t<div class=\"elementor-widget-wrap elementor-element-populated\">\n\t\t\t\t\t\t<div class=\"elementor-element elementor-element-6153d17 elementor-widget elementor-widget-text-editor\" data-id=\"6153d17\" data-element_type=\"widget\" data-widget_type=\"text-editor.default\">\n\t\t\t\t<div class=\"elementor-widget-container\">\n\t\t\t\t\t\t\t\t\t<p>\u00a0<\/p><p style=\"text-align: left;\">Nous avons sans cesse<strong>\u00a0besoin\u00a0<\/strong><strong>de nouveaux b\u00e9n\u00e9voles<\/strong>\u00a0pour que l\u2019association puisse continuer \u00e0 proposer ses activit\u00e9s et ses actions aupr\u00e8s\u00a0des \u00e9coles et des habitants du quartier Nantes sud.<\/p><p style=\"text-align: center;\"><strong>Rejoignez-nous !<\/strong><\/p><p style=\"text-align: center;\">\u00ab\u00a0Venez comme vous \u00eates \u00bb avec vos envies, vos disponibilit\u00e9s et votre bonne humeur !\u00a0<\/p><p style=\"text-align: center;\">Ecrivez-nous \u00e0 : secretairelesripossiens@gmail.com<\/p>\t\t\t\t\t\t\t\t<\/div>\n\t\t\t\t<\/div>\n\t\t\t\t\t<\/div>\n\t\t<\/div>\n\t\t\t\t\t<\/div>\n\t\t<\/section>\n\t\t\t\t<\/div>\n\t\t","protected":false},"excerpt":{"rendered":"<p>L\u2019Amicale a \u00e9t\u00e9 cr\u00e9\u00e9e en 2001 par des parents d\u2019\u00e9l\u00e8ves des \u00e9coles Ledru-Rollin et Sarah Bernhardt . Son but premier \u00e9tait de cr\u00e9er une structure associative pour organiser des \u00e9v\u00e9nements au profit des \u00e9coles\u00a0et \u00e9galement de cr\u00e9er du lien social entre les parents. Nous sommes rapidement devenus une association de quartier, d\u00e9passant les murs des &hellip; <a href=\"https:\/\/ripossiens.fr\/index.php\/presentation\/presentation-amicale\/\" class=\"more-link\">Continuer la lecture<span class=\"screen-reader-text\"> de &laquo;&nbsp;Pr\u00e9sentation de l&rsquo;association&nbsp;&raquo;<\/span><\/a><\/p>\n","protected":false},"author":1,"featured_media":0,"parent":2202,"menu_order":0,"comment_status":"closed","ping_status":"closed","template":"","meta":{"footnotes":""},"class_list":["post-2307","page","type-page","status-publish","hentry"],"yoast_head":"<!-- This site is optimized with the Yoast SEO plugin v26.7 - https:\/\/yoast.com\/wordpress\/plugins\/seo\/ -->\n<title>Pr\u00e9sentation de l&#039;association - Les Ripossiens<\/title>\n<meta name=\"robots\" content=\"index, follow, max-snippet:-1, max-image-preview:large, max-video-preview:-1\" \/>\n<link rel=\"canonical\" href=\"https:\/\/ripossiens.fr\/index.php\/presentation\/presentation-amicale\/\" \/>\n<meta property=\"og:locale\" content=\"fr_FR\" \/>\n<meta property=\"og:type\" content=\"article\" \/>\n<meta property=\"og:title\" content=\"Pr\u00e9sentation de l&#039;association - Les Ripossiens\" \/>\n<meta property=\"og:description\" content=\"L\u2019Amicale a \u00e9t\u00e9 cr\u00e9\u00e9e en 2001 par des parents d\u2019\u00e9l\u00e8ves des \u00e9coles Ledru-Rollin et Sarah Bernhardt . Son but premier \u00e9tait de cr\u00e9er une structure associative pour organiser des \u00e9v\u00e9nements au profit des \u00e9coles\u00a0et \u00e9galement de cr\u00e9er du lien social entre les parents. Nous sommes rapidement devenus une association de quartier, d\u00e9passant les murs des &hellip; Continuer la lecture de &laquo;&nbsp;Pr\u00e9sentation de l&rsquo;association&nbsp;&raquo;\" \/>\n<meta property=\"og:url\" content=\"https:\/\/ripossiens.fr\/index.php\/presentation\/presentation-amicale\/\" \/>\n<meta property=\"og:site_name\" content=\"Les Ripossiens\" \/>\n<meta property=\"article:publisher\" content=\"https:\/\/www.facebook.com\/Ripossiens\/?locale=fr_FR\" \/>\n<meta property=\"article:modified_time\" content=\"2024-06-01T14:03:17+00:00\" \/>\n<meta property=\"og:image\" content=\"https:\/\/ripossiens.fr\/wp-content\/uploads\/2024\/05\/LAmicale-laique-des-Ripossiens-recherche-de-nouveaux-benevoles-724x1024.png\" \/>\n<meta name=\"twitter:card\" content=\"summary_large_image\" \/>\n<meta name=\"twitter:label1\" content=\"Dur\u00e9e de lecture estim\u00e9e\" \/>\n\t<meta name=\"twitter:data1\" content=\"2 minutes\" \/>\n<script type=\"application\/ld+json\" class=\"yoast-schema-graph\">{\"@context\":\"https:\/\/schema.org\",\"@graph\":[{\"@type\":\"WebPage\",\"@id\":\"https:\/\/ripossiens.fr\/index.php\/presentation\/presentation-amicale\/\",\"url\":\"https:\/\/ripossiens.fr\/index.php\/presentation\/presentation-amicale\/\",\"name\":\"Pr\u00e9sentation de l'association - Les Ripossiens\",\"isPartOf\":{\"@id\":\"https:\/\/ripossiens.fr\/#website\"},\"primaryImageOfPage\":{\"@id\":\"https:\/\/ripossiens.fr\/index.php\/presentation\/presentation-amicale\/#primaryimage\"},\"image\":{\"@id\":\"https:\/\/ripossiens.fr\/index.php\/presentation\/presentation-amicale\/#primaryimage\"},\"thumbnailUrl\":\"https:\/\/ripossiens.fr\/wp-content\/uploads\/2024\/05\/LAmicale-laique-des-Ripossiens-recherche-de-nouveaux-benevoles-724x1024.png\",\"datePublished\":\"2023-06-19T14:07:34+00:00\",\"dateModified\":\"2024-06-01T14:03:17+00:00\",\"breadcrumb\":{\"@id\":\"https:\/\/ripossiens.fr\/index.php\/presentation\/presentation-amicale\/#breadcrumb\"},\"inLanguage\":\"fr-FR\",\"potentialAction\":[{\"@type\":\"ReadAction\",\"target\":[\"https:\/\/ripossiens.fr\/index.php\/presentation\/presentation-amicale\/\"]}]},{\"@type\":\"ImageObject\",\"inLanguage\":\"fr-FR\",\"@id\":\"https:\/\/ripossiens.fr\/index.php\/presentation\/presentation-amicale\/#primaryimage\",\"url\":\"https:\/\/ripossiens.fr\/wp-content\/uploads\/2024\/05\/LAmicale-laique-des-Ripossiens-recherche-de-nouveaux-benevoles.png\",\"contentUrl\":\"https:\/\/ripossiens.fr\/wp-content\/uploads\/2024\/05\/LAmicale-laique-des-Ripossiens-recherche-de-nouveaux-benevoles.png\",\"width\":1587,\"height\":2245},{\"@type\":\"BreadcrumbList\",\"@id\":\"https:\/\/ripossiens.fr\/index.php\/presentation\/presentation-amicale\/#breadcrumb\",\"itemListElement\":[{\"@type\":\"ListItem\",\"position\":1,\"name\":\"Accueil\",\"item\":\"https:\/\/ripossiens.fr\/\"},{\"@type\":\"ListItem\",\"position\":2,\"name\":\"Pr\u00e9sentation de l&rsquo;Amicale\",\"item\":\"https:\/\/ripossiens.fr\/index.php\/presentation\/\"},{\"@type\":\"ListItem\",\"position\":3,\"name\":\"Pr\u00e9sentation de l&rsquo;association\"}]},{\"@type\":\"WebSite\",\"@id\":\"https:\/\/ripossiens.fr\/#website\",\"url\":\"https:\/\/ripossiens.fr\/\",\"name\":\"Les Ripossiens\",\"description\":\"Amicale la\u00efque - Nantes Sud\",\"publisher\":{\"@id\":\"https:\/\/ripossiens.fr\/#organization\"},\"potentialAction\":[{\"@type\":\"SearchAction\",\"target\":{\"@type\":\"EntryPoint\",\"urlTemplate\":\"https:\/\/ripossiens.fr\/?s={search_term_string}\"},\"query-input\":{\"@type\":\"PropertyValueSpecification\",\"valueRequired\":true,\"valueName\":\"search_term_string\"}}],\"inLanguage\":\"fr-FR\"},{\"@type\":\"Organization\",\"@id\":\"https:\/\/ripossiens.fr\/#organization\",\"name\":\"Amicale La\u00efque Les Ripossiens\",\"url\":\"https:\/\/ripossiens.fr\/\",\"logo\":{\"@type\":\"ImageObject\",\"inLanguage\":\"fr-FR\",\"@id\":\"https:\/\/ripossiens.fr\/#\/schema\/logo\/image\/\",\"url\":\"https:\/\/ripossiens.fr\/wp-content\/uploads\/2024\/05\/Logo-Amicale-HD.jpg\",\"contentUrl\":\"https:\/\/ripossiens.fr\/wp-content\/uploads\/2024\/05\/Logo-Amicale-HD.jpg\",\"width\":1000,\"height\":915,\"caption\":\"Amicale La\u00efque Les Ripossiens\"},\"image\":{\"@id\":\"https:\/\/ripossiens.fr\/#\/schema\/logo\/image\/\"},\"sameAs\":[\"https:\/\/www.facebook.com\/Ripossiens\/?locale=fr_FR\"]}]}<\/script>\n<!-- \/ Yoast SEO plugin. -->","yoast_head_json":{"title":"Pr\u00e9sentation de l'association - Les Ripossiens","robots":{"index":"index","follow":"follow","max-snippet":"max-snippet:-1","max-image-preview":"max-image-preview:large","max-video-preview":"max-video-preview:-1"},"canonical":"https:\/\/ripossiens.fr\/index.php\/presentation\/presentation-amicale\/","og_locale":"fr_FR","og_type":"article","og_title":"Pr\u00e9sentation de l'association - Les Ripossiens","og_description":"L\u2019Amicale a \u00e9t\u00e9 cr\u00e9\u00e9e en 2001 par des parents d\u2019\u00e9l\u00e8ves des \u00e9coles Ledru-Rollin et Sarah Bernhardt . Son but premier \u00e9tait de cr\u00e9er une structure associative pour organiser des \u00e9v\u00e9nements au profit des \u00e9coles\u00a0et \u00e9galement de cr\u00e9er du lien social entre les parents. Nous sommes rapidement devenus une association de quartier, d\u00e9passant les murs des &hellip; Continuer la lecture de &laquo;&nbsp;Pr\u00e9sentation de l&rsquo;association&nbsp;&raquo;","og_url":"https:\/\/ripossiens.fr\/index.php\/presentation\/presentation-amicale\/","og_site_name":"Les Ripossiens","article_publisher":"https:\/\/www.facebook.com\/Ripossiens\/?locale=fr_FR","article_modified_time":"2024-06-01T14:03:17+00:00","og_image":[{"url":"https:\/\/ripossiens.fr\/wp-content\/uploads\/2024\/05\/LAmicale-laique-des-Ripossiens-recherche-de-nouveaux-benevoles-724x1024.png","type":"","width":"","height":""}],"twitter_card":"summary_large_image","twitter_misc":{"Dur\u00e9e de lecture estim\u00e9e":"2 minutes"},"schema":{"@context":"https:\/\/schema.org","@graph":[{"@type":"WebPage","@id":"https:\/\/ripossiens.fr\/index.php\/presentation\/presentation-amicale\/","url":"https:\/\/ripossiens.fr\/index.php\/presentation\/presentation-amicale\/","name":"Pr\u00e9sentation de l'association - Les Ripossiens","isPartOf":{"@id":"https:\/\/ripossiens.fr\/#website"},"primaryImageOfPage":{"@id":"https:\/\/ripossiens.fr\/index.php\/presentation\/presentation-amicale\/#primaryimage"},"image":{"@id":"https:\/\/ripossiens.fr\/index.php\/presentation\/presentation-amicale\/#primaryimage"},"thumbnailUrl":"https:\/\/ripossiens.fr\/wp-content\/uploads\/2024\/05\/LAmicale-laique-des-Ripossiens-recherche-de-nouveaux-benevoles-724x1024.png","datePublished":"2023-06-19T14:07:34+00:00","dateModified":"2024-06-01T14:03:17+00:00","breadcrumb":{"@id":"https:\/\/ripossiens.fr\/index.php\/presentation\/presentation-amicale\/#breadcrumb"},"inLanguage":"fr-FR","potentialAction":[{"@type":"ReadAction","target":["https:\/\/ripossiens.fr\/index.php\/presentation\/presentation-amicale\/"]}]},{"@type":"ImageObject","inLanguage":"fr-FR","@id":"https:\/\/ripossiens.fr\/index.php\/presentation\/presentation-amicale\/#primaryimage","url":"https:\/\/ripossiens.fr\/wp-content\/uploads\/2024\/05\/LAmicale-laique-des-Ripossiens-recherche-de-nouveaux-benevoles.png","contentUrl":"https:\/\/ripossiens.fr\/wp-content\/uploads\/2024\/05\/LAmicale-laique-des-Ripossiens-recherche-de-nouveaux-benevoles.png","width":1587,"height":2245},{"@type":"BreadcrumbList","@id":"https:\/\/ripossiens.fr\/index.php\/presentation\/presentation-amicale\/#breadcrumb","itemListElement":[{"@type":"ListItem","position":1,"name":"Accueil","item":"https:\/\/ripossiens.fr\/"},{"@type":"ListItem","position":2,"name":"Pr\u00e9sentation de l&rsquo;Amicale","item":"https:\/\/ripossiens.fr\/index.php\/presentation\/"},{"@type":"ListItem","position":3,"name":"Pr\u00e9sentation de l&rsquo;association"}]},{"@type":"WebSite","@id":"https:\/\/ripossiens.fr\/#website","url":"https:\/\/ripossiens.fr\/","name":"Les Ripossiens","description":"Amicale la\u00efque - Nantes Sud","publisher":{"@id":"https:\/\/ripossiens.fr\/#organization"},"potentialAction":[{"@type":"SearchAction","target":{"@type":"EntryPoint","urlTemplate":"https:\/\/ripossiens.fr\/?s={search_term_string}"},"query-input":{"@type":"PropertyValueSpecification","valueRequired":true,"valueName":"search_term_string"}}],"inLanguage":"fr-FR"},{"@type":"Organization","@id":"https:\/\/ripossiens.fr\/#organization","name":"Amicale La\u00efque Les Ripossiens","url":"https:\/\/ripossiens.fr\/","logo":{"@type":"ImageObject","inLanguage":"fr-FR","@id":"https:\/\/ripossiens.fr\/#\/schema\/logo\/image\/","url":"https:\/\/ripossiens.fr\/wp-content\/uploads\/2024\/05\/Logo-Amicale-HD.jpg","contentUrl":"https:\/\/ripossiens.fr\/wp-content\/uploads\/2024\/05\/Logo-Amicale-HD.jpg","width":1000,"height":915,"caption":"Amicale La\u00efque Les Ripossiens"},"image":{"@id":"https:\/\/ripossiens.fr\/#\/schema\/logo\/image\/"},"sameAs":["https:\/\/www.facebook.com\/Ripossiens\/?locale=fr_FR"]}]}},"_links":{"self":[{"href":"https:\/\/ripossiens.fr\/index.php\/wp-json\/wp\/v2\/pages\/2307","targetHints":{"allow":["GET"]}}],"collection":[{"href":"https:\/\/ripossiens.fr\/index.php\/wp-json\/wp\/v2\/pages"}],"about":[{"href":"https:\/\/ripossiens.fr\/index.php\/wp-json\/wp\/v2\/types\/page"}],"author":[{"embeddable":true,"href":"https:\/\/ripossiens.fr\/index.php\/wp-json\/wp\/v2\/users\/1"}],"replies":[{"embeddable":true,"href":"https:\/\/ripossiens.fr\/index.php\/wp-json\/wp\/v2\/comments?post=2307"}],"version-history":[{"count":59,"href":"https:\/\/ripossiens.fr\/index.php\/wp-json\/wp\/v2\/pages\/2307\/revisions"}],"predecessor-version":[{"id":3480,"href":"https:\/\/ripossiens.fr\/index.php\/wp-json\/wp\/v2\/pages\/2307\/revisions\/3480"}],"up":[{"embeddable":true,"href":"https:\/\/ripossiens.fr\/index.php\/wp-json\/wp\/v2\/pages\/2202"}],"wp:attachment":[{"href":"https:\/\/ripossiens.fr\/index.php\/wp-json\/wp\/v2\/media?parent=2307"}],"curies":[{"name":"wp","href":"https:\/\/api.w.org\/{rel}","templated":true}]}}