{"id":1996,"date":"2022-06-16T09:51:02","date_gmt":"2022-06-16T07:51:02","guid":{"rendered":"http:\/\/ripossiens.fr\/?page_id=1996"},"modified":"2026-01-08T18:35:30","modified_gmt":"2026-01-08T17:35:30","slug":"couture","status":"publish","type":"page","link":"https:\/\/ripossiens.fr\/index.php\/activites\/couture\/","title":{"rendered":"Atelier couture"},"content":{"rendered":"\t\t<div data-elementor-type=\"wp-page\" data-elementor-id=\"1996\" class=\"elementor elementor-1996\">\n\t\t\t\t\t\t<section class=\"elementor-section elementor-top-section elementor-element elementor-element-b8f16f7 elementor-section-boxed elementor-section-height-default elementor-section-height-default\" data-id=\"b8f16f7\" data-element_type=\"section\">\n\t\t\t\t\t\t<div class=\"elementor-container elementor-column-gap-default\">\n\t\t\t\t\t<div class=\"elementor-column elementor-col-100 elementor-top-column elementor-element elementor-element-e7926be\" data-id=\"e7926be\" data-element_type=\"column\">\n\t\t\t<div class=\"elementor-widget-wrap elementor-element-populated\">\n\t\t\t\t\t\t<div class=\"elementor-element elementor-element-b0c2aa8 elementor-widget elementor-widget-image\" data-id=\"b0c2aa8\" data-element_type=\"widget\" data-widget_type=\"image.default\">\n\t\t\t\t<div class=\"elementor-widget-container\">\n\t\t\t\t\t\t\t\t\t\t\t\t\t\t\t<img fetchpriority=\"high\" decoding=\"async\" width=\"1000\" height=\"499\" src=\"https:\/\/ripossiens.fr\/wp-content\/uploads\/2023\/06\/Couture.jpg\" class=\"attachment-full size-full wp-image-2622\" alt=\"\" srcset=\"https:\/\/ripossiens.fr\/wp-content\/uploads\/2023\/06\/Couture.jpg 1000w, https:\/\/ripossiens.fr\/wp-content\/uploads\/2023\/06\/Couture-300x150.jpg 300w, https:\/\/ripossiens.fr\/wp-content\/uploads\/2023\/06\/Couture-768x383.jpg 768w\" sizes=\"(max-width: 709px) 85vw, (max-width: 909px) 67vw, (max-width: 1362px) 62vw, 840px\" \/>\t\t\t\t\t\t\t\t\t\t\t\t\t\t\t<\/div>\n\t\t\t\t<\/div>\n\t\t\t\t\t<\/div>\n\t\t<\/div>\n\t\t\t\t\t<\/div>\n\t\t<\/section>\n\t\t\t\t<section class=\"elementor-section elementor-top-section elementor-element elementor-element-05a3b7f elementor-section-boxed elementor-section-height-default elementor-section-height-default\" data-id=\"05a3b7f\" data-element_type=\"section\">\n\t\t\t\t\t\t<div class=\"elementor-container elementor-column-gap-default\">\n\t\t\t\t\t<div class=\"elementor-column elementor-col-100 elementor-top-column elementor-element elementor-element-ed86d67\" data-id=\"ed86d67\" data-element_type=\"column\">\n\t\t\t<div class=\"elementor-widget-wrap elementor-element-populated\">\n\t\t\t\t\t\t<div class=\"elementor-element elementor-element-d99e72e elementor-widget elementor-widget-text-editor\" data-id=\"d99e72e\" data-element_type=\"widget\" data-widget_type=\"text-editor.default\">\n\t\t\t\t<div class=\"elementor-widget-container\">\n\t\t\t\t\t\t\t\t\t<p>Pour coudre ensemble, pas de \u00ab\u00a0prof\u00a0\u00bb mais des expertes et experts de diff\u00e9rents niveaux : VOUS !<br \/>Venez partager, apprendre et passer un bon moment !<\/p><p>Machine \u00e0 coudre souhait\u00e9e.<\/p><p>Voici la <a href=\"https:\/\/ripossiens.fr\/wp-content\/uploads\/2024\/06\/LISTE-TROUSSE-DE-COUTURE-DE-BASE-2024-2025.pdf\">LISTE-TROUSSE-DE-COUTURE-DE-BASE<\/a>\u00a0\u00e0 apporter lors des ateliers.<\/p>\t\t\t\t\t\t\t\t<\/div>\n\t\t\t\t<\/div>\n\t\t\t\t\t<\/div>\n\t\t<\/div>\n\t\t\t\t\t<\/div>\n\t\t<\/section>\n\t\t\t\t<section class=\"elementor-section elementor-top-section elementor-element elementor-element-a9fa485 elementor-section-boxed elementor-section-height-default elementor-section-height-default\" data-id=\"a9fa485\" data-element_type=\"section\">\n\t\t\t\t\t\t<div class=\"elementor-container elementor-column-gap-default\">\n\t\t\t\t\t<div class=\"elementor-column elementor-col-100 elementor-top-column elementor-element elementor-element-0c252c9\" data-id=\"0c252c9\" data-element_type=\"column\">\n\t\t\t<div class=\"elementor-widget-wrap elementor-element-populated\">\n\t\t\t\t\t\t<div class=\"elementor-element elementor-element-dd62133 elementor-widget elementor-widget-heading\" data-id=\"dd62133\" data-element_type=\"widget\" data-widget_type=\"heading.default\">\n\t\t\t\t<div class=\"elementor-widget-container\">\n\t\t\t\t\t<h2 class=\"elementor-heading-title elementor-size-default\">Horaires <\/h2>\t\t\t\t<\/div>\n\t\t\t\t<\/div>\n\t\t\t\t\t<\/div>\n\t\t<\/div>\n\t\t\t\t\t<\/div>\n\t\t<\/section>\n\t\t\t\t<section class=\"elementor-section elementor-top-section elementor-element elementor-element-f7f9425 elementor-section-boxed elementor-section-height-default elementor-section-height-default\" data-id=\"f7f9425\" data-element_type=\"section\">\n\t\t\t\t\t\t<div class=\"elementor-container elementor-column-gap-default\">\n\t\t\t\t\t<div class=\"elementor-column elementor-col-100 elementor-top-column elementor-element elementor-element-509358f\" data-id=\"509358f\" data-element_type=\"column\">\n\t\t\t<div class=\"elementor-widget-wrap elementor-element-populated\">\n\t\t\t\t\t\t<div class=\"elementor-element elementor-element-aae80b0 elementor-widget elementor-widget-text-editor\" data-id=\"aae80b0\" data-element_type=\"widget\" data-widget_type=\"text-editor.default\">\n\t\t\t\t<div class=\"elementor-widget-container\">\n\t\t\t\t\t\t\t\t\t<p><strong>Les ateliers auront lieu chaque premier vendredi<\/strong> du mois de 19h00-22h00.<\/p>\t\t\t\t\t\t\t\t<\/div>\n\t\t\t\t<\/div>\n\t\t\t\t\t<\/div>\n\t\t<\/div>\n\t\t\t\t\t<\/div>\n\t\t<\/section>\n\t\t\t\t<section class=\"elementor-section elementor-top-section elementor-element elementor-element-b6154bb elementor-section-boxed elementor-section-height-default elementor-section-height-default\" data-id=\"b6154bb\" data-element_type=\"section\">\n\t\t\t\t\t\t<div class=\"elementor-container elementor-column-gap-default\">\n\t\t\t\t\t<div class=\"elementor-column elementor-col-100 elementor-top-column elementor-element elementor-element-14c2b61\" data-id=\"14c2b61\" data-element_type=\"column\">\n\t\t\t<div class=\"elementor-widget-wrap elementor-element-populated\">\n\t\t\t\t\t\t<div class=\"elementor-element elementor-element-a9f1359 elementor-widget elementor-widget-heading\" data-id=\"a9f1359\" data-element_type=\"widget\" data-widget_type=\"heading.default\">\n\t\t\t\t<div class=\"elementor-widget-container\">\n\t\t\t\t\t<h2 class=\"elementor-heading-title elementor-size-default\">Cotisation annuelle<\/h2>\t\t\t\t<\/div>\n\t\t\t\t<\/div>\n\t\t\t\t\t<\/div>\n\t\t<\/div>\n\t\t\t\t\t<\/div>\n\t\t<\/section>\n\t\t\t\t<section class=\"elementor-section elementor-top-section elementor-element elementor-element-83ea83f elementor-section-boxed elementor-section-height-default elementor-section-height-default\" data-id=\"83ea83f\" data-element_type=\"section\">\n\t\t\t\t\t\t<div class=\"elementor-container elementor-column-gap-default\">\n\t\t\t\t\t<div class=\"elementor-column elementor-col-100 elementor-top-column elementor-element elementor-element-7d856ca\" data-id=\"7d856ca\" data-element_type=\"column\">\n\t\t\t<div class=\"elementor-widget-wrap elementor-element-populated\">\n\t\t\t\t\t\t<div class=\"elementor-element elementor-element-b326abe elementor-widget elementor-widget-text-editor\" data-id=\"b326abe\" data-element_type=\"widget\" data-widget_type=\"text-editor.default\">\n\t\t\t\t<div class=\"elementor-widget-container\">\n\t\t\t\t\t\t\t\t\t<p>Adh\u00e9sion Adulte : <strong>23\u20ac<\/strong><\/p><p>Tarif activit\u00e9 : <strong>20\u20ac (participation \u00e0 l&rsquo;achat de petits mat\u00e9riels)<\/strong><\/p>\t\t\t\t\t\t\t\t<\/div>\n\t\t\t\t<\/div>\n\t\t\t\t\t<\/div>\n\t\t<\/div>\n\t\t\t\t\t<\/div>\n\t\t<\/section>\n\t\t\t\t<section class=\"elementor-section elementor-top-section elementor-element elementor-element-ca690f2 elementor-section-boxed elementor-section-height-default elementor-section-height-default\" data-id=\"ca690f2\" data-element_type=\"section\">\n\t\t\t\t\t\t<div class=\"elementor-container elementor-column-gap-default\">\n\t\t\t\t\t<div class=\"elementor-column elementor-col-100 elementor-top-column elementor-element elementor-element-7dcb0eb\" data-id=\"7dcb0eb\" data-element_type=\"column\">\n\t\t\t<div class=\"elementor-widget-wrap elementor-element-populated\">\n\t\t\t\t\t\t<div class=\"elementor-element elementor-element-58de82a elementor-widget elementor-widget-heading\" data-id=\"58de82a\" data-element_type=\"widget\" data-widget_type=\"heading.default\">\n\t\t\t\t<div class=\"elementor-widget-container\">\n\t\t\t\t\t<h2 class=\"elementor-heading-title elementor-size-default\">Lieu de la s\u00e9ance<\/h2>\t\t\t\t<\/div>\n\t\t\t\t<\/div>\n\t\t\t\t\t<\/div>\n\t\t<\/div>\n\t\t\t\t\t<\/div>\n\t\t<\/section>\n\t\t\t\t<section class=\"elementor-section elementor-top-section elementor-element elementor-element-811d9e5 elementor-section-boxed elementor-section-height-default elementor-section-height-default\" data-id=\"811d9e5\" data-element_type=\"section\">\n\t\t\t\t\t\t<div class=\"elementor-container elementor-column-gap-default\">\n\t\t\t\t\t<div class=\"elementor-column elementor-col-100 elementor-top-column elementor-element elementor-element-6e56f76\" data-id=\"6e56f76\" data-element_type=\"column\">\n\t\t\t<div class=\"elementor-widget-wrap elementor-element-populated\">\n\t\t\t\t\t\t<div class=\"elementor-element elementor-element-c0ed155 elementor-widget elementor-widget-text-editor\" data-id=\"c0ed155\" data-element_type=\"widget\" data-widget_type=\"text-editor.default\">\n\t\t\t\t<div class=\"elementor-widget-container\">\n\t\t\t\t\t\t\t\t\t<p><strong>Salle polyvalente<\/strong> \u00c9cole Ledru-Rollin.<\/p>\t\t\t\t\t\t\t\t<\/div>\n\t\t\t\t<\/div>\n\t\t\t\t<div class=\"elementor-element elementor-element-5698f0e elementor-align-center elementor-widget elementor-widget-button\" data-id=\"5698f0e\" data-element_type=\"widget\" data-widget_type=\"button.default\">\n\t\t\t\t<div class=\"elementor-widget-container\">\n\t\t\t\t\t\t\t\t\t<div class=\"elementor-button-wrapper\">\n\t\t\t\t\t<a class=\"elementor-button elementor-button-link elementor-size-sm\" href=\"https:\/\/www.helloasso.com\/associations\/les-ripossiens\/adhesions\/adultes-2025-2026-1\" target=\"_blank\">\n\t\t\t\t\t\t<span class=\"elementor-button-content-wrapper\">\n\t\t\t\t\t\t\t\t\t<span class=\"elementor-button-text\">Je m'inscris<\/span>\n\t\t\t\t\t<\/span>\n\t\t\t\t\t<\/a>\n\t\t\t\t<\/div>\n\t\t\t\t\t\t\t\t<\/div>\n\t\t\t\t<\/div>\n\t\t\t\t\t<\/div>\n\t\t<\/div>\n\t\t\t\t\t<\/div>\n\t\t<\/section>\n\t\t\t\t<section class=\"elementor-section elementor-top-section elementor-element elementor-element-1774800 elementor-section-boxed elementor-section-height-default elementor-section-height-default\" data-id=\"1774800\" data-element_type=\"section\">\n\t\t\t\t\t\t<div class=\"elementor-container elementor-column-gap-default\">\n\t\t\t\t\t<div class=\"elementor-column elementor-col-100 elementor-top-column elementor-element elementor-element-43c55c2\" data-id=\"43c55c2\" data-element_type=\"column\">\n\t\t\t<div class=\"elementor-widget-wrap\">\n\t\t\t\t\t\t\t<\/div>\n\t\t<\/div>\n\t\t\t\t\t<\/div>\n\t\t<\/section>\n\t\t\t\t<\/div>\n\t\t","protected":false},"excerpt":{"rendered":"<p>Pour coudre ensemble, pas de \u00ab\u00a0prof\u00a0\u00bb mais des expertes et experts de diff\u00e9rents niveaux : VOUS !Venez partager, apprendre et passer un bon moment ! Machine \u00e0 coudre souhait\u00e9e. Voici la LISTE-TROUSSE-DE-COUTURE-DE-BASE\u00a0\u00e0 apporter lors des ateliers. Horaires Les ateliers auront lieu chaque premier vendredi du mois de 19h00-22h00. Cotisation annuelle Adh\u00e9sion Adulte : 23\u20ac Tarif &hellip; <a href=\"https:\/\/ripossiens.fr\/index.php\/activites\/couture\/\" class=\"more-link\">Continuer la lecture<span class=\"screen-reader-text\"> de &laquo;&nbsp;Atelier couture&nbsp;&raquo;<\/span><\/a><\/p>\n","protected":false},"author":1,"featured_media":0,"parent":2088,"menu_order":0,"comment_status":"closed","ping_status":"closed","template":"","meta":{"footnotes":""},"class_list":["post-1996","page","type-page","status-publish","hentry"],"yoast_head":"<!-- This site is optimized with the Yoast SEO plugin v26.7 - https:\/\/yoast.com\/wordpress\/plugins\/seo\/ -->\n<title>Atelier couture - Les Ripossiens<\/title>\n<meta name=\"robots\" content=\"index, follow, max-snippet:-1, max-image-preview:large, max-video-preview:-1\" \/>\n<link rel=\"canonical\" href=\"https:\/\/ripossiens.fr\/index.php\/activites\/couture\/\" \/>\n<meta property=\"og:locale\" content=\"fr_FR\" \/>\n<meta property=\"og:type\" content=\"article\" \/>\n<meta property=\"og:title\" content=\"Atelier couture - Les Ripossiens\" \/>\n<meta property=\"og:description\" content=\"Pour coudre ensemble, pas de \u00ab\u00a0prof\u00a0\u00bb mais des expertes et experts de diff\u00e9rents niveaux : VOUS !Venez partager, apprendre et passer un bon moment ! Machine \u00e0 coudre souhait\u00e9e. Voici la LISTE-TROUSSE-DE-COUTURE-DE-BASE\u00a0\u00e0 apporter lors des ateliers. Horaires Les ateliers auront lieu chaque premier vendredi du mois de 19h00-22h00. Cotisation annuelle Adh\u00e9sion Adulte : 23\u20ac Tarif &hellip; Continuer la lecture de &laquo;&nbsp;Atelier couture&nbsp;&raquo;\" \/>\n<meta property=\"og:url\" content=\"https:\/\/ripossiens.fr\/index.php\/activites\/couture\/\" \/>\n<meta property=\"og:site_name\" content=\"Les Ripossiens\" \/>\n<meta property=\"article:publisher\" content=\"https:\/\/www.facebook.com\/Ripossiens\/?locale=fr_FR\" \/>\n<meta property=\"article:modified_time\" content=\"2026-01-08T17:35:30+00:00\" \/>\n<meta property=\"og:image\" content=\"https:\/\/ripossiens.fr\/wp-content\/uploads\/2023\/06\/Couture.jpg\" \/>\n\t<meta property=\"og:image:width\" content=\"1000\" \/>\n\t<meta property=\"og:image:height\" content=\"499\" \/>\n\t<meta property=\"og:image:type\" content=\"image\/jpeg\" \/>\n<meta name=\"twitter:card\" content=\"summary_large_image\" \/>\n<meta name=\"twitter:label1\" content=\"Dur\u00e9e de lecture estim\u00e9e\" \/>\n\t<meta name=\"twitter:data1\" content=\"1 minute\" \/>\n<script type=\"application\/ld+json\" class=\"yoast-schema-graph\">{\"@context\":\"https:\/\/schema.org\",\"@graph\":[{\"@type\":\"WebPage\",\"@id\":\"https:\/\/ripossiens.fr\/index.php\/activites\/couture\/\",\"url\":\"https:\/\/ripossiens.fr\/index.php\/activites\/couture\/\",\"name\":\"Atelier couture - Les Ripossiens\",\"isPartOf\":{\"@id\":\"https:\/\/ripossiens.fr\/#website\"},\"primaryImageOfPage\":{\"@id\":\"https:\/\/ripossiens.fr\/index.php\/activites\/couture\/#primaryimage\"},\"image\":{\"@id\":\"https:\/\/ripossiens.fr\/index.php\/activites\/couture\/#primaryimage\"},\"thumbnailUrl\":\"https:\/\/ripossiens.fr\/wp-content\/uploads\/2023\/06\/Couture.jpg\",\"datePublished\":\"2022-06-16T07:51:02+00:00\",\"dateModified\":\"2026-01-08T17:35:30+00:00\",\"breadcrumb\":{\"@id\":\"https:\/\/ripossiens.fr\/index.php\/activites\/couture\/#breadcrumb\"},\"inLanguage\":\"fr-FR\",\"potentialAction\":[{\"@type\":\"ReadAction\",\"target\":[\"https:\/\/ripossiens.fr\/index.php\/activites\/couture\/\"]}]},{\"@type\":\"ImageObject\",\"inLanguage\":\"fr-FR\",\"@id\":\"https:\/\/ripossiens.fr\/index.php\/activites\/couture\/#primaryimage\",\"url\":\"https:\/\/ripossiens.fr\/wp-content\/uploads\/2023\/06\/Couture.jpg\",\"contentUrl\":\"https:\/\/ripossiens.fr\/wp-content\/uploads\/2023\/06\/Couture.jpg\",\"width\":1000,\"height\":499},{\"@type\":\"BreadcrumbList\",\"@id\":\"https:\/\/ripossiens.fr\/index.php\/activites\/couture\/#breadcrumb\",\"itemListElement\":[{\"@type\":\"ListItem\",\"position\":1,\"name\":\"Accueil\",\"item\":\"https:\/\/ripossiens.fr\/\"},{\"@type\":\"ListItem\",\"position\":2,\"name\":\"Activit\u00e9s 2025-2026\",\"item\":\"https:\/\/ripossiens.fr\/index.php\/activites\/\"},{\"@type\":\"ListItem\",\"position\":3,\"name\":\"Atelier couture\"}]},{\"@type\":\"WebSite\",\"@id\":\"https:\/\/ripossiens.fr\/#website\",\"url\":\"https:\/\/ripossiens.fr\/\",\"name\":\"Les Ripossiens\",\"description\":\"Amicale la\u00efque - Nantes Sud\",\"publisher\":{\"@id\":\"https:\/\/ripossiens.fr\/#organization\"},\"potentialAction\":[{\"@type\":\"SearchAction\",\"target\":{\"@type\":\"EntryPoint\",\"urlTemplate\":\"https:\/\/ripossiens.fr\/?s={search_term_string}\"},\"query-input\":{\"@type\":\"PropertyValueSpecification\",\"valueRequired\":true,\"valueName\":\"search_term_string\"}}],\"inLanguage\":\"fr-FR\"},{\"@type\":\"Organization\",\"@id\":\"https:\/\/ripossiens.fr\/#organization\",\"name\":\"Amicale La\u00efque Les Ripossiens\",\"url\":\"https:\/\/ripossiens.fr\/\",\"logo\":{\"@type\":\"ImageObject\",\"inLanguage\":\"fr-FR\",\"@id\":\"https:\/\/ripossiens.fr\/#\/schema\/logo\/image\/\",\"url\":\"https:\/\/ripossiens.fr\/wp-content\/uploads\/2024\/05\/Logo-Amicale-HD.jpg\",\"contentUrl\":\"https:\/\/ripossiens.fr\/wp-content\/uploads\/2024\/05\/Logo-Amicale-HD.jpg\",\"width\":1000,\"height\":915,\"caption\":\"Amicale La\u00efque Les Ripossiens\"},\"image\":{\"@id\":\"https:\/\/ripossiens.fr\/#\/schema\/logo\/image\/\"},\"sameAs\":[\"https:\/\/www.facebook.com\/Ripossiens\/?locale=fr_FR\"]}]}<\/script>\n<!-- \/ Yoast SEO plugin. -->","yoast_head_json":{"title":"Atelier couture - Les Ripossiens","robots":{"index":"index","follow":"follow","max-snippet":"max-snippet:-1","max-image-preview":"max-image-preview:large","max-video-preview":"max-video-preview:-1"},"canonical":"https:\/\/ripossiens.fr\/index.php\/activites\/couture\/","og_locale":"fr_FR","og_type":"article","og_title":"Atelier couture - Les Ripossiens","og_description":"Pour coudre ensemble, pas de \u00ab\u00a0prof\u00a0\u00bb mais des expertes et experts de diff\u00e9rents niveaux : VOUS !Venez partager, apprendre et passer un bon moment ! Machine \u00e0 coudre souhait\u00e9e. Voici la LISTE-TROUSSE-DE-COUTURE-DE-BASE\u00a0\u00e0 apporter lors des ateliers. Horaires Les ateliers auront lieu chaque premier vendredi du mois de 19h00-22h00. Cotisation annuelle Adh\u00e9sion Adulte : 23\u20ac Tarif &hellip; Continuer la lecture de &laquo;&nbsp;Atelier couture&nbsp;&raquo;","og_url":"https:\/\/ripossiens.fr\/index.php\/activites\/couture\/","og_site_name":"Les Ripossiens","article_publisher":"https:\/\/www.facebook.com\/Ripossiens\/?locale=fr_FR","article_modified_time":"2026-01-08T17:35:30+00:00","og_image":[{"width":1000,"height":499,"url":"https:\/\/ripossiens.fr\/wp-content\/uploads\/2023\/06\/Couture.jpg","type":"image\/jpeg"}],"twitter_card":"summary_large_image","twitter_misc":{"Dur\u00e9e de lecture estim\u00e9e":"1 minute"},"schema":{"@context":"https:\/\/schema.org","@graph":[{"@type":"WebPage","@id":"https:\/\/ripossiens.fr\/index.php\/activites\/couture\/","url":"https:\/\/ripossiens.fr\/index.php\/activites\/couture\/","name":"Atelier couture - Les Ripossiens","isPartOf":{"@id":"https:\/\/ripossiens.fr\/#website"},"primaryImageOfPage":{"@id":"https:\/\/ripossiens.fr\/index.php\/activites\/couture\/#primaryimage"},"image":{"@id":"https:\/\/ripossiens.fr\/index.php\/activites\/couture\/#primaryimage"},"thumbnailUrl":"https:\/\/ripossiens.fr\/wp-content\/uploads\/2023\/06\/Couture.jpg","datePublished":"2022-06-16T07:51:02+00:00","dateModified":"2026-01-08T17:35:30+00:00","breadcrumb":{"@id":"https:\/\/ripossiens.fr\/index.php\/activites\/couture\/#breadcrumb"},"inLanguage":"fr-FR","potentialAction":[{"@type":"ReadAction","target":["https:\/\/ripossiens.fr\/index.php\/activites\/couture\/"]}]},{"@type":"ImageObject","inLanguage":"fr-FR","@id":"https:\/\/ripossiens.fr\/index.php\/activites\/couture\/#primaryimage","url":"https:\/\/ripossiens.fr\/wp-content\/uploads\/2023\/06\/Couture.jpg","contentUrl":"https:\/\/ripossiens.fr\/wp-content\/uploads\/2023\/06\/Couture.jpg","width":1000,"height":499},{"@type":"BreadcrumbList","@id":"https:\/\/ripossiens.fr\/index.php\/activites\/couture\/#breadcrumb","itemListElement":[{"@type":"ListItem","position":1,"name":"Accueil","item":"https:\/\/ripossiens.fr\/"},{"@type":"ListItem","position":2,"name":"Activit\u00e9s 2025-2026","item":"https:\/\/ripossiens.fr\/index.php\/activites\/"},{"@type":"ListItem","position":3,"name":"Atelier couture"}]},{"@type":"WebSite","@id":"https:\/\/ripossiens.fr\/#website","url":"https:\/\/ripossiens.fr\/","name":"Les Ripossiens","description":"Amicale la\u00efque - Nantes Sud","publisher":{"@id":"https:\/\/ripossiens.fr\/#organization"},"potentialAction":[{"@type":"SearchAction","target":{"@type":"EntryPoint","urlTemplate":"https:\/\/ripossiens.fr\/?s={search_term_string}"},"query-input":{"@type":"PropertyValueSpecification","valueRequired":true,"valueName":"search_term_string"}}],"inLanguage":"fr-FR"},{"@type":"Organization","@id":"https:\/\/ripossiens.fr\/#organization","name":"Amicale La\u00efque Les Ripossiens","url":"https:\/\/ripossiens.fr\/","logo":{"@type":"ImageObject","inLanguage":"fr-FR","@id":"https:\/\/ripossiens.fr\/#\/schema\/logo\/image\/","url":"https:\/\/ripossiens.fr\/wp-content\/uploads\/2024\/05\/Logo-Amicale-HD.jpg","contentUrl":"https:\/\/ripossiens.fr\/wp-content\/uploads\/2024\/05\/Logo-Amicale-HD.jpg","width":1000,"height":915,"caption":"Amicale La\u00efque Les Ripossiens"},"image":{"@id":"https:\/\/ripossiens.fr\/#\/schema\/logo\/image\/"},"sameAs":["https:\/\/www.facebook.com\/Ripossiens\/?locale=fr_FR"]}]}},"_links":{"self":[{"href":"https:\/\/ripossiens.fr\/index.php\/wp-json\/wp\/v2\/pages\/1996","targetHints":{"allow":["GET"]}}],"collection":[{"href":"https:\/\/ripossiens.fr\/index.php\/wp-json\/wp\/v2\/pages"}],"about":[{"href":"https:\/\/ripossiens.fr\/index.php\/wp-json\/wp\/v2\/types\/page"}],"author":[{"embeddable":true,"href":"https:\/\/ripossiens.fr\/index.php\/wp-json\/wp\/v2\/users\/1"}],"replies":[{"embeddable":true,"href":"https:\/\/ripossiens.fr\/index.php\/wp-json\/wp\/v2\/comments?post=1996"}],"version-history":[{"count":67,"href":"https:\/\/ripossiens.fr\/index.php\/wp-json\/wp\/v2\/pages\/1996\/revisions"}],"predecessor-version":[{"id":4466,"href":"https:\/\/ripossiens.fr\/index.php\/wp-json\/wp\/v2\/pages\/1996\/revisions\/4466"}],"up":[{"embeddable":true,"href":"https:\/\/ripossiens.fr\/index.php\/wp-json\/wp\/v2\/pages\/2088"}],"wp:attachment":[{"href":"https:\/\/ripossiens.fr\/index.php\/wp-json\/wp\/v2\/media?parent=1996"}],"curies":[{"name":"wp","href":"https:\/\/api.w.org\/{rel}","templated":true}]}}