{"id":1807,"date":"2021-09-21T12:40:55","date_gmt":"2021-09-21T10:40:55","guid":{"rendered":"http:\/\/ripossiens.fr\/?page_id=1807"},"modified":"2023-06-14T17:16:16","modified_gmt":"2023-06-14T15:16:16","slug":"contact","status":"publish","type":"page","link":"https:\/\/ripossiens.fr\/index.php\/contact\/","title":{"rendered":"CONTACT"},"content":{"rendered":"\t\t<div data-elementor-type=\"wp-page\" data-elementor-id=\"1807\" class=\"elementor elementor-1807\">\n\t\t\t\t\t\t<section class=\"elementor-section elementor-top-section elementor-element elementor-element-2e0cba2a elementor-section-boxed elementor-section-height-default elementor-section-height-default\" data-id=\"2e0cba2a\" data-element_type=\"section\">\n\t\t\t\t\t\t<div class=\"elementor-container elementor-column-gap-default\">\n\t\t\t\t\t<div class=\"elementor-column elementor-col-100 elementor-top-column elementor-element elementor-element-44ab6b76\" data-id=\"44ab6b76\" data-element_type=\"column\">\n\t\t\t<div class=\"elementor-widget-wrap elementor-element-populated\">\n\t\t\t\t\t\t<div class=\"elementor-element elementor-element-488cc68c elementor-widget elementor-widget-text-editor\" data-id=\"488cc68c\" data-element_type=\"widget\" data-widget_type=\"text-editor.default\">\n\t\t\t\t<div class=\"elementor-widget-container\">\n\t\t\t\t\t\t\t\t\t<p><\/p>\n<p>Pour toute question ou information, envoyez-nous un mail \ud83d\ude42 \u00e0 :<\/p>\n<p><\/p>\n<p><\/p>\n<p style=\"text-align: center;\"><span style=\"color: #ff6600;\"><strong>secretairelesripossiens@gmail.com<\/strong><\/span><\/p>\n<p><\/p>\n<p><\/p>\n<p>Si vous devez d\u00e9poser ou nous adresser un courrier, nous avons une <strong>boite aux lettres<\/strong> au nom de l&rsquo;Amicale la\u00efque des Ripossiens au : <strong>47 rue Ledru-Rollin, 44200 Nantes.<\/strong><\/p>\n<p>Suivez-nous \u00e9galement sur notre page Facebook Les Ripossiens :<\/p>\n<p><\/p>\t\t\t\t\t\t\t\t<\/div>\n\t\t\t\t<\/div>\n\t\t\t\t\t<\/div>\n\t\t<\/div>\n\t\t\t\t\t<\/div>\n\t\t<\/section>\n\t\t\t\t<section class=\"elementor-section elementor-top-section elementor-element elementor-element-7ccde02 elementor-section-boxed elementor-section-height-default elementor-section-height-default\" data-id=\"7ccde02\" data-element_type=\"section\">\n\t\t\t\t\t\t<div class=\"elementor-container elementor-column-gap-default\">\n\t\t\t\t\t<div class=\"elementor-column elementor-col-100 elementor-top-column elementor-element elementor-element-b6aabb5\" data-id=\"b6aabb5\" data-element_type=\"column\">\n\t\t\t<div class=\"elementor-widget-wrap elementor-element-populated\">\n\t\t\t\t\t\t<div class=\"elementor-element elementor-element-d675562 elementor-view-default elementor-widget elementor-widget-icon\" data-id=\"d675562\" data-element_type=\"widget\" data-widget_type=\"icon.default\">\n\t\t\t\t<div class=\"elementor-widget-container\">\n\t\t\t\t\t\t\t<div class=\"elementor-icon-wrapper\">\n\t\t\t<a class=\"elementor-icon\" href=\"https:\/\/www.facebook.com\/Ripossiens\/\" target=\"_blank\">\n\t\t\t<i aria-hidden=\"true\" class=\"fab fa-facebook\"><\/i>\t\t\t<\/a>\n\t\t<\/div>\n\t\t\t\t\t\t<\/div>\n\t\t\t\t<\/div>\n\t\t\t\t\t<\/div>\n\t\t<\/div>\n\t\t\t\t\t<\/div>\n\t\t<\/section>\n\t\t\t\t<\/div>\n\t\t","protected":false},"excerpt":{"rendered":"<p>Pour toute question ou information, envoyez-nous un mail \ud83d\ude42 \u00e0 : secretairelesripossiens@gmail.com Si vous devez d\u00e9poser ou nous adresser un courrier, nous avons une boite aux lettres au nom de l&rsquo;Amicale la\u00efque des Ripossiens au : 47 rue Ledru-Rollin, 44200 Nantes. Suivez-nous \u00e9galement sur notre page Facebook Les Ripossiens :<\/p>\n","protected":false},"author":1,"featured_media":0,"parent":0,"menu_order":0,"comment_status":"closed","ping_status":"closed","template":"","meta":{"footnotes":""},"class_list":["post-1807","page","type-page","status-publish","hentry"],"yoast_head":"<!-- This site is optimized with the Yoast SEO plugin v26.7 - https:\/\/yoast.com\/wordpress\/plugins\/seo\/ -->\n<title>CONTACT - Les Ripossiens<\/title>\n<meta name=\"robots\" content=\"index, follow, max-snippet:-1, max-image-preview:large, max-video-preview:-1\" \/>\n<link rel=\"canonical\" href=\"https:\/\/ripossiens.fr\/index.php\/contact\/\" \/>\n<meta property=\"og:locale\" content=\"fr_FR\" \/>\n<meta property=\"og:type\" content=\"article\" \/>\n<meta property=\"og:title\" content=\"CONTACT - Les Ripossiens\" \/>\n<meta property=\"og:description\" content=\"Pour toute question ou information, envoyez-nous un mail \ud83d\ude42 \u00e0 : secretairelesripossiens@gmail.com Si vous devez d\u00e9poser ou nous adresser un courrier, nous avons une boite aux lettres au nom de l&rsquo;Amicale la\u00efque des Ripossiens au : 47 rue Ledru-Rollin, 44200 Nantes. Suivez-nous \u00e9galement sur notre page Facebook Les Ripossiens :\" \/>\n<meta property=\"og:url\" content=\"https:\/\/ripossiens.fr\/index.php\/contact\/\" \/>\n<meta property=\"og:site_name\" content=\"Les Ripossiens\" \/>\n<meta property=\"article:publisher\" content=\"https:\/\/www.facebook.com\/Ripossiens\/?locale=fr_FR\" \/>\n<meta property=\"article:modified_time\" content=\"2023-06-14T15:16:16+00:00\" \/>\n<meta name=\"twitter:card\" content=\"summary_large_image\" \/>\n<meta name=\"twitter:label1\" content=\"Dur\u00e9e de lecture estim\u00e9e\" \/>\n\t<meta name=\"twitter:data1\" content=\"1 minute\" \/>\n<script type=\"application\/ld+json\" class=\"yoast-schema-graph\">{\"@context\":\"https:\/\/schema.org\",\"@graph\":[{\"@type\":\"WebPage\",\"@id\":\"https:\/\/ripossiens.fr\/index.php\/contact\/\",\"url\":\"https:\/\/ripossiens.fr\/index.php\/contact\/\",\"name\":\"CONTACT - Les Ripossiens\",\"isPartOf\":{\"@id\":\"https:\/\/ripossiens.fr\/#website\"},\"datePublished\":\"2021-09-21T10:40:55+00:00\",\"dateModified\":\"2023-06-14T15:16:16+00:00\",\"breadcrumb\":{\"@id\":\"https:\/\/ripossiens.fr\/index.php\/contact\/#breadcrumb\"},\"inLanguage\":\"fr-FR\",\"potentialAction\":[{\"@type\":\"ReadAction\",\"target\":[\"https:\/\/ripossiens.fr\/index.php\/contact\/\"]}]},{\"@type\":\"BreadcrumbList\",\"@id\":\"https:\/\/ripossiens.fr\/index.php\/contact\/#breadcrumb\",\"itemListElement\":[{\"@type\":\"ListItem\",\"position\":1,\"name\":\"Accueil\",\"item\":\"https:\/\/ripossiens.fr\/\"},{\"@type\":\"ListItem\",\"position\":2,\"name\":\"CONTACT\"}]},{\"@type\":\"WebSite\",\"@id\":\"https:\/\/ripossiens.fr\/#website\",\"url\":\"https:\/\/ripossiens.fr\/\",\"name\":\"Les Ripossiens\",\"description\":\"Amicale la\u00efque - Nantes Sud\",\"publisher\":{\"@id\":\"https:\/\/ripossiens.fr\/#organization\"},\"potentialAction\":[{\"@type\":\"SearchAction\",\"target\":{\"@type\":\"EntryPoint\",\"urlTemplate\":\"https:\/\/ripossiens.fr\/?s={search_term_string}\"},\"query-input\":{\"@type\":\"PropertyValueSpecification\",\"valueRequired\":true,\"valueName\":\"search_term_string\"}}],\"inLanguage\":\"fr-FR\"},{\"@type\":\"Organization\",\"@id\":\"https:\/\/ripossiens.fr\/#organization\",\"name\":\"Amicale La\u00efque Les Ripossiens\",\"url\":\"https:\/\/ripossiens.fr\/\",\"logo\":{\"@type\":\"ImageObject\",\"inLanguage\":\"fr-FR\",\"@id\":\"https:\/\/ripossiens.fr\/#\/schema\/logo\/image\/\",\"url\":\"https:\/\/ripossiens.fr\/wp-content\/uploads\/2024\/05\/Logo-Amicale-HD.jpg\",\"contentUrl\":\"https:\/\/ripossiens.fr\/wp-content\/uploads\/2024\/05\/Logo-Amicale-HD.jpg\",\"width\":1000,\"height\":915,\"caption\":\"Amicale La\u00efque Les Ripossiens\"},\"image\":{\"@id\":\"https:\/\/ripossiens.fr\/#\/schema\/logo\/image\/\"},\"sameAs\":[\"https:\/\/www.facebook.com\/Ripossiens\/?locale=fr_FR\"]}]}<\/script>\n<!-- \/ Yoast SEO plugin. -->","yoast_head_json":{"title":"CONTACT - Les Ripossiens","robots":{"index":"index","follow":"follow","max-snippet":"max-snippet:-1","max-image-preview":"max-image-preview:large","max-video-preview":"max-video-preview:-1"},"canonical":"https:\/\/ripossiens.fr\/index.php\/contact\/","og_locale":"fr_FR","og_type":"article","og_title":"CONTACT - Les Ripossiens","og_description":"Pour toute question ou information, envoyez-nous un mail \ud83d\ude42 \u00e0 : secretairelesripossiens@gmail.com Si vous devez d\u00e9poser ou nous adresser un courrier, nous avons une boite aux lettres au nom de l&rsquo;Amicale la\u00efque des Ripossiens au : 47 rue Ledru-Rollin, 44200 Nantes. Suivez-nous \u00e9galement sur notre page Facebook Les Ripossiens :","og_url":"https:\/\/ripossiens.fr\/index.php\/contact\/","og_site_name":"Les Ripossiens","article_publisher":"https:\/\/www.facebook.com\/Ripossiens\/?locale=fr_FR","article_modified_time":"2023-06-14T15:16:16+00:00","twitter_card":"summary_large_image","twitter_misc":{"Dur\u00e9e de lecture estim\u00e9e":"1 minute"},"schema":{"@context":"https:\/\/schema.org","@graph":[{"@type":"WebPage","@id":"https:\/\/ripossiens.fr\/index.php\/contact\/","url":"https:\/\/ripossiens.fr\/index.php\/contact\/","name":"CONTACT - Les Ripossiens","isPartOf":{"@id":"https:\/\/ripossiens.fr\/#website"},"datePublished":"2021-09-21T10:40:55+00:00","dateModified":"2023-06-14T15:16:16+00:00","breadcrumb":{"@id":"https:\/\/ripossiens.fr\/index.php\/contact\/#breadcrumb"},"inLanguage":"fr-FR","potentialAction":[{"@type":"ReadAction","target":["https:\/\/ripossiens.fr\/index.php\/contact\/"]}]},{"@type":"BreadcrumbList","@id":"https:\/\/ripossiens.fr\/index.php\/contact\/#breadcrumb","itemListElement":[{"@type":"ListItem","position":1,"name":"Accueil","item":"https:\/\/ripossiens.fr\/"},{"@type":"ListItem","position":2,"name":"CONTACT"}]},{"@type":"WebSite","@id":"https:\/\/ripossiens.fr\/#website","url":"https:\/\/ripossiens.fr\/","name":"Les Ripossiens","description":"Amicale la\u00efque - Nantes Sud","publisher":{"@id":"https:\/\/ripossiens.fr\/#organization"},"potentialAction":[{"@type":"SearchAction","target":{"@type":"EntryPoint","urlTemplate":"https:\/\/ripossiens.fr\/?s={search_term_string}"},"query-input":{"@type":"PropertyValueSpecification","valueRequired":true,"valueName":"search_term_string"}}],"inLanguage":"fr-FR"},{"@type":"Organization","@id":"https:\/\/ripossiens.fr\/#organization","name":"Amicale La\u00efque Les Ripossiens","url":"https:\/\/ripossiens.fr\/","logo":{"@type":"ImageObject","inLanguage":"fr-FR","@id":"https:\/\/ripossiens.fr\/#\/schema\/logo\/image\/","url":"https:\/\/ripossiens.fr\/wp-content\/uploads\/2024\/05\/Logo-Amicale-HD.jpg","contentUrl":"https:\/\/ripossiens.fr\/wp-content\/uploads\/2024\/05\/Logo-Amicale-HD.jpg","width":1000,"height":915,"caption":"Amicale La\u00efque Les Ripossiens"},"image":{"@id":"https:\/\/ripossiens.fr\/#\/schema\/logo\/image\/"},"sameAs":["https:\/\/www.facebook.com\/Ripossiens\/?locale=fr_FR"]}]}},"_links":{"self":[{"href":"https:\/\/ripossiens.fr\/index.php\/wp-json\/wp\/v2\/pages\/1807","targetHints":{"allow":["GET"]}}],"collection":[{"href":"https:\/\/ripossiens.fr\/index.php\/wp-json\/wp\/v2\/pages"}],"about":[{"href":"https:\/\/ripossiens.fr\/index.php\/wp-json\/wp\/v2\/types\/page"}],"author":[{"embeddable":true,"href":"https:\/\/ripossiens.fr\/index.php\/wp-json\/wp\/v2\/users\/1"}],"replies":[{"embeddable":true,"href":"https:\/\/ripossiens.fr\/index.php\/wp-json\/wp\/v2\/comments?post=1807"}],"version-history":[{"count":20,"href":"https:\/\/ripossiens.fr\/index.php\/wp-json\/wp\/v2\/pages\/1807\/revisions"}],"predecessor-version":[{"id":2619,"href":"https:\/\/ripossiens.fr\/index.php\/wp-json\/wp\/v2\/pages\/1807\/revisions\/2619"}],"wp:attachment":[{"href":"https:\/\/ripossiens.fr\/index.php\/wp-json\/wp\/v2\/media?parent=1807"}],"curies":[{"name":"wp","href":"https:\/\/api.w.org\/{rel}","templated":true}]}}