{"id":1695,"date":"2021-06-22T15:23:45","date_gmt":"2021-06-22T13:23:45","guid":{"rendered":"http:\/\/ripossiens.fr\/?page_id=1695"},"modified":"2026-01-08T18:38:54","modified_gmt":"2026-01-08T17:38:54","slug":"ukulele-2","status":"publish","type":"page","link":"https:\/\/ripossiens.fr\/index.php\/activites\/ukulele-2\/","title":{"rendered":"Ukul\u00e9l\u00e9"},"content":{"rendered":"\t\t<div data-elementor-type=\"wp-page\" data-elementor-id=\"1695\" class=\"elementor elementor-1695\">\n\t\t\t\t\t\t<section class=\"elementor-section elementor-top-section elementor-element elementor-element-c028abf elementor-section-boxed elementor-section-height-default elementor-section-height-default\" data-id=\"c028abf\" data-element_type=\"section\">\n\t\t\t\t\t\t<div class=\"elementor-container elementor-column-gap-default\">\n\t\t\t\t\t<div class=\"elementor-column elementor-col-100 elementor-top-column elementor-element elementor-element-75de054\" data-id=\"75de054\" data-element_type=\"column\">\n\t\t\t<div class=\"elementor-widget-wrap elementor-element-populated\">\n\t\t\t\t\t\t<div class=\"elementor-element elementor-element-275d8e4 elementor-widget elementor-widget-image\" data-id=\"275d8e4\" data-element_type=\"widget\" data-widget_type=\"image.default\">\n\t\t\t\t<div class=\"elementor-widget-container\">\n\t\t\t\t\t\t\t\t\t\t\t\t\t\t\t<img fetchpriority=\"high\" decoding=\"async\" width=\"1000\" height=\"501\" src=\"https:\/\/ripossiens.fr\/wp-content\/uploads\/2023\/06\/Ukulele.jpg\" class=\"attachment-full size-full wp-image-2637\" alt=\"\" srcset=\"https:\/\/ripossiens.fr\/wp-content\/uploads\/2023\/06\/Ukulele.jpg 1000w, https:\/\/ripossiens.fr\/wp-content\/uploads\/2023\/06\/Ukulele-300x150.jpg 300w, https:\/\/ripossiens.fr\/wp-content\/uploads\/2023\/06\/Ukulele-768x385.jpg 768w\" sizes=\"(max-width: 709px) 85vw, (max-width: 909px) 67vw, (max-width: 1362px) 62vw, 840px\" \/>\t\t\t\t\t\t\t\t\t\t\t\t\t\t\t<\/div>\n\t\t\t\t<\/div>\n\t\t\t\t\t<\/div>\n\t\t<\/div>\n\t\t\t\t\t<\/div>\n\t\t<\/section>\n\t\t\t\t<section class=\"elementor-section elementor-top-section elementor-element elementor-element-2b12c16e elementor-section-boxed elementor-section-height-default elementor-section-height-default\" data-id=\"2b12c16e\" data-element_type=\"section\">\n\t\t\t\t\t\t<div class=\"elementor-container elementor-column-gap-default\">\n\t\t\t\t\t<div class=\"elementor-column elementor-col-100 elementor-top-column elementor-element elementor-element-188c71b0\" data-id=\"188c71b0\" data-element_type=\"column\">\n\t\t\t<div class=\"elementor-widget-wrap elementor-element-populated\">\n\t\t\t\t\t\t<div class=\"elementor-element elementor-element-60a936ea elementor-widget elementor-widget-text-editor\" data-id=\"60a936ea\" data-element_type=\"widget\" data-widget_type=\"text-editor.default\">\n\t\t\t\t<div class=\"elementor-widget-container\">\n\t\t\t\t\t\t\t\t\t<p><\/p>\n<p>Venez d\u00e9couvrir et apprendre les bases du ukul\u00e9l\u00e9 !<br \/>Le ukul\u00e9l\u00e9, ce sont des accords pour accompagner des chansons que vous aimez, agr\u00e9ment\u00e9s de rythmiques de styles vari\u00e9s.<br \/>Connaissance en musique non requise, bonne humeur exig\u00e9e !<\/p>\n<figure class=\"wp-block-gallery has-nested-images columns-default is-cropped\">\n<p><\/p>\n<\/figure>\n<p><!-- \/wp:gallery --><\/p>\n<p><!-- wp:paragraph --><\/p>\n<p><!-- \/wp:paragraph --><\/p>\n<p><!-- wp:paragraph --><\/p>\n<p><!-- \/wp:paragraph --><\/p>\n<p><!-- wp:paragraph --><\/p>\n<p><!-- \/wp:paragraph --><\/p>\n<p><!-- wp:heading {\"textAlign\":\"center\"} --><\/p>\n<p><!-- \/wp:heading --><\/p>\n<p><!-- wp:paragraph {\"align\":\"left\"} --><\/p>\n<p><!-- \/wp:paragraph --><\/p>\n<p><!-- wp:paragraph --><\/p>\n<p><!-- \/wp:paragraph --><\/p>\n<p><!-- wp:paragraph --><\/p>\n<p><!-- \/wp:paragraph --><\/p>\t\t\t\t\t\t\t\t<\/div>\n\t\t\t\t<\/div>\n\t\t\t\t\t<\/div>\n\t\t<\/div>\n\t\t\t\t\t<\/div>\n\t\t<\/section>\n\t\t\t\t<section class=\"elementor-section elementor-top-section elementor-element elementor-element-22defb3 elementor-section-boxed elementor-section-height-default elementor-section-height-default\" data-id=\"22defb3\" data-element_type=\"section\">\n\t\t\t\t\t\t<div class=\"elementor-container elementor-column-gap-default\">\n\t\t\t\t\t<div class=\"elementor-column elementor-col-100 elementor-top-column elementor-element elementor-element-5285ecb\" data-id=\"5285ecb\" data-element_type=\"column\">\n\t\t\t<div class=\"elementor-widget-wrap elementor-element-populated\">\n\t\t\t\t\t\t<div class=\"elementor-element elementor-element-7e37ad0 elementor-widget elementor-widget-heading\" data-id=\"7e37ad0\" data-element_type=\"widget\" data-widget_type=\"heading.default\">\n\t\t\t\t<div class=\"elementor-widget-container\">\n\t\t\t\t\t<h2 class=\"elementor-heading-title elementor-size-default\">Intervenante : Za\u00efna Hmida<\/h2>\t\t\t\t<\/div>\n\t\t\t\t<\/div>\n\t\t\t\t\t<\/div>\n\t\t<\/div>\n\t\t\t\t\t<\/div>\n\t\t<\/section>\n\t\t\t\t<section class=\"elementor-section elementor-top-section elementor-element elementor-element-46a5f7a elementor-section-boxed elementor-section-height-default elementor-section-height-default\" data-id=\"46a5f7a\" data-element_type=\"section\">\n\t\t\t\t\t\t<div class=\"elementor-container elementor-column-gap-default\">\n\t\t\t\t\t<div class=\"elementor-column elementor-col-33 elementor-top-column elementor-element elementor-element-ba83498\" data-id=\"ba83498\" data-element_type=\"column\">\n\t\t\t<div class=\"elementor-widget-wrap elementor-element-populated\">\n\t\t\t\t\t\t<div class=\"elementor-element elementor-element-4b6d6e3 elementor-widget elementor-widget-image\" data-id=\"4b6d6e3\" data-element_type=\"widget\" data-widget_type=\"image.default\">\n\t\t\t\t<div class=\"elementor-widget-container\">\n\t\t\t\t\t\t\t\t\t\t\t\t\t\t\t<img decoding=\"async\" width=\"200\" height=\"325\" src=\"https:\/\/ripossiens.fr\/wp-content\/uploads\/2023\/06\/Zaina.jpg\" class=\"attachment-full size-full wp-image-2638\" alt=\"\" srcset=\"https:\/\/ripossiens.fr\/wp-content\/uploads\/2023\/06\/Zaina.jpg 200w, https:\/\/ripossiens.fr\/wp-content\/uploads\/2023\/06\/Zaina-185x300.jpg 185w\" sizes=\"(max-width: 200px) 85vw, 200px\" \/>\t\t\t\t\t\t\t\t\t\t\t\t\t\t\t<\/div>\n\t\t\t\t<\/div>\n\t\t\t\t\t<\/div>\n\t\t<\/div>\n\t\t\t\t<div class=\"elementor-column elementor-col-66 elementor-top-column elementor-element elementor-element-ccd761d\" data-id=\"ccd761d\" data-element_type=\"column\">\n\t\t\t<div class=\"elementor-widget-wrap\">\n\t\t\t\t\t\t\t<\/div>\n\t\t<\/div>\n\t\t\t\t\t<\/div>\n\t\t<\/section>\n\t\t\t\t<section class=\"elementor-section elementor-top-section elementor-element elementor-element-30e7263 elementor-section-boxed elementor-section-height-default elementor-section-height-default\" data-id=\"30e7263\" data-element_type=\"section\">\n\t\t\t\t\t\t<div class=\"elementor-container elementor-column-gap-default\">\n\t\t\t\t\t<div class=\"elementor-column elementor-col-100 elementor-top-column elementor-element elementor-element-7eec841\" data-id=\"7eec841\" data-element_type=\"column\">\n\t\t\t<div class=\"elementor-widget-wrap elementor-element-populated\">\n\t\t\t\t\t\t<div class=\"elementor-element elementor-element-39fc5ac elementor-widget elementor-widget-heading\" data-id=\"39fc5ac\" data-element_type=\"widget\" data-widget_type=\"heading.default\">\n\t\t\t\t<div class=\"elementor-widget-container\">\n\t\t\t\t\t<h2 class=\"elementor-heading-title elementor-size-default\">Horaires<\/h2>\t\t\t\t<\/div>\n\t\t\t\t<\/div>\n\t\t\t\t\t<\/div>\n\t\t<\/div>\n\t\t\t\t\t<\/div>\n\t\t<\/section>\n\t\t\t\t<section class=\"elementor-section elementor-top-section elementor-element elementor-element-1638c3f elementor-section-boxed elementor-section-height-default elementor-section-height-default\" data-id=\"1638c3f\" data-element_type=\"section\">\n\t\t\t\t\t\t<div class=\"elementor-container elementor-column-gap-default\">\n\t\t\t\t\t<div class=\"elementor-column elementor-col-100 elementor-top-column elementor-element elementor-element-55cadaf\" data-id=\"55cadaf\" data-element_type=\"column\">\n\t\t\t<div class=\"elementor-widget-wrap elementor-element-populated\">\n\t\t\t\t\t\t<div class=\"elementor-element elementor-element-adb8001 elementor-widget elementor-widget-text-editor\" data-id=\"adb8001\" data-element_type=\"widget\" data-widget_type=\"text-editor.default\">\n\t\t\t\t<div class=\"elementor-widget-container\">\n\t\t\t\t\t\t\t\t\t<p><strong>Cours Adultes d\u00e9butants<\/strong> : <strong>Samedi<\/strong> 11h45-12h45<\/p>\n<p><strong>Cours Adultes initi\u00e9s : Mardi<\/strong> 18h30-19h30<\/p>\t\t\t\t\t\t\t\t<\/div>\n\t\t\t\t<\/div>\n\t\t\t\t\t<\/div>\n\t\t<\/div>\n\t\t\t\t\t<\/div>\n\t\t<\/section>\n\t\t\t\t<section class=\"elementor-section elementor-top-section elementor-element elementor-element-991c706 elementor-section-boxed elementor-section-height-default elementor-section-height-default\" data-id=\"991c706\" data-element_type=\"section\">\n\t\t\t\t\t\t<div class=\"elementor-container elementor-column-gap-default\">\n\t\t\t\t\t<div class=\"elementor-column elementor-col-100 elementor-top-column elementor-element elementor-element-904285c\" data-id=\"904285c\" data-element_type=\"column\">\n\t\t\t<div class=\"elementor-widget-wrap elementor-element-populated\">\n\t\t\t\t\t\t<div class=\"elementor-element elementor-element-0ccbbd1 elementor-widget elementor-widget-heading\" data-id=\"0ccbbd1\" data-element_type=\"widget\" data-widget_type=\"heading.default\">\n\t\t\t\t<div class=\"elementor-widget-container\">\n\t\t\t\t\t<h2 class=\"elementor-heading-title elementor-size-default\">Cotisation annuelle<\/h2>\t\t\t\t<\/div>\n\t\t\t\t<\/div>\n\t\t\t\t\t<\/div>\n\t\t<\/div>\n\t\t\t\t\t<\/div>\n\t\t<\/section>\n\t\t\t\t<section class=\"elementor-section elementor-top-section elementor-element elementor-element-1b497db elementor-section-boxed elementor-section-height-default elementor-section-height-default\" data-id=\"1b497db\" data-element_type=\"section\">\n\t\t\t\t\t\t<div class=\"elementor-container elementor-column-gap-default\">\n\t\t\t\t\t<div class=\"elementor-column elementor-col-100 elementor-top-column elementor-element elementor-element-f609ebc\" data-id=\"f609ebc\" data-element_type=\"column\">\n\t\t\t<div class=\"elementor-widget-wrap elementor-element-populated\">\n\t\t\t\t\t\t<div class=\"elementor-element elementor-element-95f2fb9 elementor-widget elementor-widget-text-editor\" data-id=\"95f2fb9\" data-element_type=\"widget\" data-widget_type=\"text-editor.default\">\n\t\t\t\t<div class=\"elementor-widget-container\">\n\t\t\t\t\t\t\t\t\t<p>S\u00e9ances hebdomadaires pendant les p\u00e9riodes scolaires (pas de cours pendant les vacances).<\/p>\n<p>Adultes : Adh\u00e9sion <strong>23\u20ac<\/strong> \/ Tarif activit\u00e9 : <strong>150\u20ac<\/strong><\/p>\t\t\t\t\t\t\t\t<\/div>\n\t\t\t\t<\/div>\n\t\t\t\t\t<\/div>\n\t\t<\/div>\n\t\t\t\t\t<\/div>\n\t\t<\/section>\n\t\t\t\t<section class=\"elementor-section elementor-top-section elementor-element elementor-element-3e60646 elementor-section-boxed elementor-section-height-default elementor-section-height-default\" data-id=\"3e60646\" data-element_type=\"section\">\n\t\t\t\t\t\t<div class=\"elementor-container elementor-column-gap-default\">\n\t\t\t\t\t<div class=\"elementor-column elementor-col-100 elementor-top-column elementor-element elementor-element-63ca159\" data-id=\"63ca159\" data-element_type=\"column\">\n\t\t\t<div class=\"elementor-widget-wrap elementor-element-populated\">\n\t\t\t\t\t\t<div class=\"elementor-element elementor-element-f577006 elementor-widget elementor-widget-heading\" data-id=\"f577006\" data-element_type=\"widget\" data-widget_type=\"heading.default\">\n\t\t\t\t<div class=\"elementor-widget-container\">\n\t\t\t\t\t<h2 class=\"elementor-heading-title elementor-size-default\">Lieu de la s\u00e9ance<\/h2>\t\t\t\t<\/div>\n\t\t\t\t<\/div>\n\t\t\t\t\t<\/div>\n\t\t<\/div>\n\t\t\t\t\t<\/div>\n\t\t<\/section>\n\t\t\t\t<section class=\"elementor-section elementor-top-section elementor-element elementor-element-e0f5862 elementor-section-boxed elementor-section-height-default elementor-section-height-default\" data-id=\"e0f5862\" data-element_type=\"section\">\n\t\t\t\t\t\t<div class=\"elementor-container elementor-column-gap-default\">\n\t\t\t\t\t<div class=\"elementor-column elementor-col-100 elementor-top-column elementor-element elementor-element-a9b8177\" data-id=\"a9b8177\" data-element_type=\"column\">\n\t\t\t<div class=\"elementor-widget-wrap elementor-element-populated\">\n\t\t\t\t\t\t<div class=\"elementor-element elementor-element-2c7ad87 elementor-widget elementor-widget-text-editor\" data-id=\"2c7ad87\" data-element_type=\"widget\" data-widget_type=\"text-editor.default\">\n\t\t\t\t<div class=\"elementor-widget-container\">\n\t\t\t\t\t\t\t\t\t<p>\u00c9cole Alice Milliat : salle polyvalente.<\/p>\t\t\t\t\t\t\t\t<\/div>\n\t\t\t\t<\/div>\n\t\t\t\t<div class=\"elementor-element elementor-element-02847f8 elementor-align-center elementor-widget elementor-widget-button\" data-id=\"02847f8\" data-element_type=\"widget\" data-widget_type=\"button.default\">\n\t\t\t\t<div class=\"elementor-widget-container\">\n\t\t\t\t\t\t\t\t\t<div class=\"elementor-button-wrapper\">\n\t\t\t\t\t<a class=\"elementor-button elementor-button-link elementor-size-sm\" href=\"https:\/\/www.helloasso.com\/associations\/les-ripossiens\/adhesions\/adultes-2025-2026-1\" target=\"_blank\">\n\t\t\t\t\t\t<span class=\"elementor-button-content-wrapper\">\n\t\t\t\t\t\t\t\t\t<span class=\"elementor-button-text\">Je m'inscris<\/span>\n\t\t\t\t\t<\/span>\n\t\t\t\t\t<\/a>\n\t\t\t\t<\/div>\n\t\t\t\t\t\t\t\t<\/div>\n\t\t\t\t<\/div>\n\t\t\t\t\t<\/div>\n\t\t<\/div>\n\t\t\t\t\t<\/div>\n\t\t<\/section>\n\t\t\t\t<\/div>\n\t\t","protected":false},"excerpt":{"rendered":"<p>Venez d\u00e9couvrir et apprendre les bases du ukul\u00e9l\u00e9 !Le ukul\u00e9l\u00e9, ce sont des accords pour accompagner des chansons que vous aimez, agr\u00e9ment\u00e9s de rythmiques de styles vari\u00e9s.Connaissance en musique non requise, bonne humeur exig\u00e9e ! Intervenante : Za\u00efna Hmida Horaires Cours Adultes d\u00e9butants : Samedi 11h45-12h45 Cours Adultes initi\u00e9s : Mardi 18h30-19h30 Cotisation annuelle S\u00e9ances &hellip; <a href=\"https:\/\/ripossiens.fr\/index.php\/activites\/ukulele-2\/\" class=\"more-link\">Continuer la lecture<span class=\"screen-reader-text\"> de &laquo;&nbsp;Ukul\u00e9l\u00e9&nbsp;&raquo;<\/span><\/a><\/p>\n","protected":false},"author":1,"featured_media":0,"parent":2088,"menu_order":0,"comment_status":"closed","ping_status":"closed","template":"","meta":{"footnotes":""},"class_list":["post-1695","page","type-page","status-publish","hentry"],"yoast_head":"<!-- This site is optimized with the Yoast SEO plugin v26.7 - https:\/\/yoast.com\/wordpress\/plugins\/seo\/ -->\n<title>Ukul\u00e9l\u00e9 - Les Ripossiens<\/title>\n<meta name=\"robots\" content=\"index, follow, max-snippet:-1, max-image-preview:large, max-video-preview:-1\" \/>\n<link rel=\"canonical\" href=\"https:\/\/ripossiens.fr\/index.php\/activites\/ukulele-2\/\" \/>\n<meta property=\"og:locale\" content=\"fr_FR\" \/>\n<meta property=\"og:type\" content=\"article\" \/>\n<meta property=\"og:title\" content=\"Ukul\u00e9l\u00e9 - Les Ripossiens\" \/>\n<meta property=\"og:description\" content=\"Venez d\u00e9couvrir et apprendre les bases du ukul\u00e9l\u00e9 !Le ukul\u00e9l\u00e9, ce sont des accords pour accompagner des chansons que vous aimez, agr\u00e9ment\u00e9s de rythmiques de styles vari\u00e9s.Connaissance en musique non requise, bonne humeur exig\u00e9e ! Intervenante : Za\u00efna Hmida Horaires Cours Adultes d\u00e9butants : Samedi 11h45-12h45 Cours Adultes initi\u00e9s : Mardi 18h30-19h30 Cotisation annuelle S\u00e9ances &hellip; Continuer la lecture de &laquo;&nbsp;Ukul\u00e9l\u00e9&nbsp;&raquo;\" \/>\n<meta property=\"og:url\" content=\"https:\/\/ripossiens.fr\/index.php\/activites\/ukulele-2\/\" \/>\n<meta property=\"og:site_name\" content=\"Les Ripossiens\" \/>\n<meta property=\"article:publisher\" content=\"https:\/\/www.facebook.com\/Ripossiens\/?locale=fr_FR\" \/>\n<meta property=\"article:modified_time\" content=\"2026-01-08T17:38:54+00:00\" \/>\n<meta property=\"og:image\" content=\"https:\/\/ripossiens.fr\/wp-content\/uploads\/2023\/06\/Ukulele.jpg\" \/>\n\t<meta property=\"og:image:width\" content=\"1000\" \/>\n\t<meta property=\"og:image:height\" content=\"501\" \/>\n\t<meta property=\"og:image:type\" content=\"image\/jpeg\" \/>\n<meta name=\"twitter:card\" content=\"summary_large_image\" \/>\n<meta name=\"twitter:label1\" content=\"Dur\u00e9e de lecture estim\u00e9e\" \/>\n\t<meta name=\"twitter:data1\" content=\"1 minute\" \/>\n<script type=\"application\/ld+json\" class=\"yoast-schema-graph\">{\"@context\":\"https:\/\/schema.org\",\"@graph\":[{\"@type\":\"WebPage\",\"@id\":\"https:\/\/ripossiens.fr\/index.php\/activites\/ukulele-2\/\",\"url\":\"https:\/\/ripossiens.fr\/index.php\/activites\/ukulele-2\/\",\"name\":\"Ukul\u00e9l\u00e9 - Les Ripossiens\",\"isPartOf\":{\"@id\":\"https:\/\/ripossiens.fr\/#website\"},\"primaryImageOfPage\":{\"@id\":\"https:\/\/ripossiens.fr\/index.php\/activites\/ukulele-2\/#primaryimage\"},\"image\":{\"@id\":\"https:\/\/ripossiens.fr\/index.php\/activites\/ukulele-2\/#primaryimage\"},\"thumbnailUrl\":\"https:\/\/ripossiens.fr\/wp-content\/uploads\/2023\/06\/Ukulele.jpg\",\"datePublished\":\"2021-06-22T13:23:45+00:00\",\"dateModified\":\"2026-01-08T17:38:54+00:00\",\"breadcrumb\":{\"@id\":\"https:\/\/ripossiens.fr\/index.php\/activites\/ukulele-2\/#breadcrumb\"},\"inLanguage\":\"fr-FR\",\"potentialAction\":[{\"@type\":\"ReadAction\",\"target\":[\"https:\/\/ripossiens.fr\/index.php\/activites\/ukulele-2\/\"]}]},{\"@type\":\"ImageObject\",\"inLanguage\":\"fr-FR\",\"@id\":\"https:\/\/ripossiens.fr\/index.php\/activites\/ukulele-2\/#primaryimage\",\"url\":\"https:\/\/ripossiens.fr\/wp-content\/uploads\/2023\/06\/Ukulele.jpg\",\"contentUrl\":\"https:\/\/ripossiens.fr\/wp-content\/uploads\/2023\/06\/Ukulele.jpg\",\"width\":1000,\"height\":501},{\"@type\":\"BreadcrumbList\",\"@id\":\"https:\/\/ripossiens.fr\/index.php\/activites\/ukulele-2\/#breadcrumb\",\"itemListElement\":[{\"@type\":\"ListItem\",\"position\":1,\"name\":\"Accueil\",\"item\":\"https:\/\/ripossiens.fr\/\"},{\"@type\":\"ListItem\",\"position\":2,\"name\":\"Activit\u00e9s 2025-2026\",\"item\":\"https:\/\/ripossiens.fr\/index.php\/activites\/\"},{\"@type\":\"ListItem\",\"position\":3,\"name\":\"Ukul\u00e9l\u00e9\"}]},{\"@type\":\"WebSite\",\"@id\":\"https:\/\/ripossiens.fr\/#website\",\"url\":\"https:\/\/ripossiens.fr\/\",\"name\":\"Les Ripossiens\",\"description\":\"Amicale la\u00efque - Nantes Sud\",\"publisher\":{\"@id\":\"https:\/\/ripossiens.fr\/#organization\"},\"potentialAction\":[{\"@type\":\"SearchAction\",\"target\":{\"@type\":\"EntryPoint\",\"urlTemplate\":\"https:\/\/ripossiens.fr\/?s={search_term_string}\"},\"query-input\":{\"@type\":\"PropertyValueSpecification\",\"valueRequired\":true,\"valueName\":\"search_term_string\"}}],\"inLanguage\":\"fr-FR\"},{\"@type\":\"Organization\",\"@id\":\"https:\/\/ripossiens.fr\/#organization\",\"name\":\"Amicale La\u00efque Les Ripossiens\",\"url\":\"https:\/\/ripossiens.fr\/\",\"logo\":{\"@type\":\"ImageObject\",\"inLanguage\":\"fr-FR\",\"@id\":\"https:\/\/ripossiens.fr\/#\/schema\/logo\/image\/\",\"url\":\"https:\/\/ripossiens.fr\/wp-content\/uploads\/2024\/05\/Logo-Amicale-HD.jpg\",\"contentUrl\":\"https:\/\/ripossiens.fr\/wp-content\/uploads\/2024\/05\/Logo-Amicale-HD.jpg\",\"width\":1000,\"height\":915,\"caption\":\"Amicale La\u00efque Les Ripossiens\"},\"image\":{\"@id\":\"https:\/\/ripossiens.fr\/#\/schema\/logo\/image\/\"},\"sameAs\":[\"https:\/\/www.facebook.com\/Ripossiens\/?locale=fr_FR\"]}]}<\/script>\n<!-- \/ Yoast SEO plugin. -->","yoast_head_json":{"title":"Ukul\u00e9l\u00e9 - Les Ripossiens","robots":{"index":"index","follow":"follow","max-snippet":"max-snippet:-1","max-image-preview":"max-image-preview:large","max-video-preview":"max-video-preview:-1"},"canonical":"https:\/\/ripossiens.fr\/index.php\/activites\/ukulele-2\/","og_locale":"fr_FR","og_type":"article","og_title":"Ukul\u00e9l\u00e9 - Les Ripossiens","og_description":"Venez d\u00e9couvrir et apprendre les bases du ukul\u00e9l\u00e9 !Le ukul\u00e9l\u00e9, ce sont des accords pour accompagner des chansons que vous aimez, agr\u00e9ment\u00e9s de rythmiques de styles vari\u00e9s.Connaissance en musique non requise, bonne humeur exig\u00e9e ! Intervenante : Za\u00efna Hmida Horaires Cours Adultes d\u00e9butants : Samedi 11h45-12h45 Cours Adultes initi\u00e9s : Mardi 18h30-19h30 Cotisation annuelle S\u00e9ances &hellip; Continuer la lecture de &laquo;&nbsp;Ukul\u00e9l\u00e9&nbsp;&raquo;","og_url":"https:\/\/ripossiens.fr\/index.php\/activites\/ukulele-2\/","og_site_name":"Les Ripossiens","article_publisher":"https:\/\/www.facebook.com\/Ripossiens\/?locale=fr_FR","article_modified_time":"2026-01-08T17:38:54+00:00","og_image":[{"width":1000,"height":501,"url":"https:\/\/ripossiens.fr\/wp-content\/uploads\/2023\/06\/Ukulele.jpg","type":"image\/jpeg"}],"twitter_card":"summary_large_image","twitter_misc":{"Dur\u00e9e de lecture estim\u00e9e":"1 minute"},"schema":{"@context":"https:\/\/schema.org","@graph":[{"@type":"WebPage","@id":"https:\/\/ripossiens.fr\/index.php\/activites\/ukulele-2\/","url":"https:\/\/ripossiens.fr\/index.php\/activites\/ukulele-2\/","name":"Ukul\u00e9l\u00e9 - Les Ripossiens","isPartOf":{"@id":"https:\/\/ripossiens.fr\/#website"},"primaryImageOfPage":{"@id":"https:\/\/ripossiens.fr\/index.php\/activites\/ukulele-2\/#primaryimage"},"image":{"@id":"https:\/\/ripossiens.fr\/index.php\/activites\/ukulele-2\/#primaryimage"},"thumbnailUrl":"https:\/\/ripossiens.fr\/wp-content\/uploads\/2023\/06\/Ukulele.jpg","datePublished":"2021-06-22T13:23:45+00:00","dateModified":"2026-01-08T17:38:54+00:00","breadcrumb":{"@id":"https:\/\/ripossiens.fr\/index.php\/activites\/ukulele-2\/#breadcrumb"},"inLanguage":"fr-FR","potentialAction":[{"@type":"ReadAction","target":["https:\/\/ripossiens.fr\/index.php\/activites\/ukulele-2\/"]}]},{"@type":"ImageObject","inLanguage":"fr-FR","@id":"https:\/\/ripossiens.fr\/index.php\/activites\/ukulele-2\/#primaryimage","url":"https:\/\/ripossiens.fr\/wp-content\/uploads\/2023\/06\/Ukulele.jpg","contentUrl":"https:\/\/ripossiens.fr\/wp-content\/uploads\/2023\/06\/Ukulele.jpg","width":1000,"height":501},{"@type":"BreadcrumbList","@id":"https:\/\/ripossiens.fr\/index.php\/activites\/ukulele-2\/#breadcrumb","itemListElement":[{"@type":"ListItem","position":1,"name":"Accueil","item":"https:\/\/ripossiens.fr\/"},{"@type":"ListItem","position":2,"name":"Activit\u00e9s 2025-2026","item":"https:\/\/ripossiens.fr\/index.php\/activites\/"},{"@type":"ListItem","position":3,"name":"Ukul\u00e9l\u00e9"}]},{"@type":"WebSite","@id":"https:\/\/ripossiens.fr\/#website","url":"https:\/\/ripossiens.fr\/","name":"Les Ripossiens","description":"Amicale la\u00efque - Nantes Sud","publisher":{"@id":"https:\/\/ripossiens.fr\/#organization"},"potentialAction":[{"@type":"SearchAction","target":{"@type":"EntryPoint","urlTemplate":"https:\/\/ripossiens.fr\/?s={search_term_string}"},"query-input":{"@type":"PropertyValueSpecification","valueRequired":true,"valueName":"search_term_string"}}],"inLanguage":"fr-FR"},{"@type":"Organization","@id":"https:\/\/ripossiens.fr\/#organization","name":"Amicale La\u00efque Les Ripossiens","url":"https:\/\/ripossiens.fr\/","logo":{"@type":"ImageObject","inLanguage":"fr-FR","@id":"https:\/\/ripossiens.fr\/#\/schema\/logo\/image\/","url":"https:\/\/ripossiens.fr\/wp-content\/uploads\/2024\/05\/Logo-Amicale-HD.jpg","contentUrl":"https:\/\/ripossiens.fr\/wp-content\/uploads\/2024\/05\/Logo-Amicale-HD.jpg","width":1000,"height":915,"caption":"Amicale La\u00efque Les Ripossiens"},"image":{"@id":"https:\/\/ripossiens.fr\/#\/schema\/logo\/image\/"},"sameAs":["https:\/\/www.facebook.com\/Ripossiens\/?locale=fr_FR"]}]}},"_links":{"self":[{"href":"https:\/\/ripossiens.fr\/index.php\/wp-json\/wp\/v2\/pages\/1695","targetHints":{"allow":["GET"]}}],"collection":[{"href":"https:\/\/ripossiens.fr\/index.php\/wp-json\/wp\/v2\/pages"}],"about":[{"href":"https:\/\/ripossiens.fr\/index.php\/wp-json\/wp\/v2\/types\/page"}],"author":[{"embeddable":true,"href":"https:\/\/ripossiens.fr\/index.php\/wp-json\/wp\/v2\/users\/1"}],"replies":[{"embeddable":true,"href":"https:\/\/ripossiens.fr\/index.php\/wp-json\/wp\/v2\/comments?post=1695"}],"version-history":[{"count":57,"href":"https:\/\/ripossiens.fr\/index.php\/wp-json\/wp\/v2\/pages\/1695\/revisions"}],"predecessor-version":[{"id":4469,"href":"https:\/\/ripossiens.fr\/index.php\/wp-json\/wp\/v2\/pages\/1695\/revisions\/4469"}],"up":[{"embeddable":true,"href":"https:\/\/ripossiens.fr\/index.php\/wp-json\/wp\/v2\/pages\/2088"}],"wp:attachment":[{"href":"https:\/\/ripossiens.fr\/index.php\/wp-json\/wp\/v2\/media?parent=1695"}],"curies":[{"name":"wp","href":"https:\/\/api.w.org\/{rel}","templated":true}]}}